{"id":59168,"date":"2018-08-03T06:25:24","date_gmt":"2018-08-03T06:25:24","guid":{"rendered":"https:\/\/fmed.eu\/product\/vitamin-b-12-metilkobalamin\/"},"modified":"2025-03-04T11:52:03","modified_gmt":"2025-03-04T11:52:03","slug":"vitamin-b-12-metilkobalamin","status":"publish","type":"product","link":"https:\/\/fmed.eu\/hr\/proizvod\/vitamin-b-12-metilkobalamin\/","title":{"rendered":"Metil B-12, Metilkobalamin 1000mcg"},"content":{"rendered":"<h2>Jarrow Formulas Methyl B12<\/h2>\n<p>Jarrow formulas metyl B12 je B-12 u potpuno aktivnom obliku. Dolaze u obliku pastila koje se apsorbiraju iz usta i tako zaobilaze sve potencijalne probleme s apsorpcijom crijeva. B12 tijelo ne mo\u017ee proizvesti, pa ga moramo dobiti prehranom, a \u010desto je potrebno zamijeniti ga dodatkom prehrani. U ovom je slu\u010daju va\u017eno odabrati pravi i kvalitetan oblik.<\/p>\n<p>Vitamin B12 se ne nalazi ni u jednoj biljnoj hrani, niti u algama, niti ga bakterije proizvode u tlu (oni proizvode analogne oblike B12 koje tijelo ne mo\u017ee koristiti).<\/p>\n<h3>Po \u010demu se vitamini B skupine razlikuju?<\/h3>\n<p>Nisu svi vitamini B proizvedeni podjednako. Ako zanemarimo sadr\u017eane koli\u010dine, vidjet \u0107emo da me\u0111u njima jo\u0161 uvijek postoje zna\u010dajne razlike. U slu\u010daju vitamina B12, koji se u ve\u0107ini dodataka nalazi u obliku cijanokobalamina (cijano-kobalamin), B12 (oz. Kobalamin) vezan je za nosa\u010d cijanida. Sje\u0107ate li se \u0161to je cijanid? Da-otrov. Drugi oblik B12 je hidroksikobalamin, koji je relativno nestabilan i u medicini se koristi kao protuotrov za trovanje cijanidom. Aktivni i stabilni oblik vitamina B12 je metil-kobalamin, gdje je B12 vezan za metilnu skupinu i mo\u017ee izravno sudjelovati u ciklusu metilacije (svi ostali oblici moraju se promijeniti prije nego \u0161to se mogu upotrijebiti).<\/p>\n<p>Stoga je va\u017eno koje vitamine B skupine \u0107ete odabrati.<\/p>\n<h3>Za koga je B12 pogodan?<\/h3>\n<p>Dodatak je pogodan za sve koji \u017eele kvalitetnu zamjenu ovog va\u017enog vitamina B. Posebno pogodno za vegane jer ne mogu dobiti B12 iz hrane i za one koji imaju pote\u0161ko\u0107a s apsorpcijom, jer na\u0161e pastile upijaju ve\u0107 u ustima.<\/p>\n<h2>Gdje poma\u017ee vitamin B-12?<\/h2>\n<p>B12 je vitamin topiv u vodi koji:<\/p>\n<ul>\n<li>doprinosi osloba\u0111anju energije u metabolizmu<\/li>\n<li>pridonosi funkcioniranju \u017eiv\u010danog sustava<\/li>\n<li>pridonosi metabolizmu homocisteina (kardiovaskularne bolesti)<\/li>\n<li>pridonosi normalnoj psiholo\u0161koj aktivnosti (depresija, anksioznost itd.)<\/li>\n<li>poma\u017ee u stvaranju crvenih krvnih stanica (anemija)<\/li>\n<li>Ima ulogu u funkcioniranju imunolo\u0161kog sustava<\/li>\n<li>Doprinosi smanjenju umora i iscrpljenosti<\/li>\n<li>Ima ulogu u diobi stanica<\/li>\n<\/ul>\n","protected":false},"excerpt":{"rendered":"<p>Doprinosi smanjenju umora i iscrpljenosti Igra ulogu u diobi stanica Pogodno za vegane i vegetarijance.<\/p>\n","protected":false},"featured_media":54788,"comment_status":"open","ping_status":"closed","template":"","meta":[],"etheme_brands":[{"term_id":4720,"name":"Jarrow Formulas","slug":"jarrow-formulas-hr","term_group":0,"term_taxonomy_id":4720,"taxonomy":"brand","description":"Jarrow Formulas (tvrtka sa sjedi\u0161tem u Los Angelesu) dizajner je i dobavlja\u010d vrhunskih dodataka prehrani. Tvrtka je osnovana 1977. Cjelokupna linija Jarrow Formulas uklju\u010duje vitamine, minerale, probiotike, standardizirane biljne koncentrate, aminokiseline i enzime.\r\nTvrtka tako\u0111er financira istra\u017eiva\u010dke studije o va\u017enosti prehrambenih proizvoda poput CoQ10. Cilj tvrtke je promicanje optimalnog zdravlja prehrambenim dodacima visoke kvalitete, u\u010dinkovitosti, dostupnosti i u vrhunskim oblicima.","parent":0,"count":27,"filter":"raw"}],"product_brand":[],"product_cat":[3837,3830,3831,3832,5417,3829],"product_tag":[6387,6257,6391,6276,6390,6365],"class_list":{"0":"post-59168","1":"product","2":"type-product","3":"status-publish","4":"has-post-thumbnail","6":"brand-jarrow-formulas-hr","7":"product_cat-energija-i-motivacija","8":"product_cat-imunoloski-sustav","9":"product_cat-pamcenje-i-zdravlje-mozga","10":"product_cat-podrska-za-srce-i-krvne-zile","11":"product_cat-slabokrvnost-anemija-hr","12":"product_cat-vitamini-i-minerali","13":"product_tag-detoksikacija-hr","14":"product_tag-energija-hr","15":"product_tag-homocistein-hr","16":"product_tag-imunoloski-sustav-hr","17":"product_tag-mozak-hr","18":"product_tag-zivcani-sustav-hr","20":"first","21":"instock","22":"taxable","23":"shipping-taxable","24":"purchasable","25":"product-type-simple"},"_links":{"self":[{"href":"https:\/\/fmed.eu\/hr\/wp-json\/wp\/v2\/product\/59168","targetHints":{"allow":["GET"]}}],"collection":[{"href":"https:\/\/fmed.eu\/hr\/wp-json\/wp\/v2\/product"}],"about":[{"href":"https:\/\/fmed.eu\/hr\/wp-json\/wp\/v2\/types\/product"}],"replies":[{"embeddable":true,"href":"https:\/\/fmed.eu\/hr\/wp-json\/wp\/v2\/comments?post=59168"}],"version-history":[{"count":0,"href":"https:\/\/fmed.eu\/hr\/wp-json\/wp\/v2\/product\/59168\/revisions"}],"wp:featuredmedia":[{"embeddable":true,"href":"https:\/\/fmed.eu\/hr\/wp-json\/wp\/v2\/media\/54788"}],"wp:attachment":[{"href":"https:\/\/fmed.eu\/hr\/wp-json\/wp\/v2\/media?parent=59168"}],"wp:term":[{"taxonomy":"brand","embeddable":true,"href":"https:\/\/fmed.eu\/hr\/wp-json\/wp\/v2\/etheme_brands?post=59168"},{"taxonomy":"product_brand","embeddable":true,"href":"https:\/\/fmed.eu\/hr\/wp-json\/wp\/v2\/product_brand?post=59168"},{"taxonomy":"product_cat","embeddable":true,"href":"https:\/\/fmed.eu\/hr\/wp-json\/wp\/v2\/product_cat?post=59168"},{"taxonomy":"product_tag","embeddable":true,"href":"https:\/\/fmed.eu\/hr\/wp-json\/wp\/v2\/product_tag?post=59168"}],"curies":[{"name":"wp","href":"https:\/\/api.w.org\/{rel}","templated":true}]}}