{"id":59170,"date":"2018-08-03T06:25:28","date_gmt":"2018-08-03T04:25:28","guid":{"rendered":"https:\/\/fmed.eu\/product\/kurkumin-fitozom\/"},"modified":"2025-03-04T11:52:04","modified_gmt":"2025-03-04T11:52:04","slug":"kurkumin-fitozom","status":"publish","type":"product","link":"https:\/\/fmed.eu\/hr\/proizvod\/kurkumin-fitozom\/","title":{"rendered":"Curcumin (Curcumin Phytosome)"},"content":{"rendered":"<h3>Jarrow formulas curcumin<\/h3>\n<p>Kurkumin fitozom je poseban, patentirani oblik kurkumina (ekstrakt kurkume) s pobolj\u0161anom apsorpcijom i bioraspolo\u017eivo\u0161\u0107u.<\/p>\n<h3>Za\u0161to bih koristio kurkumin?<\/h3>\n<p>Kurkumin je izvrsna prirodna tvar za smanjenje upala. Upala je \u010desta pojava u modernom svijetu i uzrokuje mno\u0161tvo modernih bolesti. Na primjer, artritis i bolove u zglobovima uzrokuju upale, kao i dijabetes, prerano starenje, lo\u0161 imunolo\u0161ki sustav i nefleksibilna ko\u017ea. Kurkumin je nesumnjivo jedan od najkorisnijih i naju\u010dinkovitijih dodataka prehrani na tr\u017ei\u0161tu uop\u0107e. U ovom \u010dlanku saznajte vi\u0161e o <a href=\"https:\/\/lyfebotanicals.com\/health\/turmeric-benefits\/\" target=\"_blank\" rel=\"noopener noreferrer\">pozitivnim u\u010dincima kurkumina<\/a>.<\/p>\n<h3>Meriva<\/h3>\n<p>Meriva je posebna tehnologija fitosoma koja se temelji na bio-mimmeti\u010dkom konceptu.<\/p>\n<p>Njegova sigurnost i u\u010dinkovitost ve\u0107 su utvr\u0111eni u preko 30 studija s preko 2000 sudionika, \u0161to ga svrstava me\u0111u najistra\u017eenije prehrambene dodatke uop\u0107e.<\/p>\n<p>Najve\u0107i problem kurkumina je u tome \u0161to se vrlo slabo apsorbira, pa je kurkumin fitosom dizajniran da ovaj problem rije\u0161i posebnom, fitosomskom metodom apsorpcije i isporuke u stanice. Vezivanjem kurkumina za fosfolipid fosfatidilkolin pobolj\u0161ava se njegova apsorpcija (liposomski oblik), jer omogu\u0107uje apsorpciju kurkumina kroz limfni sustav (poput masti), a ne kroz portalni sustav. Na taj je na\u010din apsorpcija lak\u0161a, jer je to jednostavna pasivna difuzija u limfu i ne zahtijeva aktivni transportni mehanizam te ne mora pro\u0107i kroz prvi metabolizam jetre. Na taj se na\u010din uvelike pove\u0107ava apsorpcija i dostava u stanice.<\/p>\n<p>Uz to, Meriva sadr\u017ei sva tri kurkuminoida iz kurkume:<\/p>\n<ul>\n<li>Kurkumin<\/li>\n<li>Demetoxicurcumin<\/li>\n<li>Bisdemetoxicurcumin<\/li>\n<\/ul>\n<h3>Kurkuminoidi u kurkumi<\/h3>\n<p>\u010cesto se postavlja pitanje za\u0161to umjesto kapsula ne upotrijebiti malo vi\u0161e kurkume. U prakti\u010dnom smislu, ovo je vrlo te\u0161ko provesti.<\/p>\n<p>U\u010dinkovita doza je 1g kurkuminoida dnevno.<\/p>\n<p>1 gomila \u017elica kurkume u prahu sadr\u017ei 200 mg kurkuminoida, \u0161to zna\u010di da biste svaki dan morali konzumirati najmanje 5 \u017elica kurkume za u\u010dinkovitu dozu. I to, zanemaruju\u0107i \u010dinjenicu da je apsorpcija kurkuminoidova iz prirodne kurkume vrlo lo\u0161a.<\/p>\n","protected":false},"excerpt":{"rendered":"<p>Fitozom kurkumina je liposomski oblik kurkumina s boljom apsorpcijom i velikim protuupalnim u\u010dinkom.<\/p>\n","protected":false},"featured_media":54890,"comment_status":"open","ping_status":"closed","template":"","meta":[],"etheme_brands":[{"term_id":4713,"name":"Healthy Origins","slug":"healthy-origins-hr","term_group":0,"term_taxonomy_id":4713,"taxonomy":"brand","description":"Healthy Origins je ameri\u010dka tvrtka osnovana 1996. Mnogi njihovi proizvodi sadr\u017ee patentirane sastojke najboljih proizvo\u0111a\u010da. Tvrtka tvrdi da se u deklaracijama uvijek navode svi sastojci koji se nalaze ili koji \u010dine pojedine proizvode.","parent":0,"count":15,"filter":"raw"}],"product_brand":[],"product_cat":[5419,3843,3830,3838,3831,3832,3842,3835,3839],"product_tag":[],"class_list":{"0":"post-59170","1":"product","2":"type-product","3":"status-publish","4":"has-post-thumbnail","6":"brand-healthy-origins-hr","7":"product_cat-antioksidanti-hr","8":"product_cat-bilje-ekstrakti-i-tinkture","9":"product_cat-imunoloski-sustav","10":"product_cat-kontrola-stresa","11":"product_cat-pamcenje-i-zdravlje-mozga","12":"product_cat-podrska-za-srce-i-krvne-zile","13":"product_cat-regulacija-secera-u-krvi","14":"product_cat-upala-autoimune-bolesti","15":"product_cat-upala-kosti-i-zglobovi","17":"first","18":"outofstock","19":"taxable","20":"shipping-taxable","21":"purchasable","22":"product-type-simple"},"_links":{"self":[{"href":"https:\/\/fmed.eu\/hr\/wp-json\/wp\/v2\/product\/59170","targetHints":{"allow":["GET"]}}],"collection":[{"href":"https:\/\/fmed.eu\/hr\/wp-json\/wp\/v2\/product"}],"about":[{"href":"https:\/\/fmed.eu\/hr\/wp-json\/wp\/v2\/types\/product"}],"replies":[{"embeddable":true,"href":"https:\/\/fmed.eu\/hr\/wp-json\/wp\/v2\/comments?post=59170"}],"version-history":[{"count":0,"href":"https:\/\/fmed.eu\/hr\/wp-json\/wp\/v2\/product\/59170\/revisions"}],"wp:featuredmedia":[{"embeddable":true,"href":"https:\/\/fmed.eu\/hr\/wp-json\/wp\/v2\/media\/54890"}],"wp:attachment":[{"href":"https:\/\/fmed.eu\/hr\/wp-json\/wp\/v2\/media?parent=59170"}],"wp:term":[{"taxonomy":"brand","embeddable":true,"href":"https:\/\/fmed.eu\/hr\/wp-json\/wp\/v2\/etheme_brands?post=59170"},{"taxonomy":"product_brand","embeddable":true,"href":"https:\/\/fmed.eu\/hr\/wp-json\/wp\/v2\/product_brand?post=59170"},{"taxonomy":"product_cat","embeddable":true,"href":"https:\/\/fmed.eu\/hr\/wp-json\/wp\/v2\/product_cat?post=59170"},{"taxonomy":"product_tag","embeddable":true,"href":"https:\/\/fmed.eu\/hr\/wp-json\/wp\/v2\/product_tag?post=59170"}],"curies":[{"name":"wp","href":"https:\/\/api.w.org\/{rel}","templated":true}]}}