{"id":59178,"date":"2018-08-03T06:25:29","date_gmt":"2018-08-03T06:25:29","guid":{"rendered":"https:\/\/fmed.eu\/product\/probiotici-bifidobakterije-ter-biotski-faktor-4\/"},"modified":"2025-03-04T11:52:04","modified_gmt":"2025-03-04T11:52:04","slug":"probiotici-bifidobakterije-ter-biotski-faktor-4","status":"publish","type":"product","link":"https:\/\/fmed.eu\/hr\/proizvod\/probiotici-bifidobakterije-ter-biotski-faktor-4\/","title":{"rendered":"Ther-Biotic Factor 4 (bifidobacteria)"},"content":{"rendered":"<h2>Klaire Labs Probiotics Ther-Biotic Factor 4<\/h2>\n<p>Probavni sustav izuzetno je va\u017ean za zdravlje zdravlja &#8211; to je sustav organa koji prihva\u0107a hranu, probavlja je i dobiva energiju i hranjive sastojke koji su potrebni tijelu za \u017eivot i \u017eivljenje. Velik dio probave tako\u0111er \u010dine bakterije koje tamo \u017eive i zovu se probiotici. U ljudskim crijevima \u017eive stotine tisu\u0107a milijardi mikroorganizama koji \u010dine crijevnu mikrofloru.<\/p>\n<p>Probiotici uvelike ovise o okolini u kojoj \u017eive i od hrane koju jedemo. Prera\u0111ena hrana koja sadr\u017ei samo malo vlakana mo\u017ee oslabiti raznolikost i ukupnu koli\u010dinu probioti\u010dkih bakterija u crijevima.<\/p>\n<h2>Lactobacillii vs. Bifidobacteria<\/h2>\n<p>Primarni, probioti\u010dki dodaci sastoje se od dvije velike vrste bakterija:<\/p>\n<ul>\n<li>Lactobacillus i<\/li>\n<li>Bifidobakterije.<\/li>\n<\/ul>\n<p>Iako na\u0161a crijevna flora predstavlja najmanje 5 velikih vrsta bakterija (uklju\u010duju\u0107i Bacteriodes fragilis, Escherichia coli i Enterococci), Lactobacilii i bifidobacteria podlo\u017eni su ve\u0107ini promjena i nedostataka. Stoga ih \u010dine najmoderniji probioti\u010dki pripravci.<\/p>\n<p>Me\u0111utim, postoje situacije u kojima je potrebno zamijeniti samo jedno ili drugo. Svaki soj i svaka vrsta imaju svoje specifi\u010dne funkcije i karakteristike stoga je na tr\u017ei\u0161tu trenutno toliko zbrke.<\/p>\n<p>Ako vam nedostaju samo bifidobakterije, upotreba klasi\u010dnog probiotika mo\u017ee za vas pokrenuti dodatne simptome. Stoga, prilikom uzimanja probiotika mo\u017eete imati nuspojave jer jednostavno niste uzeli pravi tip.<\/p>\n<h3>Kako odabrati ispravne probiotike za sebe?<\/h3>\n<p>Na to pitanje nema lakog odgovora. Bilo bi najbolje kada biste mogli napraviti test koji \u0107e pokazati koliko bakterija imate u crijevima, a zatim nadomjestiti one koje vam nedostaju.<\/p>\n<p>Druga je opcija orijentacija prema simptomima koje imate, a tre\u0107a je jednostavno &#8220;Poku\u0161aj i pogre\u0161ka&#8221;. Poku\u0161avate dok ne prona\u0111ete ne\u0161to \u0161to vam odgovara (ne najbolja, ali ponekad i jedina opcija).<\/p>\n<p>Ther Biotic Factor 4 nudi vam 10 milijardi \u017eivih bakterija, \u010detiri \u010dista soja bifidobakterija, koje \u0107ete na\u0107i u rijetkim dodacima probiotika.<\/p>\n<h2>Samo certificirani i dobro istra\u017eeni sojevi<\/h2>\n<p>THER-BIOTIC FACTOR 4 sadr\u017ei 4 certificirana i dobro istra\u017eena soja probiotika, \u010distih bifidobakterija. Kompletne kapsule Ther biotic idealne su za \u0161irok krug korisnika &#8211; ovaj dodatak prehrani mogu koristiti (osim odraslih) \u010dak i dojen\u010dad, djeca, trudnice i majke dojilje.<\/p>\n<p>Bioti\u010dki komplet sadr\u017ei \u010dak 10 milijardi \u017eivih organizama (izmjereno na datum isteka upotrebe), dok su stvarna mjerenja u prosjeku pokazala \u010dak 18 milijardi \u017eivih organizama.<\/p>\n<h3>Skladi\u0161tenje i dostava su va\u017eni<\/h3>\n<p>Svjesni smo da je adekvatno skladi\u0161tenje i transport presudno za u\u010dinkovitost probiotika, pa se probiotici uvijek \u010duvaju u hladnjaku, a pri uvozu organiziramo i rashla\u0111eni transport.<\/p>\n<p>&nbsp;<\/p>\n","protected":false},"excerpt":{"rendered":"<p>Probiotici s 10 milijardi CFU, \u010detiri soja \u010distog bifidobakterija.<\/p>\n","protected":false},"featured_media":64554,"comment_status":"open","ping_status":"closed","template":"","meta":[],"etheme_brands":[{"term_id":4709,"name":"Klaire Labs","slug":"klaire-labs-hr","term_group":0,"term_taxonomy_id":4709,"taxonomy":"brand","description":"Klaire Labs vode\u0107a je tvrtka na polju probiotika i enzima. Dakle, svojim se proizvodima uglavnom usredoto\u010duje na podru\u010dje crijevnih problema. Osnovana je 1969. godine s ciljem pru\u017eanja proizvoda ljudima koji imaju problema s alergijama na hranu i osjetljivi su na \u010dimbenike okoli\u0161a. Tvrtku ili marku ProThera je kupila 2004. godine.","parent":0,"count":6,"filter":"raw"}],"product_brand":[],"product_cat":[3827,3830,3834,3844],"product_tag":[],"class_list":{"0":"post-59178","1":"product","2":"type-product","3":"status-publish","4":"has-post-thumbnail","6":"brand-klaire-labs-hr","7":"product_cat-detoksikacija-i-jetra","8":"product_cat-imunoloski-sustav","9":"product_cat-probava-zeludac-crijeva","10":"product_cat-probiotici-i-prebiotici","12":"first","13":"instock","14":"taxable","15":"shipping-taxable","16":"purchasable","17":"product-type-simple"},"_links":{"self":[{"href":"https:\/\/fmed.eu\/hr\/wp-json\/wp\/v2\/product\/59178","targetHints":{"allow":["GET"]}}],"collection":[{"href":"https:\/\/fmed.eu\/hr\/wp-json\/wp\/v2\/product"}],"about":[{"href":"https:\/\/fmed.eu\/hr\/wp-json\/wp\/v2\/types\/product"}],"replies":[{"embeddable":true,"href":"https:\/\/fmed.eu\/hr\/wp-json\/wp\/v2\/comments?post=59178"}],"version-history":[{"count":0,"href":"https:\/\/fmed.eu\/hr\/wp-json\/wp\/v2\/product\/59178\/revisions"}],"wp:featuredmedia":[{"embeddable":true,"href":"https:\/\/fmed.eu\/hr\/wp-json\/wp\/v2\/media\/64554"}],"wp:attachment":[{"href":"https:\/\/fmed.eu\/hr\/wp-json\/wp\/v2\/media?parent=59178"}],"wp:term":[{"taxonomy":"brand","embeddable":true,"href":"https:\/\/fmed.eu\/hr\/wp-json\/wp\/v2\/etheme_brands?post=59178"},{"taxonomy":"product_brand","embeddable":true,"href":"https:\/\/fmed.eu\/hr\/wp-json\/wp\/v2\/product_brand?post=59178"},{"taxonomy":"product_cat","embeddable":true,"href":"https:\/\/fmed.eu\/hr\/wp-json\/wp\/v2\/product_cat?post=59178"},{"taxonomy":"product_tag","embeddable":true,"href":"https:\/\/fmed.eu\/hr\/wp-json\/wp\/v2\/product_tag?post=59178"}],"curies":[{"name":"wp","href":"https:\/\/api.w.org\/{rel}","templated":true}]}}