{"id":59182,"date":"2018-08-03T06:25:31","date_gmt":"2018-08-03T04:25:31","guid":{"rendered":"https:\/\/fmed.eu\/product\/natures-way-aktivni-ugljen-aktivirani-ugljen\/"},"modified":"2025-05-27T11:34:35","modified_gmt":"2025-05-27T09:34:35","slug":"natures-way-aktivni-ugljen-aktivirani-ugljen","status":"publish","type":"product","link":"https:\/\/fmed.eu\/hr\/proizvod\/natures-way-aktivni-ugljen-aktivirani-ugljen\/","title":{"rendered":"Aktivni ugljen"},"content":{"rendered":"<h2>Aktivni ugljen Nature&#8217;s Way<\/h2>\n<p>Aktivni ugljen ili aktivni ugljen koriste se u zdravstvenoj za\u0161titi za klasi\u010dno trovanje hranom. Da bi bio u\u010dinkovit, mora se unijeti brzo nakon trovanja, najkasnije u roku od 1 sata. Ne djeluje u slu\u010daju trovanja cijanidom, nagrizaju\u0107im tvarima, \u017eeljezom, litijem ili alkoholom.<\/p>\n<p>Kao dodatak prehrani, aktivni ugljen ne smije se koristiti protiv trovanja (za posjet lije\u010dniku), ali se mo\u017ee koristiti za smanjenje nadimanja i nadutosti nakon jela, jer ve\u017ee toksine i plinove stvorene u bakterijama u crijevima kada fermentiraju hranu nakon konzumiranja. Da bi djelovao, potrebno je unositi najmanje 1g aktivnog ugljena 30 minuta prije obroka i 1g neposredno nakon obroka.<\/p>\n<p>Ugljen se koristio u probavne svrhe od davnina, <a href=\"https:\/\/en.wikipedia.org\/wiki\/World_Health_Organization%27s_List_of_Essential_Medicines\">Svjetska zdravstvena organizacija \u010dak ga je svrstala na popis naju\u010dinkovitijih i najsigurnijih lijekova u zdravstvenom sustavu<\/a>.<\/p>\n<p>Aktivni ugljen siguran je \u010dak i za djecu i trudnice. Tijekom uzimanja pazite da ga ne udi\u0161ete u plu\u0107a, pa nikada ne otvarajte kapsule. Dok uzimate ugljen, crna stolica je sasvim normalna.<\/p>\n<p>Ne preporu\u010duje se dugotrajna konzumacija aktivnog ugljena s obrocima jer mo\u017ee oslabiti apsorpciju hranjivih sastojaka iz hrane, uzrokuju\u0107i tako manjak vitamina i minerala u tijelu.<\/p>\n","protected":false},"excerpt":{"rendered":"<p>Poma\u017ee kod trovanja hranom i vjetrova nakon jela.<\/p>\n","protected":false},"featured_media":54982,"comment_status":"open","ping_status":"closed","template":"","meta":[],"etheme_brands":[{"term_id":4721,"name":"Nature's Way","slug":"natures-way-hr","term_group":0,"term_taxonomy_id":4721,"taxonomy":"brand","description":"Tvrtka je osnovana na ideju Toma Murdocka 1968. godine. Gospodin je tra\u017eio na\u010din da pobolj\u0161a zdravlje svoje supruge. Kad ga je konvencionalna medicina iznevjerila, pribjegao je tradicionalnom lije\u010denju Indijanaca. Njihovo lije\u010denje temelji se na ljekovitoj mo\u0107i biljaka. To je stvorilo tvrtku koja danas nastoji prona\u0107i idealan put izme\u0111u prirode i moderne znanosti.","parent":0,"count":5,"filter":"raw"}],"product_brand":[],"product_cat":[3827,3834],"product_tag":[6387,6393],"class_list":{"0":"post-59182","1":"product","2":"type-product","3":"status-publish","4":"has-post-thumbnail","6":"brand-natures-way-hr","7":"product_cat-detoksikacija-i-jetra","8":"product_cat-probava-zeludac-crijeva","9":"product_tag-detoksikacija-hr","10":"product_tag-kolesterol-hr","12":"first","13":"instock","14":"taxable","15":"shipping-taxable","16":"purchasable","17":"product-type-simple"},"_links":{"self":[{"href":"https:\/\/fmed.eu\/hr\/wp-json\/wp\/v2\/product\/59182","targetHints":{"allow":["GET"]}}],"collection":[{"href":"https:\/\/fmed.eu\/hr\/wp-json\/wp\/v2\/product"}],"about":[{"href":"https:\/\/fmed.eu\/hr\/wp-json\/wp\/v2\/types\/product"}],"replies":[{"embeddable":true,"href":"https:\/\/fmed.eu\/hr\/wp-json\/wp\/v2\/comments?post=59182"}],"version-history":[{"count":0,"href":"https:\/\/fmed.eu\/hr\/wp-json\/wp\/v2\/product\/59182\/revisions"}],"wp:featuredmedia":[{"embeddable":true,"href":"https:\/\/fmed.eu\/hr\/wp-json\/wp\/v2\/media\/54982"}],"wp:attachment":[{"href":"https:\/\/fmed.eu\/hr\/wp-json\/wp\/v2\/media?parent=59182"}],"wp:term":[{"taxonomy":"brand","embeddable":true,"href":"https:\/\/fmed.eu\/hr\/wp-json\/wp\/v2\/etheme_brands?post=59182"},{"taxonomy":"product_brand","embeddable":true,"href":"https:\/\/fmed.eu\/hr\/wp-json\/wp\/v2\/product_brand?post=59182"},{"taxonomy":"product_cat","embeddable":true,"href":"https:\/\/fmed.eu\/hr\/wp-json\/wp\/v2\/product_cat?post=59182"},{"taxonomy":"product_tag","embeddable":true,"href":"https:\/\/fmed.eu\/hr\/wp-json\/wp\/v2\/product_tag?post=59182"}],"curies":[{"name":"wp","href":"https:\/\/api.w.org\/{rel}","templated":true}]}}