{"id":59184,"date":"2018-08-03T04:25:31","date_gmt":"2018-08-03T04:25:31","guid":{"rendered":"https:\/\/fmed.eu\/product\/dim-detoksikacija-estrogen\/"},"modified":"2025-06-14T12:07:48","modified_gmt":"2025-06-14T10:07:48","slug":"dim-detoksikacija-estrogen","status":"publish","type":"product","link":"https:\/\/fmed.eu\/hr\/proizvod\/dim-detoksikacija-estrogen\/","title":{"rendered":"DIM-Plus, formula metabolizma estrogena"},"content":{"rendered":"<h2>Nature&#8217;s Way DIM Plus, formula metabolizma estrogena (formula za detoksikaciju estrogena)<\/h2>\n<p>DIM ili Diindoilmetane prirodna je molekula koja se naj\u010de\u0161\u0107e nalazi u brokuli. Sastavni je dio indol-3-karbinola (I3C), koji su aktivni sastojci u povr\u0107u roda Brassica, poput brokule, cvjeta\u010de, kupusa, klice, prokulice itd. Brokula i prokulice su svoju ljekovitu reputaciju stekli uglavnom zbog DIM sadr\u017eaja.<\/p>\n<p>Nature\u2019s Way DIM Plus sadr\u017ei patentirani i za\u0161ti\u0107eni ekstrakt za pobolj\u0161anu apsorpciju i bioraspolo\u017eivost.<\/p>\n","protected":false},"excerpt":{"rendered":"<p>Koncentrirani ekstrakt sastojaka koji brokulu svrstava u najzdraviju hranu.<\/p>\n","protected":false},"featured_media":64665,"comment_status":"open","ping_status":"closed","template":"","meta":[],"etheme_brands":[{"term_id":4721,"name":"Nature's Way","slug":"natures-way-hr","term_group":0,"term_taxonomy_id":4721,"taxonomy":"brand","description":"Tvrtka je osnovana na ideju Toma Murdocka 1968. godine. Gospodin je tra\u017eio na\u010din da pobolj\u0161a zdravlje svoje supruge. Kad ga je konvencionalna medicina iznevjerila, pribjegao je tradicionalnom lije\u010denju Indijanaca. Njihovo lije\u010denje temelji se na ljekovitoj mo\u0107i biljaka. To je stvorilo tvrtku koja danas nastoji prona\u0107i idealan put izme\u0111u prirode i moderne znanosti.","parent":0,"count":5,"filter":"raw"}],"product_brand":[],"product_cat":[5420,5419,3843,3827],"product_tag":[],"class_list":{"0":"post-59184","1":"product","2":"type-product","3":"status-publish","4":"has-post-thumbnail","6":"brand-natures-way-hr","7":"product_cat-akcija-hr","8":"product_cat-antioksidanti-hr","9":"product_cat-bilje-ekstrakti-i-tinkture","10":"product_cat-detoksikacija-i-jetra","12":"first","13":"outofstock","14":"taxable","15":"shipping-taxable","16":"purchasable","17":"product-type-simple"},"_links":{"self":[{"href":"https:\/\/fmed.eu\/hr\/wp-json\/wp\/v2\/product\/59184","targetHints":{"allow":["GET"]}}],"collection":[{"href":"https:\/\/fmed.eu\/hr\/wp-json\/wp\/v2\/product"}],"about":[{"href":"https:\/\/fmed.eu\/hr\/wp-json\/wp\/v2\/types\/product"}],"replies":[{"embeddable":true,"href":"https:\/\/fmed.eu\/hr\/wp-json\/wp\/v2\/comments?post=59184"}],"version-history":[{"count":0,"href":"https:\/\/fmed.eu\/hr\/wp-json\/wp\/v2\/product\/59184\/revisions"}],"wp:featuredmedia":[{"embeddable":true,"href":"https:\/\/fmed.eu\/hr\/wp-json\/wp\/v2\/media\/64665"}],"wp:attachment":[{"href":"https:\/\/fmed.eu\/hr\/wp-json\/wp\/v2\/media?parent=59184"}],"wp:term":[{"taxonomy":"brand","embeddable":true,"href":"https:\/\/fmed.eu\/hr\/wp-json\/wp\/v2\/etheme_brands?post=59184"},{"taxonomy":"product_brand","embeddable":true,"href":"https:\/\/fmed.eu\/hr\/wp-json\/wp\/v2\/product_brand?post=59184"},{"taxonomy":"product_cat","embeddable":true,"href":"https:\/\/fmed.eu\/hr\/wp-json\/wp\/v2\/product_cat?post=59184"},{"taxonomy":"product_tag","embeddable":true,"href":"https:\/\/fmed.eu\/hr\/wp-json\/wp\/v2\/product_tag?post=59184"}],"curies":[{"name":"wp","href":"https:\/\/api.w.org\/{rel}","templated":true}]}}