{"id":59200,"date":"2018-08-03T04:25:39","date_gmt":"2018-08-03T02:25:39","guid":{"rendered":"https:\/\/fmed.eu\/product\/coq10-q-absorb-kaneka-3\/"},"modified":"2025-03-04T11:52:06","modified_gmt":"2025-03-04T11:52:06","slug":"coq10-q-absorb-kaneka-3","status":"publish","type":"product","link":"https:\/\/fmed.eu\/hr\/proizvod\/coq10-q-absorb-kaneka-3\/","title":{"rendered":"Ubikinol Q10, HQ-apsorbira (smanjeni Q-10)"},"content":{"rendered":"<h2>Jarrow Formulas Ubiquiol (reducirani koenzim Q10)<\/h2>\n<p><img fetchpriority=\"high\" decoding=\"async\" class=\"size-medium wp-image-14284 alignright\" src=\"https:\/\/fmed.eu\/wp-content\/uploads\/2025\/01\/ubiquinol-3-300x281-1.png\" alt=\"Ubiquinol Q10, najbolji Q-10\" width=\"300\" height=\"281\" \/>Jarrow Formulas HQ Absorb\u00ae je poseban (smanjeni) oblik Q-10. Smanjeni oblik lak\u0161e se apsorbira i stoga s HQ-apsorbiranjem mo\u017eete posti\u0107i vi\u0161e razine u krvi nego s bilo kojim standardnim dodatkom Q-10. Proizvod je proizveden patentiranim proliposomskim sustavom unosa koenzima Q10 u stanice<\/p>\n<p>Problem dodataka prehrani s koenzimom Q10 je u njegovoj apsorpciji i isporuci u stanicama, jer se apsorbira u vrlo malim koli\u010dinama (obi\u010dno ispod 5%). Pobolj\u0161ani oblici apsorpcije i isporuke, kao \u0161to je Kaneka (Q absorb), klju\u010dni su za u\u010dinkovitost oralnog Q10. Q-Absorb se apsorbira 3 do 4 puta bolje od ostalih formula koenzima Q10. HQ Abosorb iz Q10, me\u0111utim, dodatno je smanjen, \u0161to ga \u010dini uglavnom stabilnim, tako da ne\u0107e dobiti uni\u0161tene sastojke u probavi. Stoga se pobolj\u0161ava dostava do stanica, ali i u\u010dinkovitost.<\/p>\n<p>HQ-Absorb smje\u0161ten je u malim, glatkim mekanim gelovima na bazi masline, \u0161to olak\u0161ava gutanje i pobolj\u0161ava apsorpciju.<\/p>\n<p>Uz pobolj\u0161anu apsorpciju, potrebna vam je manja dnevna doza, ve\u0107 je jedna kapsula dovoljna za povi\u0161enje vrijednosti krvi iznad 215% od po\u010detne vrijednosti, a 3 kapsule pove\u0107avaju je na 777% u krvi.<\/p>\n<p><strong>Jarrow Formulas Ubiquiol QH-Absorb vjerojatno je najbolji oblik koenzima Q-10 koji trenutno mo\u017eete dobiti na tr\u017ei\u0161tu.<\/strong><\/p>\n<h3>\u0160to je Q10<\/h3>\n<p>Q10 koji se naziva i Ubiqinone antioksidans je u ljudskom tijelu. Najve\u0107u potrebu za CoQ10 imaju srce, jetra i bubrezi.<\/p>\n<p>Tijelo mo\u017ee stvoriti samo, a glavna mu je du\u017enost prikupljanje slobodnih radikala koji nastaju u proizvodnji energije u respiratornom lancu (lanac transporta elektrona). Di\u0161ni lanac u ljudskom tijelu generira oko 95% energije.<\/p>\n<p>Tijelo proizvodi Q10 putem enzima HMG-CoA reduktaze. To je enzim koji inhibiraju statini (lijekovi protiv kolesterola) jer tako\u0111er proizvodi kolesterol. Statini mogu smanjiti koli\u010dinu Q10 u tijelu i do 40%. Sli\u010dne u\u010dinke imaju i beta blokatori i drugi lijekovi protiv tlaka.<\/p>\n<h3>Interakcije Q10<\/h3>\n<p>Budite oprezni jer koenzim Q10 mo\u017ee smanjiti u\u010dinkovitost lijekova za razrje\u0111ivanje krvi. Ako uzimate takve lijekove, posavjetujte se sa svojim lije\u010dnikom prije upotrebe Q10.<\/p>\n","protected":false},"excerpt":{"rendered":"<p>Jarrow Formulas HQ-Absorb patentirana je formula koenzima Q10 (ubikinol) s 3 do 4 puta boljom apsorpcijom.<\/p>\n","protected":false},"featured_media":55263,"comment_status":"open","ping_status":"closed","template":"","meta":[],"etheme_brands":[{"term_id":4720,"name":"Jarrow Formulas","slug":"jarrow-formulas-hr","term_group":0,"term_taxonomy_id":4720,"taxonomy":"brand","description":"Jarrow Formulas (tvrtka sa sjedi\u0161tem u Los Angelesu) dizajner je i dobavlja\u010d vrhunskih dodataka prehrani. Tvrtka je osnovana 1977. Cjelokupna linija Jarrow Formulas uklju\u010duje vitamine, minerale, probiotike, standardizirane biljne koncentrate, aminokiseline i enzime.\r\nTvrtka tako\u0111er financira istra\u017eiva\u010dke studije o va\u017enosti prehrambenih proizvoda poput CoQ10. Cilj tvrtke je promicanje optimalnog zdravlja prehrambenim dodacima visoke kvalitete, u\u010dinkovitosti, dostupnosti i u vrhunskim oblicima.","parent":0,"count":27,"filter":"raw"}],"product_brand":[],"product_cat":[5419,3837,3831,3832],"product_tag":[6257],"class_list":{"0":"post-59200","1":"product","2":"type-product","3":"status-publish","4":"has-post-thumbnail","6":"brand-jarrow-formulas-hr","7":"product_cat-antioksidanti-hr","8":"product_cat-energija-i-motivacija","9":"product_cat-pamcenje-i-zdravlje-mozga","10":"product_cat-podrska-za-srce-i-krvne-zile","11":"product_tag-energija-hr","13":"first","14":"outofstock","15":"taxable","16":"shipping-taxable","17":"purchasable","18":"product-type-simple"},"_links":{"self":[{"href":"https:\/\/fmed.eu\/hr\/wp-json\/wp\/v2\/product\/59200","targetHints":{"allow":["GET"]}}],"collection":[{"href":"https:\/\/fmed.eu\/hr\/wp-json\/wp\/v2\/product"}],"about":[{"href":"https:\/\/fmed.eu\/hr\/wp-json\/wp\/v2\/types\/product"}],"replies":[{"embeddable":true,"href":"https:\/\/fmed.eu\/hr\/wp-json\/wp\/v2\/comments?post=59200"}],"version-history":[{"count":0,"href":"https:\/\/fmed.eu\/hr\/wp-json\/wp\/v2\/product\/59200\/revisions"}],"wp:featuredmedia":[{"embeddable":true,"href":"https:\/\/fmed.eu\/hr\/wp-json\/wp\/v2\/media\/55263"}],"wp:attachment":[{"href":"https:\/\/fmed.eu\/hr\/wp-json\/wp\/v2\/media?parent=59200"}],"wp:term":[{"taxonomy":"brand","embeddable":true,"href":"https:\/\/fmed.eu\/hr\/wp-json\/wp\/v2\/etheme_brands?post=59200"},{"taxonomy":"product_brand","embeddable":true,"href":"https:\/\/fmed.eu\/hr\/wp-json\/wp\/v2\/product_brand?post=59200"},{"taxonomy":"product_cat","embeddable":true,"href":"https:\/\/fmed.eu\/hr\/wp-json\/wp\/v2\/product_cat?post=59200"},{"taxonomy":"product_tag","embeddable":true,"href":"https:\/\/fmed.eu\/hr\/wp-json\/wp\/v2\/product_tag?post=59200"}],"curies":[{"name":"wp","href":"https:\/\/api.w.org\/{rel}","templated":true}]}}