{"id":59208,"date":"2018-08-03T04:25:42","date_gmt":"2018-08-03T04:25:42","guid":{"rendered":"https:\/\/fmed.eu\/product\/vitamin-b-12-b6-b9-folat-2\/"},"modified":"2026-04-14T11:19:39","modified_gmt":"2026-04-14T09:19:39","slug":"vitamin-b-12-b6-b9-folat-2","status":"publish","type":"product","link":"https:\/\/fmed.eu\/hr\/proizvod\/vitamin-b-12-b6-b9-folat-2\/","title":{"rendered":"Vitamin B12 + B9 + B6 (aktivni oblik)"},"content":{"rendered":"<h2>Jarrow formulas Vitamin B12 + Methyl folate + B6<\/h2>\n<p>Formule \u017eira B12 + metil folat smjesa je tri najva\u017enija vitamina B skupine u njihovom potpuno aktivnom obliku. Dolaze u obliku pastila koje se apsorbiraju iz usta i tako zaobilaze sve potencijalne probleme s apsorpcijom crijeva. Tijelo ne mo\u017ee proizvesti vitamine B skupine, pa ih moramo dobivati \u200b\u200bprehranom, ali ih \u010desto treba zamijeniti dodatkom prehrani. U ovom je slu\u010daju va\u017eno odabrati pravi i kvalitetan oblik.<\/p>\n<h3>Po \u010demu se vitamini B skupine razlikuju?<\/h3>\n<p>Nisu svi vitamini B proizvedeni podjednako. Ako zanemarimo sadr\u017eane koli\u010dine, vidjet \u0107emo da me\u0111u njima jo\u0161 uvijek postoje zna\u010dajne razlike. Na primjer, uzmimo vitamin B12, koji se u ve\u0107ini dodataka nalazi u obliku cijanokobalamina (Cyano-cobalamin). B12 (npr. Kobalamin) je ovdje povezan s nosa\u010dem cijanida. Sje\u0107ate li se \u0161to je cijanid? Da-otrov. Drugi oblik B12 je hidroksikobalamin, koji je relativno nestabilan i u medicini se koristi kao protuotrov za trovanje cijanidom. Aktivni i stabilni oblik vitamina B12 je metil-kobalamin, gdje je B12 vezan za metilnu skupinu i mo\u017ee izravno sudjelovati u ciklusu metilacije (svi ostali oblici moraju se promijeniti prije nego \u0161to se mogu upotrijebiti).<\/p>\n<p>Sli\u010dno je i s vitaminom B9, koji znate kao folnu kiselinu. Na\u017ealost, folna kiselina nije aktivni oblik vitamina B9 i prvo se mora transformirati u metilni oblik putem enzima MTHFR. Kodira ga MTHFR gen, koji u otprilike 70% ljudi ne radi optimalno. U tim slu\u010dajevima folna kiselina mo\u017ee ostati neprera\u0111ena u tijelu i mo\u017ee uzrokovati zdravstvene probleme. Aktivni oblik B9 je metil-folat (metil-tetrahidrofolat).<\/p>\n<p>S B6 je sli\u010dno i s piridoksin 5 fosfatom.<\/p>\n<p>Stoga je va\u017eno koje vitamine B skupine \u0107ete odabrati.<\/p>\n<h3>Za koga je pogodan B12 + folat?<\/h3>\n<p>Dodatak je pogodan za sve koji \u017eele kvalitetnu zamjenu najva\u017enijih vitamina B skupine. Posebno pogodno za vegane jer ne mogu dobiti B12 iz hrane i za one koji imaju pote\u0161ko\u0107a s apsorpcijom, jer na\u0161e pastile upijaju ve\u0107 u ustima.<\/p>\n<h3>Dokazano je da B12 + folat utje\u010de na mnoge tjelesne procese<\/h3>\n<p>Klju\u010dni vitamini skupine B mogu pomo\u0107i u uklanjanju anemije i anemije, pobolj\u0161ati imunolo\u0161ki sustav i sprije\u010diti psiholo\u0161ke i neurolo\u0161ke probleme. Sprje\u010dava umor.<\/p>\n<ul>\n<li>doprinosi osloba\u0111anju energije u metabolizmu<\/li>\n<li>pridonosi funkcioniranju \u017eiv\u010danog sustava<\/li>\n<li>Ima ulogu u funkcioniranju imunolo\u0161kog sustava<\/li>\n<li>Doprinosi smanjenju umora i iscrpljenosti<\/li>\n<li>Ima ulogu u diobi stanica<\/li>\n<li>doprinosi razvoju tkiva dojke tijekom trudno\u0107e<\/li>\n<li>doprinosi sintezi aminokiselina<\/li>\n<li>Uobi\u010dajena sinteza cisteina, koja je va\u017ena aminokiselina u ciklusu slufacije tijela i stvaranju najja\u010deg antioksidansa u tijelu, <a href=\"\/?p=9878\">glutationa<\/a>,<\/li>\n<li>Dobro funkcioniranje \u017eiv\u010danog sustava,<\/li>\n<li>Normalan metabolizam homocisteina, koji je metabolit ciklusa metilacije. Homocistein mo\u017ee uvelike o\u0161tetiti unutra\u0161njost vena i krvnih \u017eila ako njegov broj naraste previsoko. Vrlo je sna\u017ena oznaka kardiovaskularnih bolesti.<\/li>\n<li>Normalni metabolizam proteina i glikogena (zalihe ugljikohidrata),<\/li>\n<li>dobre psiholo\u0161ke funkcije (npr. depresija, itd.),<\/li>\n<li>Normalna proizvodnja crvenih krvnih stanica (nepravilna proizvodnja crvenih krvnih stanica ili eritrocita uzrokuje anemiju ili anemiju),<\/li>\n<li>Regulacija hormonskog sustava i hormonalne aktivnosti.<\/li>\n<\/ul>\n","protected":false},"excerpt":{"rendered":"<p>Izuzetno u\u010dinkovita i kvalitetna mje\u0161avina tri najva\u017enija vitamina B skupine, koja sprje\u010dava umor, anemiju i psiholo\u0161ke probleme.<\/p>\n","protected":false},"featured_media":55416,"comment_status":"open","ping_status":"closed","template":"","meta":[],"etheme_brands":[{"term_id":4720,"name":"Jarrow Formulas","slug":"jarrow-formulas-hr","term_group":0,"term_taxonomy_id":4720,"taxonomy":"brand","description":"Jarrow Formulas (tvrtka sa sjedi\u0161tem u Los Angelesu) dizajner je i dobavlja\u010d vrhunskih dodataka prehrani. Tvrtka je osnovana 1977. Cjelokupna linija Jarrow Formulas uklju\u010duje vitamine, minerale, probiotike, standardizirane biljne koncentrate, aminokiseline i enzime.\r\nTvrtka tako\u0111er financira istra\u017eiva\u010dke studije o va\u017enosti prehrambenih proizvoda poput CoQ10. Cilj tvrtke je promicanje optimalnog zdravlja prehrambenim dodacima visoke kvalitete, u\u010dinkovitosti, dostupnosti i u vrhunskim oblicima.","parent":0,"count":27,"filter":"raw"}],"product_brand":[],"product_cat":[3837,3830,3838,3832,5417,3829],"product_tag":[6387,6257,6391,6276,6390,6365],"class_list":{"0":"post-59208","1":"product","2":"type-product","3":"status-publish","4":"has-post-thumbnail","6":"brand-jarrow-formulas-hr","7":"product_cat-energija-i-motivacija","8":"product_cat-imunoloski-sustav","9":"product_cat-kontrola-stresa","10":"product_cat-podrska-za-srce-i-krvne-zile","11":"product_cat-slabokrvnost-anemija-hr","12":"product_cat-vitamini-i-minerali","13":"product_tag-detoksikacija-hr","14":"product_tag-energija-hr","15":"product_tag-homocistein-hr","16":"product_tag-imunoloski-sustav-hr","17":"product_tag-mozak-hr","18":"product_tag-zivcani-sustav-hr","20":"first","21":"outofstock","22":"taxable","23":"shipping-taxable","24":"purchasable","25":"product-type-simple"},"_links":{"self":[{"href":"https:\/\/fmed.eu\/hr\/wp-json\/wp\/v2\/product\/59208","targetHints":{"allow":["GET"]}}],"collection":[{"href":"https:\/\/fmed.eu\/hr\/wp-json\/wp\/v2\/product"}],"about":[{"href":"https:\/\/fmed.eu\/hr\/wp-json\/wp\/v2\/types\/product"}],"replies":[{"embeddable":true,"href":"https:\/\/fmed.eu\/hr\/wp-json\/wp\/v2\/comments?post=59208"}],"version-history":[{"count":0,"href":"https:\/\/fmed.eu\/hr\/wp-json\/wp\/v2\/product\/59208\/revisions"}],"wp:featuredmedia":[{"embeddable":true,"href":"https:\/\/fmed.eu\/hr\/wp-json\/wp\/v2\/media\/55416"}],"wp:attachment":[{"href":"https:\/\/fmed.eu\/hr\/wp-json\/wp\/v2\/media?parent=59208"}],"wp:term":[{"taxonomy":"brand","embeddable":true,"href":"https:\/\/fmed.eu\/hr\/wp-json\/wp\/v2\/etheme_brands?post=59208"},{"taxonomy":"product_brand","embeddable":true,"href":"https:\/\/fmed.eu\/hr\/wp-json\/wp\/v2\/product_brand?post=59208"},{"taxonomy":"product_cat","embeddable":true,"href":"https:\/\/fmed.eu\/hr\/wp-json\/wp\/v2\/product_cat?post=59208"},{"taxonomy":"product_tag","embeddable":true,"href":"https:\/\/fmed.eu\/hr\/wp-json\/wp\/v2\/product_tag?post=59208"}],"curies":[{"name":"wp","href":"https:\/\/api.w.org\/{rel}","templated":true}]}}