{"id":59218,"date":"2018-08-03T04:25:50","date_gmt":"2018-08-03T02:25:50","guid":{"rendered":"https:\/\/fmed.eu\/product\/silika-preslica-bor-mangan-osteoartritis\/"},"modified":"2025-03-04T11:52:35","modified_gmt":"2025-03-04T11:52:35","slug":"silika-preslica-bor-mangan-osteoartritis","status":"publish","type":"product","link":"https:\/\/fmed.eu\/hr\/proizvod\/silika-preslica-bor-mangan-osteoartritis\/","title":{"rendered":"Silikatni kompleks (konjski rep, bor, mangan)"},"content":{"rendered":"<h3>NOW foods Silica complex<\/h3>\n<p>NOW Foods Silica Complex sadr\u017ei silicijum dioksid i nekoliko drugih aktivnih sastojaka:<\/p>\n<ul>\n<li>Preslica (Konjski rep)<\/li>\n<li>Silika<\/li>\n<li>Bor<\/li>\n<li>Kalcij<\/li>\n<li>Cink<\/li>\n<li>Mangan<\/li>\n<li>Mineralni prah bentonitne gline<\/li>\n<\/ul>\n<p>\u010citav je kompleks osnova strategije dr. Feila, opisane u njegovoj knjizi <a href=\"http:\/\/www.buca.si\/index.php?nav1=knjigarna&amp;nav2=izdelek&amp;id=4970\" target=\"_blank\" rel=\"noopener noreferrer\">Prevladavanje artroze i bolova u zglobovima<\/a>.<\/p>\n<p>Uz NOW food Silica kompleks dobivate 7 aktivnih sastojaka u jednoj tableti. Ovaj dodatak mo\u017ee pomo\u0107i u zdravim kostima i zglobovima jer postoji nekoliko aktivnih sastojaka \u010dija su provjerena pozitivna svojstva navedena u nastavku.<\/p>\n<h2>Preslica sadr\u017ei silicij<\/h2>\n<p>NOW Foods Silica Complex tako\u0111er sadr\u017ei konje s visokim postotkom silicijevog dioksida. Ekstrakt preslice daje \u010dak 40 mg \u010distog silicijevog dioksida po tableti.<\/p>\n<h3>Benonitna glina<\/h3>\n<p>NOW Foods Silica kompleks dodatno sadr\u017ei velike koli\u010dine mineralne bentonitne gline.<\/p>\n<p>&nbsp;<\/p>\n<p>Silikonski kompleks NOW Foods savr\u0161eno se kombinira s <a href=\"\/?p=11419\">vitaminom C<\/a>, <a href=\"\/?p=11368\">kolagenom<\/a> i <a href=\"\/?p=11358\">vitaminom D<\/a>.<\/p>\n<h3>Silica Complex iz tvrtke NOW Foods sadr\u017ei:<\/h3>\n<h4>Kalcij za koji dokazano poma\u017ee (potvrdio EFSA):<\/h4>\n<ul>\n<li>Uobi\u010dajeno zgru\u0161avanje krvi.<\/li>\n<li>Dobra proizvodnja energije kroz metabolizam.<\/li>\n<li>Uobi\u010dajena funkcija mi\u0161i\u0107a.<\/li>\n<li>Prijenos \u017eiv\u010danih impulsa.<\/li>\n<li>Funkcioniranje probavnih enzima.<\/li>\n<li>Podjela stanica i njihove aktivnosti &#8220;specijalizacije&#8221;.<\/li>\n<li>Odr\u017eavanje zdravih kostiju.<\/li>\n<li>Odr\u017eavanje zdravih zuba.<\/li>\n<li>Sprje\u010davanje gubitka minerala iz kostiju u \u017eena u postmenopauzi. Premalo minerala u kostima faktor je rizika za prijelome zbog osteoporoze.<\/li>\n<li>Normalan rast i razvoj kostiju u djece.<\/li>\n<\/ul>\n<h4>Cink, koji igra ulogu u:<\/h4>\n<ul>\n<li>Metabolizam kiselina i baza,<\/li>\n<li>Metabolizam ugljikohidrata,<\/li>\n<li>Sinteza DNA,<\/li>\n<li>Kognitivne funkcije,<\/li>\n<li>Plodnost i reprodukcija,<\/li>\n<li>Poma\u017ee u metabolizmu hranjivih sastojaka,<\/li>\n<li>Poma\u017ee u metabolizmu masnih kiselina,<\/li>\n<li>Metabolizam vitamina A,<\/li>\n<li>Sinteza proteina,<\/li>\n<li>Doprinosi odr\u017eavanju zdravih kostiju, kose, noktiju i ko\u017ee,<\/li>\n<li>doprinosi odr\u017eavanju normalne razine testosterona u krvi,<\/li>\n<li>O\u010duvanje vida, funkcije imunolo\u0161kog sustava,<\/li>\n<li>Za\u0161titite stanice od oksidativnog stresa,<\/li>\n<li>dijeljenje stanica.<\/li>\n<\/ul>\n<h4>Mangan koji mo\u017ee:<\/h4>\n<ul>\n<li>pomo\u0107 u normalnoj proizvodnji energije u tijelu,<\/li>\n<li>Odr\u017eavanje zdravih kostiju,<\/li>\n<li>Dobro funkcioniranje vezivnog tkiva (zglobovi, tetive, ligamenti),<\/li>\n<li>Djeluje kao antioksidans u tijelu.<\/li>\n<\/ul>\n<p>&nbsp;<\/p>\n","protected":false},"excerpt":{"rendered":"<p>Silicij iz preslice zajedno sa 6 aktivnih sastojaka za zdrave kosti i zglobove. Prema protokolu dr. Feil u knjizi Prevladavanje artroze i bolova u zglobovima.<\/p>\n","protected":false},"featured_media":55680,"comment_status":"open","ping_status":"closed","template":"","meta":[],"etheme_brands":[{"term_id":4722,"name":"Now Foods","slug":"now-foods-hr","term_group":0,"term_taxonomy_id":4722,"taxonomy":"brand","description":"Now Foods je obiteljska tvrtka osnovana 1968. godine. Tvrtka pose\u017ee za prirodnim i organskim proizvodima, \u0161to je zaposlenicima i samoj marki donijelo mno\u0161tvo nagrada i priznanja. Sredi\u0161nji moto tvrtke je proizvodnja visokokvalitetnih proizvoda koji su pristupa\u010dni kupcima.","parent":0,"count":12,"filter":"raw"}],"product_brand":[],"product_cat":[3843,3832,3839],"product_tag":[],"class_list":{"0":"post-59218","1":"product","2":"type-product","3":"status-publish","4":"has-post-thumbnail","6":"brand-now-foods-hr","7":"product_cat-bilje-ekstrakti-i-tinkture","8":"product_cat-podrska-za-srce-i-krvne-zile","9":"product_cat-upala-kosti-i-zglobovi","11":"first","12":"outofstock","13":"taxable","14":"shipping-taxable","15":"purchasable","16":"product-type-variable"},"_links":{"self":[{"href":"https:\/\/fmed.eu\/hr\/wp-json\/wp\/v2\/product\/59218","targetHints":{"allow":["GET"]}}],"collection":[{"href":"https:\/\/fmed.eu\/hr\/wp-json\/wp\/v2\/product"}],"about":[{"href":"https:\/\/fmed.eu\/hr\/wp-json\/wp\/v2\/types\/product"}],"replies":[{"embeddable":true,"href":"https:\/\/fmed.eu\/hr\/wp-json\/wp\/v2\/comments?post=59218"}],"version-history":[{"count":0,"href":"https:\/\/fmed.eu\/hr\/wp-json\/wp\/v2\/product\/59218\/revisions"}],"wp:featuredmedia":[{"embeddable":true,"href":"https:\/\/fmed.eu\/hr\/wp-json\/wp\/v2\/media\/55680"}],"wp:attachment":[{"href":"https:\/\/fmed.eu\/hr\/wp-json\/wp\/v2\/media?parent=59218"}],"wp:term":[{"taxonomy":"brand","embeddable":true,"href":"https:\/\/fmed.eu\/hr\/wp-json\/wp\/v2\/etheme_brands?post=59218"},{"taxonomy":"product_brand","embeddable":true,"href":"https:\/\/fmed.eu\/hr\/wp-json\/wp\/v2\/product_brand?post=59218"},{"taxonomy":"product_cat","embeddable":true,"href":"https:\/\/fmed.eu\/hr\/wp-json\/wp\/v2\/product_cat?post=59218"},{"taxonomy":"product_tag","embeddable":true,"href":"https:\/\/fmed.eu\/hr\/wp-json\/wp\/v2\/product_tag?post=59218"}],"curies":[{"name":"wp","href":"https:\/\/api.w.org\/{rel}","templated":true}]}}