{"id":59220,"date":"2018-08-03T04:25:51","date_gmt":"2018-08-03T04:25:51","guid":{"rendered":"https:\/\/fmed.eu\/product\/magnezij-glicinat-prah\/"},"modified":"2026-03-16T12:54:03","modified_gmt":"2026-03-16T10:54:03","slug":"magnezij-glicinat-prah","status":"publish","type":"product","link":"https:\/\/fmed.eu\/hr\/proizvod\/magnezij-glicinat-prah\/","title":{"rendered":"Magnezijev glicinat u prahu"},"content":{"rendered":"<h2>Healthy Origins Magnesium glycinate (bis-glycinate) prah<\/h2>\n<p>Magnezijev glicinat (bisglicinat) jedan je od najkvalitetnijih oblika magnezija i ne iritira crijeva. Apsorbira se u preko 90%, tako da vam treba manje od ostalih vrsta magnezija (apsorpcija magnezijevog oksida, naj\u010de\u0161\u0107i oblik magnezija u dodacima manja je od 10%).<\/p>\n<p>Magnezij je jedan od najva\u017enijih minerala u ljudskom tijelu, jer o njemu ovisi pribli\u017eno 400 metaboli\u010dkih procesa. Budu\u0107i da na\u0161em tlu, a time i prehrani \u010desto nedostaje magnezija, jedan je od naju\u010dinkovitijih i najpo\u017eeljnijih dodataka prehrani.<\/p>\n<p>Magnezij je vjerojatno jedan od rijetkih dodataka kojem se vrijedi neprestano dopunjavati, jer su tijelu potrebne velike koli\u010dine koje je sve te\u017ee dobiti hranom. Ove skupine stanovni\u0161tva posebno imaju visok rizik od nedostatka:<\/p>\n<ul>\n<li>Stariji (preko 80% bolesnika starijih od 60 godina ima manjak magnezija) i<\/li>\n<li>Sporta\u0161i i dijabeti\u010dari<\/li>\n<\/ul>\n<h3>Za\u0161to postoje tako zna\u010dajne razlike izme\u0111u magnezija?<\/h3>\n<p>Magneziji dolaze u razli\u010ditim oblicima, koji se uvelike razlikuju. Magnezij je vrlo nestabilna molekula, pa mora uvijek biti vezan za nosa\u010d bilo u prirodi ili u dodacima (a tako\u0111er i u hrani). Ovaj nosa\u010d i veza s magnezijem odre\u0111uju kako \u0107e se magnezij u na\u0161em tijelu apsorbirati.<\/p>\n<p>Magnezij kao elektrolit utje\u010de na osmotski tlak u va\u0161em tijelu (a tako\u0111er i u crijevima), pa tijelo tamo ne \u017eeli puno od toga. Kada u crijevima ima previ\u0161e magnezija, tijelo \u0107e ga isprati vodom i poku\u0161ati ga se rije\u0161iti \u0161to je prije mogu\u0107e. Rezultat je mek\u0161a stolica ili \u010dak proljev. Iz ove iritacije crijeva proizlazi laksativni u\u010dinak magnezija.<\/p>\n<p>Vezuju\u0107i se s razli\u010ditim elementima molekule su ve\u0107e ili manje (pa \u0107e prema tome i tablete biti razli\u010ditih veli\u010dina). Prije svega, istina je da u jednoj maloj tableti ne mo\u017eete dobiti dovoljnu dnevnu koli\u010dinu magnezija (ili je nekvalitetan i ne\u0107e se apsorbirati).<\/p>\n<p>Kad su male molekule (poput oksida, klorida, sulfata), apsorpcija u pravilu vrlo slaba (oko 10%). Velike molekule (npr. Glicinat, bisglicinat, turat, treonat, malat) apsorbiraju se 90% ili vi\u0161e. Ovim \u0107ete u tijelo unijeti vi\u0161e magnezija uz manje iritacije crijeva.<\/p>\n<h3>Provjereni magnezij poma\u017ee:<\/h3>\n<ul>\n<li>Doprinosi smanjenju umora i iscrpljenosti<\/li>\n<li>doprinosi ravnote\u017ei elektrolita<\/li>\n<li>doprinosi osloba\u0111anju energije u metabolizmu<\/li>\n<li>pridonosi funkcioniranju \u017eiv\u010danog sustava<\/li>\n<li>doprinosi radu mi\u0161i\u0107a<\/li>\n<li>poma\u017ee u sintezi proteina<\/li>\n<li>pridonosi normalnom psiholo\u0161kom funkcioniranju<\/li>\n<li>doprinosi odr\u017eavanju zdravih kostiju i zuba<\/li>\n<li>Ima ulogu u diobi stanica<\/li>\n<\/ul>\n<p>Upozorenje: Izvor magnezija podrijetla je u obliku praha. Magnezij je sol i s tim je okus neugodan. Ako bi ovo mogao predstavljati problem, bolje odaberite <a href=\"\/?p=11498\">kvalitetan magnezij u tabletama<\/a>.<\/p>\n<p>Healthy Origins magnezij ne sadr\u017ei dodatne sastojke, konzervanse ili alergene. Tako\u0111er je pogodno za vegetarijance i vegane.<\/p>\n<p>&nbsp;<\/p>\n","protected":false},"excerpt":{"rendered":"<p>Magnezijev glicinat jedan je od najkvalitetnijih oblika magnezija s apsorpcijom preko 90% Doprinosi smanjenju umora i iscrpljenosti te funkcioniranju mi\u0161i\u0107a.<\/p>\n","protected":false},"featured_media":56972,"comment_status":"open","ping_status":"closed","template":"","meta":[],"etheme_brands":[{"term_id":4713,"name":"Healthy Origins","slug":"healthy-origins-hr","term_group":0,"term_taxonomy_id":4713,"taxonomy":"brand","description":"Healthy Origins je ameri\u010dka tvrtka osnovana 1996. Mnogi njihovi proizvodi sadr\u017ee patentirane sastojke najboljih proizvo\u0111a\u010da. Tvrtka tvrdi da se u deklaracijama uvijek navode svi sastojci koji se nalaze ili koji \u010dine pojedine proizvode.","parent":0,"count":15,"filter":"raw"}],"product_brand":[],"product_cat":[3837,3838,5424,3832,3834,3842,3845,3839,3829],"product_tag":[6390],"class_list":{"0":"post-59220","1":"product","2":"type-product","3":"status-publish","4":"has-post-thumbnail","6":"brand-healthy-origins-hr","7":"product_cat-energija-i-motivacija","8":"product_cat-kontrola-stresa","9":"product_cat-magnezij-hr","10":"product_cat-podrska-za-srce-i-krvne-zile","11":"product_cat-probava-zeludac-crijeva","12":"product_cat-regulacija-secera-u-krvi","13":"product_cat-spavanje-nesanica","14":"product_cat-upala-kosti-i-zglobovi","15":"product_cat-vitamini-i-minerali","16":"product_tag-mozak-hr","18":"first","19":"instock","20":"taxable","21":"shipping-taxable","22":"purchasable","23":"product-type-simple"},"_links":{"self":[{"href":"https:\/\/fmed.eu\/hr\/wp-json\/wp\/v2\/product\/59220","targetHints":{"allow":["GET"]}}],"collection":[{"href":"https:\/\/fmed.eu\/hr\/wp-json\/wp\/v2\/product"}],"about":[{"href":"https:\/\/fmed.eu\/hr\/wp-json\/wp\/v2\/types\/product"}],"replies":[{"embeddable":true,"href":"https:\/\/fmed.eu\/hr\/wp-json\/wp\/v2\/comments?post=59220"}],"version-history":[{"count":0,"href":"https:\/\/fmed.eu\/hr\/wp-json\/wp\/v2\/product\/59220\/revisions"}],"wp:featuredmedia":[{"embeddable":true,"href":"https:\/\/fmed.eu\/hr\/wp-json\/wp\/v2\/media\/56972"}],"wp:attachment":[{"href":"https:\/\/fmed.eu\/hr\/wp-json\/wp\/v2\/media?parent=59220"}],"wp:term":[{"taxonomy":"brand","embeddable":true,"href":"https:\/\/fmed.eu\/hr\/wp-json\/wp\/v2\/etheme_brands?post=59220"},{"taxonomy":"product_brand","embeddable":true,"href":"https:\/\/fmed.eu\/hr\/wp-json\/wp\/v2\/product_brand?post=59220"},{"taxonomy":"product_cat","embeddable":true,"href":"https:\/\/fmed.eu\/hr\/wp-json\/wp\/v2\/product_cat?post=59220"},{"taxonomy":"product_tag","embeddable":true,"href":"https:\/\/fmed.eu\/hr\/wp-json\/wp\/v2\/product_tag?post=59220"}],"curies":[{"name":"wp","href":"https:\/\/api.w.org\/{rel}","templated":true}]}}