{"id":59224,"date":"2019-09-09T09:28:09","date_gmt":"2019-09-09T07:28:09","guid":{"rendered":"https:\/\/fmed.eu\/product\/glukozamin-hondroitin-msm-kostani-zglobovi\/"},"modified":"2025-03-04T11:52:28","modified_gmt":"2025-03-04T11:52:28","slug":"glukozamin-hondroitin-msm-kostani-zglobovi","status":"publish","type":"product","link":"https:\/\/fmed.eu\/hr\/proizvod\/glukozamin-hondroitin-msm-kostani-zglobovi\/","title":{"rendered":"Glukozamin, hondroitin, MSM"},"content":{"rendered":"<h2>Doctor&#8217;s Best glukozamin, hondrotin i MSM<\/h2>\n<p>Izuzetno kvalitetna smjesa glukozamina, hondroitina i MSM-a u optimalnim omjerima s dodatkom mangana, namijenjena zdravim <strong>kostima i zglobovima<\/strong> te ligamentima i tetivama. Takav proizvod tako\u0111er preporu\u010duje dr. Feil u svojoj knjizi <a href=\"http:\/\/www.buca.si\/index.php?nav1=knjigarna&amp;nav2=izdelek&amp;id=4970\" target=\"_blank\" rel=\"noopener noreferrer\">Prevladavanje artroze i bolova u zglobovima<\/a>.<\/p>\n<h3>Glukozamin<\/h3>\n<p>Glukozamin (glukozamin) je amino \u0161e\u0107er i prete\u010da biokemijske sinteze glikoziranih proteina i lipida. Dio je strukture polisaharida Hitosan i Citin. Ve\u0107ina se nalazi u \u0161koljkama, kostima i ko\u0161tanoj sr\u017ei.<\/p>\n<p>Glukozamin je vjerojatno najpoznatiji i preporu\u010deni dodatak prehrani za pobolj\u0161anje zdravlja zglobova i kostiju. Preporu\u010duje se kod bolova u le\u0111ima, koljena i drugih zglobova koji pate od ozljeda, tro\u0161enja ili drugog.<\/p>\n<h3>Hondroitin<\/h3>\n<p>Hondroitin (hondroitin sulfat) oblik je \u0161e\u0107era ugra\u0111enih u hrskavicu. Glukosamin je glavni nosa\u010d sila kompresije u zglobovima. Hondroitin se u\u010dinkovito apsorbira u crijevima i njegova bioraspolo\u017eivost je izme\u0111u 15 i 24%.<\/p>\n<h3>MSM<\/h3>\n<p>MSM (metil sulfonil metan) je organski spoj sa sumporom. Mnoga su istra\u017eivanja potvrdila da MSM nije toksi\u010dan i ne uzrokuje nuspojave barem do doza od 6 g dnevno.<\/p>\n","protected":false},"excerpt":{"rendered":"<p>Izuzetno kvalitetna kombinacija glukozamina, hondroitina, MSM-a i mangana za zdrave zglobove, kosti, ligamente i tetive.<\/p>\n","protected":false},"featured_media":58441,"comment_status":"open","ping_status":"closed","template":"","meta":[],"etheme_brands":[{"term_id":4717,"name":"Doctor's Best","slug":"doctors-best-hr","term_group":0,"term_taxonomy_id":4717,"taxonomy":"brand","description":"Doctor's Best je marka koju su 1990. osnovali lije\u010dnici. Tvrtka nudi vi\u0161e od 200 proizvoda, od kojih je ve\u0107ina izra\u0111ena od sastojaka vlastite marke. Tvrtka se mo\u017ee pohvaliti proizvodima koji se odlikuju najvi\u0161im standardima kvalitete.","parent":0,"count":13,"filter":"raw"}],"product_brand":[],"product_cat":[3839],"product_tag":[],"class_list":{"0":"post-59224","1":"product","2":"type-product","3":"status-publish","4":"has-post-thumbnail","6":"brand-doctors-best-hr","7":"product_cat-upala-kosti-i-zglobovi","9":"first","10":"outofstock","11":"taxable","12":"shipping-taxable","13":"purchasable","14":"product-type-variable"},"_links":{"self":[{"href":"https:\/\/fmed.eu\/hr\/wp-json\/wp\/v2\/product\/59224","targetHints":{"allow":["GET"]}}],"collection":[{"href":"https:\/\/fmed.eu\/hr\/wp-json\/wp\/v2\/product"}],"about":[{"href":"https:\/\/fmed.eu\/hr\/wp-json\/wp\/v2\/types\/product"}],"replies":[{"embeddable":true,"href":"https:\/\/fmed.eu\/hr\/wp-json\/wp\/v2\/comments?post=59224"}],"version-history":[{"count":0,"href":"https:\/\/fmed.eu\/hr\/wp-json\/wp\/v2\/product\/59224\/revisions"}],"wp:featuredmedia":[{"embeddable":true,"href":"https:\/\/fmed.eu\/hr\/wp-json\/wp\/v2\/media\/58441"}],"wp:attachment":[{"href":"https:\/\/fmed.eu\/hr\/wp-json\/wp\/v2\/media?parent=59224"}],"wp:term":[{"taxonomy":"brand","embeddable":true,"href":"https:\/\/fmed.eu\/hr\/wp-json\/wp\/v2\/etheme_brands?post=59224"},{"taxonomy":"product_brand","embeddable":true,"href":"https:\/\/fmed.eu\/hr\/wp-json\/wp\/v2\/product_brand?post=59224"},{"taxonomy":"product_cat","embeddable":true,"href":"https:\/\/fmed.eu\/hr\/wp-json\/wp\/v2\/product_cat?post=59224"},{"taxonomy":"product_tag","embeddable":true,"href":"https:\/\/fmed.eu\/hr\/wp-json\/wp\/v2\/product_tag?post=59224"}],"curies":[{"name":"wp","href":"https:\/\/api.w.org\/{rel}","templated":true}]}}