{"id":59228,"date":"2019-01-16T19:31:52","date_gmt":"2019-01-16T19:31:52","guid":{"rendered":"https:\/\/fmed.eu\/product\/sklisko-brijest-pastile\/"},"modified":"2025-06-29T12:48:33","modified_gmt":"2025-06-29T10:48:33","slug":"sklisko-brijest-pastile","status":"publish","type":"product","link":"https:\/\/fmed.eu\/hr\/proizvod\/sklisko-brijest-pastile\/","title":{"rendered":"Skliske pastile od brijesta"},"content":{"rendered":"<h2>Planetarne biljke Slippery Elm 150mg x 200 pastila, s okusom mandarine<\/h2>\n<p>Skliski brijest ekstrakt je za koru brijesta. Pastile se rastvaraju u ustima i \u010dine za\u0161titnu oblogu.<\/p>\n","protected":false},"excerpt":{"rendered":"<p>Pastile koje se otapaju u ustima i \u010dine meku podlogu.<\/p>\n","protected":false},"featured_media":57820,"comment_status":"open","ping_status":"closed","template":"","meta":[],"etheme_brands":[{"term_id":4723,"name":"Planetary Herbals","slug":"planetary-herbals-hr","term_group":0,"term_taxonomy_id":4723,"taxonomy":"brand","description":"Proizvodi planetarnih biljaka stvaraju se ru\u010dno i temelje se na znanju profesionalnih travara. Svoje znanje crpe iz ayurvede, tradicionalne kineske i zapadne medicine. Proizvodi su stvoreni prema tisu\u0107ama godina starim receptima, koji se dopunjuju klini\u010dkim istra\u017eivanjima.","parent":0,"count":2,"filter":"raw"}],"product_brand":[],"product_cat":[3843,3830,5418,3840,3834],"product_tag":[6277],"class_list":{"0":"post-59228","1":"product","2":"type-product","3":"status-publish","4":"has-post-thumbnail","6":"brand-planetary-herbals-hr","7":"product_cat-bilje-ekstrakti-i-tinkture","8":"product_cat-imunoloski-sustav","9":"product_cat-ostalo-hr","10":"product_cat-pluca-respiratorni-trakt","11":"product_cat-probava-zeludac-crijeva","12":"product_tag-hladan","14":"first","15":"outofstock","16":"taxable","17":"shipping-taxable","18":"purchasable","19":"product-type-simple"},"_links":{"self":[{"href":"https:\/\/fmed.eu\/hr\/wp-json\/wp\/v2\/product\/59228","targetHints":{"allow":["GET"]}}],"collection":[{"href":"https:\/\/fmed.eu\/hr\/wp-json\/wp\/v2\/product"}],"about":[{"href":"https:\/\/fmed.eu\/hr\/wp-json\/wp\/v2\/types\/product"}],"replies":[{"embeddable":true,"href":"https:\/\/fmed.eu\/hr\/wp-json\/wp\/v2\/comments?post=59228"}],"version-history":[{"count":0,"href":"https:\/\/fmed.eu\/hr\/wp-json\/wp\/v2\/product\/59228\/revisions"}],"wp:featuredmedia":[{"embeddable":true,"href":"https:\/\/fmed.eu\/hr\/wp-json\/wp\/v2\/media\/57820"}],"wp:attachment":[{"href":"https:\/\/fmed.eu\/hr\/wp-json\/wp\/v2\/media?parent=59228"}],"wp:term":[{"taxonomy":"brand","embeddable":true,"href":"https:\/\/fmed.eu\/hr\/wp-json\/wp\/v2\/etheme_brands?post=59228"},{"taxonomy":"product_brand","embeddable":true,"href":"https:\/\/fmed.eu\/hr\/wp-json\/wp\/v2\/product_brand?post=59228"},{"taxonomy":"product_cat","embeddable":true,"href":"https:\/\/fmed.eu\/hr\/wp-json\/wp\/v2\/product_cat?post=59228"},{"taxonomy":"product_tag","embeddable":true,"href":"https:\/\/fmed.eu\/hr\/wp-json\/wp\/v2\/product_tag?post=59228"}],"curies":[{"name":"wp","href":"https:\/\/api.w.org\/{rel}","templated":true}]}}