{"id":59230,"date":"2019-01-16T19:19:01","date_gmt":"2019-01-16T17:19:01","guid":{"rendered":"https:\/\/fmed.eu\/product\/prirodna-progesteron-krema\/"},"modified":"2025-03-04T11:52:12","modified_gmt":"2025-03-04T11:52:12","slug":"prirodna-progesteron-krema","status":"publish","type":"product","link":"https:\/\/fmed.eu\/hr\/proizvod\/prirodna-progesteron-krema\/","title":{"rendered":"Prirodna krema od progesterona"},"content":{"rendered":"<h2>Source Naturals krema za prirodni progesteron 113, 4g u tubi.<\/h2>\n<p>Source Naturals u\u010dinkovita je krema s prirodnim ili bioidenti\u010dnim progesteronom.<\/p>\n<p>Krema sadr\u017ei 22 mg progesterona na 1,3 g kreme (pribli\u017eno 1\/4 \u017eli\u010dice).<\/p>\n<p>Krema je dobro upijaju\u0107a i podatna.<\/p>\n<p><strong>Krema je istekla najbolje prije datuma!<\/strong><\/p>\n","protected":false},"excerpt":{"rendered":"<p>U\u010dinkovita krema s bioidenti\u010dnim progesteronom.<\/p>\n","protected":false},"featured_media":58076,"comment_status":"open","ping_status":"closed","template":"","meta":[],"etheme_brands":[{"term_id":4712,"name":"Source Naturals","slug":"source-naturals-hr","term_group":0,"term_taxonomy_id":4712,"taxonomy":"brand","description":"Source Naturals prisutan je na svjetskom tr\u017ei\u0161tu od 1982. godine. Uzde su u rukama redateljice Ire Goldberg koja cijelo to vrijeme poku\u0161ava slijediti glavni cilj, a to je: podr\u017eati potencijal svakog pojedinca da u\u017eiva u optimalnom zdravlju. U tim po\u010detnim trenucima ideja kombiniranja snova o hrani, ljekovitog bilja i farmaceutskih dodataka bila je prava rijetkost. Tvrtka se danas mo\u017ee pohvaliti mnogim nagra\u0111ivanim formulama koje su prepoznate i poznate po svojoj izvrsnosti. Tome u prilog idu i neovisna istra\u017eivanja i nutritivna analiza.","parent":0,"count":18,"filter":"raw"}],"product_brand":[],"product_cat":[3837,3838,5418,3831,3845],"product_tag":[],"class_list":{"0":"post-59230","1":"product","2":"type-product","3":"status-publish","4":"has-post-thumbnail","6":"brand-source-naturals-hr","7":"product_cat-energija-i-motivacija","8":"product_cat-kontrola-stresa","9":"product_cat-ostalo-hr","10":"product_cat-pamcenje-i-zdravlje-mozga","11":"product_cat-spavanje-nesanica","13":"first","14":"outofstock","15":"taxable","16":"shipping-taxable","17":"purchasable","18":"product-type-simple"},"_links":{"self":[{"href":"https:\/\/fmed.eu\/hr\/wp-json\/wp\/v2\/product\/59230","targetHints":{"allow":["GET"]}}],"collection":[{"href":"https:\/\/fmed.eu\/hr\/wp-json\/wp\/v2\/product"}],"about":[{"href":"https:\/\/fmed.eu\/hr\/wp-json\/wp\/v2\/types\/product"}],"replies":[{"embeddable":true,"href":"https:\/\/fmed.eu\/hr\/wp-json\/wp\/v2\/comments?post=59230"}],"version-history":[{"count":0,"href":"https:\/\/fmed.eu\/hr\/wp-json\/wp\/v2\/product\/59230\/revisions"}],"wp:featuredmedia":[{"embeddable":true,"href":"https:\/\/fmed.eu\/hr\/wp-json\/wp\/v2\/media\/58076"}],"wp:attachment":[{"href":"https:\/\/fmed.eu\/hr\/wp-json\/wp\/v2\/media?parent=59230"}],"wp:term":[{"taxonomy":"brand","embeddable":true,"href":"https:\/\/fmed.eu\/hr\/wp-json\/wp\/v2\/etheme_brands?post=59230"},{"taxonomy":"product_brand","embeddable":true,"href":"https:\/\/fmed.eu\/hr\/wp-json\/wp\/v2\/product_brand?post=59230"},{"taxonomy":"product_cat","embeddable":true,"href":"https:\/\/fmed.eu\/hr\/wp-json\/wp\/v2\/product_cat?post=59230"},{"taxonomy":"product_tag","embeddable":true,"href":"https:\/\/fmed.eu\/hr\/wp-json\/wp\/v2\/product_tag?post=59230"}],"curies":[{"name":"wp","href":"https:\/\/api.w.org\/{rel}","templated":true}]}}