{"id":59234,"date":"2018-10-15T16:10:36","date_gmt":"2018-10-15T16:10:36","guid":{"rendered":"https:\/\/fmed.eu\/product\/faktori-zucne-kiseline-2\/"},"modified":"2025-03-04T11:52:13","modified_gmt":"2025-03-04T11:52:13","slug":"faktori-zucne-kiseline-2","status":"publish","type":"product","link":"https:\/\/fmed.eu\/hr\/proizvod\/faktori-zucne-kiseline-2\/","title":{"rendered":"Bile Acid Factors"},"content":{"rendered":"<h2>Jarrow formulas Bile acids<\/h2>\n<p>\u017du\u0107ne formule \u017eutalice sastoje se od smjese visoko koncentriranih \u017eu\u010dnih kiselina, koje se nazivaju i \u017eu\u010dne soli. Tijelu su potrebne \u017eu\u010dne soli za uspje\u0161an metabolizam masti.<\/p>\n<h3>\u0160to je \u017eu\u010d?<\/h3>\n<p>\u017du\u010d je tamnozelena do \u017eu\u0107kastosme\u0111a teku\u0107ina koju u tijelu proizvodi jetra. Uglavnom se sastoji od vode, \u017eu\u010dnih soli i kolesterola. Nakon \u0161to se proizvodnja sakuplja u \u017eu\u010dnom mjehuru, odakle je prisutnost hrane poti\u010de da se istisne u dvanaesnik.<\/p>\n<h3>Probava masti<\/h3>\n<p>Probava u tijelu zapo\u010dinje \u017evakanjem hrane u ustima. Zatim putuje niz grlo, gdje se susre\u0107e s \u017eelu\u010danom kiselinom i nekim probavnim enzimima. Kad \u017eelu\u010dana kiselina obavi svoj posao, napu\u0161ta \u017eeludac i odlazi u dvanaesnik dvanaesnika gdje tijelo preko njega izlijeva probavne sokove dvaju organa: probavnih enzima gu\u0161tera\u010de i \u017eu\u010di \u017eu\u010dnog mjehura (ili jetre).<\/p>\n<p>Ovdje se doga\u0111a \u010darolija apsorpcije masti. Prvi korak zahtijeva \u017eu\u010d koja emulgira cijelu smjesu hrane iz \u017eeluca, \u0161to zna\u010di da ih raspr\u0161uje tako da je enzimi (lipaza) mogu razgraditi na dijelove (masne kiseline i glicerol). Uz to, tako\u0111er deaktivira sadr\u017eaj iz \u017eeluca.<\/p>\n<p>Kada postoje problemi s protokom \u017eu\u010di, probava masti je tako\u0111er oslabljena.<\/p>\n","protected":false},"excerpt":{"rendered":"<p>Prirodna zamjena za \u017eu\u010d.<\/p>\n","protected":false},"featured_media":57776,"comment_status":"open","ping_status":"closed","template":"","meta":[],"etheme_brands":[{"term_id":4720,"name":"Jarrow Formulas","slug":"jarrow-formulas-hr","term_group":0,"term_taxonomy_id":4720,"taxonomy":"brand","description":"Jarrow Formulas (tvrtka sa sjedi\u0161tem u Los Angelesu) dizajner je i dobavlja\u010d vrhunskih dodataka prehrani. Tvrtka je osnovana 1977. Cjelokupna linija Jarrow Formulas uklju\u010duje vitamine, minerale, probiotike, standardizirane biljne koncentrate, aminokiseline i enzime.\r\nTvrtka tako\u0111er financira istra\u017eiva\u010dke studije o va\u017enosti prehrambenih proizvoda poput CoQ10. Cilj tvrtke je promicanje optimalnog zdravlja prehrambenim dodacima visoke kvalitete, u\u010dinkovitosti, dostupnosti i u vrhunskim oblicima.","parent":0,"count":27,"filter":"raw"}],"product_brand":[],"product_cat":[3827,3834],"product_tag":[6394],"class_list":{"0":"post-59234","1":"product","2":"type-product","3":"status-publish","4":"has-post-thumbnail","6":"brand-jarrow-formulas-hr","7":"product_cat-detoksikacija-i-jetra","8":"product_cat-probava-zeludac-crijeva","9":"product_tag-masti-hr","11":"first","12":"outofstock","13":"taxable","14":"shipping-taxable","15":"purchasable","16":"product-type-simple"},"_links":{"self":[{"href":"https:\/\/fmed.eu\/hr\/wp-json\/wp\/v2\/product\/59234","targetHints":{"allow":["GET"]}}],"collection":[{"href":"https:\/\/fmed.eu\/hr\/wp-json\/wp\/v2\/product"}],"about":[{"href":"https:\/\/fmed.eu\/hr\/wp-json\/wp\/v2\/types\/product"}],"replies":[{"embeddable":true,"href":"https:\/\/fmed.eu\/hr\/wp-json\/wp\/v2\/comments?post=59234"}],"version-history":[{"count":0,"href":"https:\/\/fmed.eu\/hr\/wp-json\/wp\/v2\/product\/59234\/revisions"}],"wp:featuredmedia":[{"embeddable":true,"href":"https:\/\/fmed.eu\/hr\/wp-json\/wp\/v2\/media\/57776"}],"wp:attachment":[{"href":"https:\/\/fmed.eu\/hr\/wp-json\/wp\/v2\/media?parent=59234"}],"wp:term":[{"taxonomy":"brand","embeddable":true,"href":"https:\/\/fmed.eu\/hr\/wp-json\/wp\/v2\/etheme_brands?post=59234"},{"taxonomy":"product_brand","embeddable":true,"href":"https:\/\/fmed.eu\/hr\/wp-json\/wp\/v2\/product_brand?post=59234"},{"taxonomy":"product_cat","embeddable":true,"href":"https:\/\/fmed.eu\/hr\/wp-json\/wp\/v2\/product_cat?post=59234"},{"taxonomy":"product_tag","embeddable":true,"href":"https:\/\/fmed.eu\/hr\/wp-json\/wp\/v2\/product_tag?post=59234"}],"curies":[{"name":"wp","href":"https:\/\/api.w.org\/{rel}","templated":true}]}}