{"id":59236,"date":"2018-08-03T04:25:19","date_gmt":"2018-08-03T02:25:19","guid":{"rendered":"https:\/\/fmed.eu\/product\/sam-e-3\/"},"modified":"2025-03-16T11:45:25","modified_gmt":"2025-03-16T11:45:25","slug":"sam-e-3","status":"publish","type":"product","link":"https:\/\/fmed.eu\/hr\/proizvod\/sam-e-3\/","title":{"rendered":"SAM-e 400 mg x 30 tableta"},"content":{"rendered":"<h2>Life Extension SAMe<\/h2>\n<p>LifeExtension SAM-e sadr\u017ei samo vrhunski, talijanski <strong>Soloesse\u00ae<\/strong>, s polaganim i ciljanim otpu\u0161tanjem za manje negativan utjecaj na probavu i za bolju apsorpciju. Tablete su enteri\u010dki oblo\u017eene pa ih nemojte \u017evakati ili drobiti.<\/p>\n<p>SAMe je kratica za s-Adenosyl metionine, koji je tvar s velikim potencijalom doniranja metilnih skupina. Metilne skupine su potrebne za mnoge druge metaboli\u010dke reakcije, koje pozitivno utje\u010du na raspolo\u017eenje, depresiju, anksioznost, kao i na zglobove i jetru.<\/p>\n<p>SAMe je u osnovi aminokiselina metionin, vezan za ATP molekulu i slobodno putuje u krvotok. Zbog aminokiseline metionina, SAMe tako\u0111er sadr\u017ei sumpor i sudjeluje u transulfurizaciji, kao i aminopropilaciji. Ve\u0107ina SAMe nastaje i tro\u0161i se u jetri. Znamo za preko 40 prijenosa metilnih skupina iz SAMe. Neke od ovih reakcija vode s jedne strane na glutation, a s druge na monoaminske neurotransmitere (dopamin, serotonin, adrenalin \/ epinefrin).<\/p>\n<h3>SAMe ciklus<\/h3>\n<p>SAMe potje\u010de iz ciklusa metilacije gdje se mo\u017ee obnoviti u metionin putem homocisteina, a zatim natrag u s-adenosil metionin (SAMe).<\/p>\n<p>&nbsp;<\/p>\n","protected":false},"excerpt":{"rendered":"<p>Utje\u010de na dobrobit, sre\u0107u i motivaciju.<\/p>\n","protected":false},"featured_media":54584,"comment_status":"open","ping_status":"closed","template":"","meta":[],"etheme_brands":[{"term_id":4714,"name":"LifeExtension","slug":"lifeextension-hr","term_group":0,"term_taxonomy_id":4714,"taxonomy":"brand","description":"LifeExtenstion je tvrtka koja posebnu pozornost posve\u0107uje kvaliteti. Usredoto\u010deni su na dva specifi\u010dna podru\u010dja:\n\nSirovine: Za razliku od ostalih proizvo\u0111a\u010da, sastojci koji ulaze u njihove proizvode ne odabiru se na temelju tro\u0161kova. Umjesto toga, odabiru se na temelju \u010disto\u0107e, djelotvornosti i dokaza znanstvenih istra\u017eivanja.\n\nPotvrda u\u010dinkovitosti aktivnih sastojaka znanstvenim istra\u017eivanjima: Koriste sastojke i doze koje to\u010dno opona\u0161aju najuspje\u0161nije rezultate dobivene u znanstvenim istra\u017eivanjima radi postizanja maksimalne u\u010dinkovitosti.","parent":0,"count":4,"filter":"raw"}],"product_brand":[],"product_cat":[5420,5419,3827,3837,3830,3838,5418,3831,3845],"product_tag":[],"class_list":{"0":"post-59236","1":"product","2":"type-product","3":"status-publish","4":"has-post-thumbnail","6":"brand-lifeextension-hr","7":"product_cat-akcija-hr","8":"product_cat-antioksidanti-hr","9":"product_cat-detoksikacija-i-jetra","10":"product_cat-energija-i-motivacija","11":"product_cat-imunoloski-sustav","12":"product_cat-kontrola-stresa","13":"product_cat-ostalo-hr","14":"product_cat-pamcenje-i-zdravlje-mozga","15":"product_cat-spavanje-nesanica","17":"first","18":"outofstock","19":"taxable","20":"shipping-taxable","21":"purchasable","22":"product-type-simple"},"_links":{"self":[{"href":"https:\/\/fmed.eu\/hr\/wp-json\/wp\/v2\/product\/59236","targetHints":{"allow":["GET"]}}],"collection":[{"href":"https:\/\/fmed.eu\/hr\/wp-json\/wp\/v2\/product"}],"about":[{"href":"https:\/\/fmed.eu\/hr\/wp-json\/wp\/v2\/types\/product"}],"replies":[{"embeddable":true,"href":"https:\/\/fmed.eu\/hr\/wp-json\/wp\/v2\/comments?post=59236"}],"version-history":[{"count":0,"href":"https:\/\/fmed.eu\/hr\/wp-json\/wp\/v2\/product\/59236\/revisions"}],"wp:featuredmedia":[{"embeddable":true,"href":"https:\/\/fmed.eu\/hr\/wp-json\/wp\/v2\/media\/54584"}],"wp:attachment":[{"href":"https:\/\/fmed.eu\/hr\/wp-json\/wp\/v2\/media?parent=59236"}],"wp:term":[{"taxonomy":"brand","embeddable":true,"href":"https:\/\/fmed.eu\/hr\/wp-json\/wp\/v2\/etheme_brands?post=59236"},{"taxonomy":"product_brand","embeddable":true,"href":"https:\/\/fmed.eu\/hr\/wp-json\/wp\/v2\/product_brand?post=59236"},{"taxonomy":"product_cat","embeddable":true,"href":"https:\/\/fmed.eu\/hr\/wp-json\/wp\/v2\/product_cat?post=59236"},{"taxonomy":"product_tag","embeddable":true,"href":"https:\/\/fmed.eu\/hr\/wp-json\/wp\/v2\/product_tag?post=59236"}],"curies":[{"name":"wp","href":"https:\/\/api.w.org\/{rel}","templated":true}]}}