{"id":59240,"date":"2018-08-03T06:25:22","date_gmt":"2018-08-03T04:25:22","guid":{"rendered":"https:\/\/fmed.eu\/product\/vitamin-b-5-pantetin-pantetin\/"},"modified":"2025-04-22T13:03:20","modified_gmt":"2025-04-22T11:03:20","slug":"vitamin-b-5-pantetin-pantetin","status":"publish","type":"product","link":"https:\/\/fmed.eu\/hr\/proizvod\/vitamin-b-5-pantetin-pantetin\/","title":{"rendered":"Vitamin B5 (pantetin)"},"content":{"rendered":"<h2>Jarrow Fromulas Pantethine<\/h2>\n<p>Pantetin je derivat pantotenske kiseline (vitamin B-5). Jarrow formule koriste <a href=\"https:\/\/pantesin.com\/pantesin-pantethine-infographic\">Pantesin \u00ae<\/a>oblik Pantethine, koji je klini\u010dki istra\u017een, \u010dist i u\u010dinkovit. <a href=\"https:\/\/pantesin.com\/pantesin-pantethine-infographic\">Pantesin \u00ae<\/a> se istra\u017euje s zabilje\u017eenim pozitivnim u\u010dincima vi\u0161e od 35 godina.<\/p>\n<h3>Uloga vitamina B5 u metabolizmu<\/h3>\n<p>Vitamin B5 ili Pantetin poti\u010de aktivnost koenzima A (CoA) i proteina za prijenos acila (ACP), koji sudjeluju u proizvodnji i transportu kolesterola.<\/p>\n<h3>Vitamin B5 poma\u017ee<\/h3>\n<ul>\n<li>kod Osloba\u0111anje energije u tijelu, \u0161to dovodi do smanjenog umora i iscrpljenosti<\/li>\n<li>Sintezi steroidnih (spolnih) hormona, vitamina D i nosa\u010da \u017eiv\u010danog impulsa<\/li>\n<li>Pobolj\u0161anju kognitivnih i mentalnih sposobnosti (u\u010denje, koncentracija, fokus, logi\u010dki zaklju\u010dak)<\/li>\n<\/ul>\n<p>Jarrow Formuals Pantethine je u obliku mekih gel kapsula s boljom apsorpcijom. Lako ih je progutati.<\/p>\n<p>&nbsp;<\/p>\n<p>&nbsp;<\/p>\n","protected":false},"excerpt":{"rendered":"<p>Derivat vitamina B5 za vi\u0161e energije, uravnote\u017eene hormone i bolje mentalne sposobnosti.<\/p>\n","protected":false},"featured_media":64588,"comment_status":"open","ping_status":"closed","template":"","meta":[],"etheme_brands":[{"term_id":4720,"name":"Jarrow Formulas","slug":"jarrow-formulas-hr","term_group":0,"term_taxonomy_id":4720,"taxonomy":"brand","description":"Jarrow Formulas (tvrtka sa sjedi\u0161tem u Los Angelesu) dizajner je i dobavlja\u010d vrhunskih dodataka prehrani. Tvrtka je osnovana 1977. Cjelokupna linija Jarrow Formulas uklju\u010duje vitamine, minerale, probiotike, standardizirane biljne koncentrate, aminokiseline i enzime.\r\nTvrtka tako\u0111er financira istra\u017eiva\u010dke studije o va\u017enosti prehrambenih proizvoda poput CoQ10. Cilj tvrtke je promicanje optimalnog zdravlja prehrambenim dodacima visoke kvalitete, u\u010dinkovitosti, dostupnosti i u vrhunskim oblicima.","parent":0,"count":27,"filter":"raw"}],"product_brand":[],"product_cat":[3837,3831,3832,3829],"product_tag":[],"class_list":{"0":"post-59240","1":"product","2":"type-product","3":"status-publish","4":"has-post-thumbnail","6":"brand-jarrow-formulas-hr","7":"product_cat-energija-i-motivacija","8":"product_cat-pamcenje-i-zdravlje-mozga","9":"product_cat-podrska-za-srce-i-krvne-zile","10":"product_cat-vitamini-i-minerali","12":"first","13":"outofstock","14":"taxable","15":"shipping-taxable","16":"purchasable","17":"product-type-simple"},"_links":{"self":[{"href":"https:\/\/fmed.eu\/hr\/wp-json\/wp\/v2\/product\/59240","targetHints":{"allow":["GET"]}}],"collection":[{"href":"https:\/\/fmed.eu\/hr\/wp-json\/wp\/v2\/product"}],"about":[{"href":"https:\/\/fmed.eu\/hr\/wp-json\/wp\/v2\/types\/product"}],"replies":[{"embeddable":true,"href":"https:\/\/fmed.eu\/hr\/wp-json\/wp\/v2\/comments?post=59240"}],"version-history":[{"count":0,"href":"https:\/\/fmed.eu\/hr\/wp-json\/wp\/v2\/product\/59240\/revisions"}],"wp:featuredmedia":[{"embeddable":true,"href":"https:\/\/fmed.eu\/hr\/wp-json\/wp\/v2\/media\/64588"}],"wp:attachment":[{"href":"https:\/\/fmed.eu\/hr\/wp-json\/wp\/v2\/media?parent=59240"}],"wp:term":[{"taxonomy":"brand","embeddable":true,"href":"https:\/\/fmed.eu\/hr\/wp-json\/wp\/v2\/etheme_brands?post=59240"},{"taxonomy":"product_brand","embeddable":true,"href":"https:\/\/fmed.eu\/hr\/wp-json\/wp\/v2\/product_brand?post=59240"},{"taxonomy":"product_cat","embeddable":true,"href":"https:\/\/fmed.eu\/hr\/wp-json\/wp\/v2\/product_cat?post=59240"},{"taxonomy":"product_tag","embeddable":true,"href":"https:\/\/fmed.eu\/hr\/wp-json\/wp\/v2\/product_tag?post=59240"}],"curies":[{"name":"wp","href":"https:\/\/api.w.org\/{rel}","templated":true}]}}