{"id":59246,"date":"2018-10-03T18:57:07","date_gmt":"2018-10-03T18:57:07","guid":{"rendered":"https:\/\/fmed.eu\/product\/probavni-enzimi-jarro-zymes-plus\/"},"modified":"2025-01-21T10:39:55","modified_gmt":"2025-01-21T10:39:55","slug":"probavni-enzimi-jarro-zymes-plus","status":"publish","type":"product","link":"https:\/\/fmed.eu\/hr\/proizvod\/probavni-enzimi-jarro-zymes-plus\/","title":{"rendered":"Probavni enzimi (Jarro-Zymes Plus)"},"content":{"rendered":"<h2>Jarrow Formulas Jarro-Zymes \u00ae Plus (Digestive enzymes)<\/h2>\n<p>Jarrow Zymes sadr\u017ei kompleks probavnih enzima koji su najsli\u010dniji onima koje izlu\u010duje ljudsko tijelo. Biljni enzimi nisu isti kao oni koje ljudi proizvode i trebaju, pa stoga nisu jednako u\u010dinkoviti. Enzimi moraju biti prikladni za vrstu probavnog sustava i ne toliko sli\u010dni hrani koju jedemo.<\/p>\n<p>Poznata je \u010dinjenica da se s godinama aktivnost \u017elijezda s unutarnjim lu\u010denjem smanjuje, \u0161to mo\u017ee dovesti do raznih nesta\u0161ica. Unutarnje \u017elijezde tako\u0111er lu\u010de probavne enzime (gu\u0161tera\u010da).<\/p>\n<p>Lo\u0161e probavljena hrana mo\u017ee stvoriti hrpu neugodnosti, kao i ozbiljne zdravstvene probleme.<\/p>\n<p>Svaka kapsula Jarro-Zymes plus osigurava crijevima dozu lipaze, proteaze i Amilaze.<\/p>\n<h3>\u0160to su probavni enzimi?<\/h3>\n<p>Probavni enzimi su uobi\u010dajeni enzimi koji razgra\u0111uju makromolekule na manje dijelove, poma\u017eu\u0107i im tako da ih apsorbiraju. Smje\u0161teni su u probavnom traktu \u017eivotinja (uklju\u010duju\u0107i ljude). Neki probavni enzimi nalaze se i u slini. Neki probavni enzimi nalaze se i u slini.<\/p>\n<p>Poznate su tri glavne vrste enzima:<\/p>\n<ul>\n<li>Proteaze i peptidaze koje razdvajaju proteine \u200b\u200bu manje peptide i razgra\u0111uju ih u pojedina\u010dne aminokiseline<\/li>\n<li>Lipaze, koje masno\u0107u razdvaja na tri masne kiseline i glicerol,<\/li>\n<li>Amilaze koje odvajaju slo\u017eene ugljikohidrate (npr. \u0160krob) do \u0161e\u0107era.<\/li>\n<\/ul>\n<p>&nbsp;<\/p>\n","protected":false},"excerpt":{"rendered":"<p>Skup enzima za bolju probavu masti, proteina i \u0161kroba.<\/p>\n","protected":false},"featured_media":0,"comment_status":"open","ping_status":"open","template":"","meta":[],"etheme_brands":[],"product_brand":[],"product_cat":[3715,3834],"product_tag":[],"class_list":{"0":"post-59246","1":"product","2":"type-product","3":"status-publish","5":"product_cat-ostalo","6":"product_cat-probava-zeludac-crijeva","8":"first","9":"outofstock","10":"taxable","11":"shipping-taxable","12":"purchasable","13":"product-type-simple"},"_links":{"self":[{"href":"https:\/\/fmed.eu\/hr\/wp-json\/wp\/v2\/product\/59246","targetHints":{"allow":["GET"]}}],"collection":[{"href":"https:\/\/fmed.eu\/hr\/wp-json\/wp\/v2\/product"}],"about":[{"href":"https:\/\/fmed.eu\/hr\/wp-json\/wp\/v2\/types\/product"}],"replies":[{"embeddable":true,"href":"https:\/\/fmed.eu\/hr\/wp-json\/wp\/v2\/comments?post=59246"}],"version-history":[{"count":0,"href":"https:\/\/fmed.eu\/hr\/wp-json\/wp\/v2\/product\/59246\/revisions"}],"wp:attachment":[{"href":"https:\/\/fmed.eu\/hr\/wp-json\/wp\/v2\/media?parent=59246"}],"wp:term":[{"taxonomy":"brand","embeddable":true,"href":"https:\/\/fmed.eu\/hr\/wp-json\/wp\/v2\/etheme_brands?post=59246"},{"taxonomy":"product_brand","embeddable":true,"href":"https:\/\/fmed.eu\/hr\/wp-json\/wp\/v2\/product_brand?post=59246"},{"taxonomy":"product_cat","embeddable":true,"href":"https:\/\/fmed.eu\/hr\/wp-json\/wp\/v2\/product_cat?post=59246"},{"taxonomy":"product_tag","embeddable":true,"href":"https:\/\/fmed.eu\/hr\/wp-json\/wp\/v2\/product_tag?post=59246"}],"curies":[{"name":"wp","href":"https:\/\/api.w.org\/{rel}","templated":true}]}}