{"id":59254,"date":"2018-08-03T06:25:33","date_gmt":"2018-08-03T04:25:33","guid":{"rendered":"https:\/\/fmed.eu\/product\/theanine-serene-relora-2\/"},"modified":"2025-03-04T11:52:16","modified_gmt":"2025-03-04T11:52:16","slug":"theanine-serene-relora-2","status":"publish","type":"product","link":"https:\/\/fmed.eu\/hr\/proizvod\/theanine-serene-relora-2\/","title":{"rendered":"Theanine Serene s Relorom"},"content":{"rendered":"<h2>L-Theanine Serene s Relorom<\/h2>\n<p>Theanine Serene s Relorom u\u010dinkovita je mje\u0161avina ajurvedskog bilja i tradicionalne kineske medicine s kvalitetnim magnezijem namijenjenim uzimanju popodne i prije spavanja.<\/p>\n<h3>Theanine<\/h3>\n<p>L-Theanine je jedan od glavnih aktivnih sastojaka zelenog \u010daja. Theanin je svojevrsna protute\u017ea poticajnom u\u010dinku zelenog \u010daja. Nalikuje aminokiselini i oba neurotransmitera koji se od nje stvaraju (GABA i glutamat) i mogu pro\u0107i krvno-mo\u017edanu barijeru.<\/p>\n<h3>Taurin<\/h3>\n<p>Taurin je aminokiselina koja se u velikim koli\u010dinama nalazi i u hrani. Mogli biste primijetiti i da se nalazi u svim energetskim pi\u0107ima, gdje se dodaje kako bi se sprije\u010dili \u0161tetni u\u010dinci predoziranja stimulansima. Taurin je organska kiselina koja djeluje kao stabilizator lipidnih stanica i tako\u0111er kao antioksidans.<\/p>\n<h3>GABA<\/h3>\n<p>GABA (gama amino masla\u010dna kiselina) je neurotransmiter u mozgu koji djeluje suprotno glutamatu.<\/p>\n<h3>Relora<\/h3>\n<p>Relora je u\u010dinkovita mje\u0161avina dvije zanimljive biljke Phellodendron i Magnolia. Potje\u010de iz tradicionalne kineske medicine i uspje\u0161no se koristi stolje\u0107ima.<\/p>\n<h4>Magnolija<\/h4>\n<p>Dva aktivna sastojka u magnoliji su Honikol i Magnolol. Magnolija se mo\u017ee na\u0107i u \u010dajevima, iako su ekstrakti puno bolji jer su mnoge korisne tvari i topive u mastima te ih treba unositi s hranom kako bi se u potpunosti apsorbirale. Neki \u010dak koriste magnoliju za klistiranje koje je jo\u0161 vi\u0161e bioaktivno.<\/p>\n<h4>Phellodendron amurense<\/h4>\n<p>Phellodendron amurense je poznata stara kineska ljekovita biljka. Biljka sadr\u017ei mnogo u\u010dinkovitih tvari topivih u vodi i mastima, pa je proizvod po\u017eeljno uzimati s obrokom koji poma\u017ee u apsorpciji oba.<\/p>\n<h3>Tulsi (sveti bosiljak)<\/h3>\n<p>Smjesi Relora i Theanine dodaje se kvalitetan magnezij u obliku kelata i ajurvedske biljke Tulsi, koja se naziva i Sveti bosiljak.<\/p>\n<p>&nbsp;<\/p>\n<p>&nbsp;<\/p>\n<p>&nbsp;<\/p>\n","protected":false},"excerpt":{"rendered":"<p>Izvrsna mje\u0161avina bilja iz ayurvede i tradicionalne kineske medicine i magnezija namijenjena uzimanju nakon stresnog dana i prije spavanja.<\/p>\n","protected":false},"featured_media":64505,"comment_status":"open","ping_status":"closed","template":"","meta":[],"etheme_brands":[{"term_id":4712,"name":"Source Naturals","slug":"source-naturals-hr","term_group":0,"term_taxonomy_id":4712,"taxonomy":"brand","description":"Source Naturals prisutan je na svjetskom tr\u017ei\u0161tu od 1982. godine. Uzde su u rukama redateljice Ire Goldberg koja cijelo to vrijeme poku\u0161ava slijediti glavni cilj, a to je: podr\u017eati potencijal svakog pojedinca da u\u017eiva u optimalnom zdravlju. U tim po\u010detnim trenucima ideja kombiniranja snova o hrani, ljekovitog bilja i farmaceutskih dodataka bila je prava rijetkost. Tvrtka se danas mo\u017ee pohvaliti mnogim nagra\u0111ivanim formulama koje su prepoznate i poznate po svojoj izvrsnosti. Tome u prilog idu i neovisna istra\u017eivanja i nutritivna analiza.","parent":0,"count":18,"filter":"raw"}],"product_brand":[],"product_cat":[5419,3843,3838,3831,3845,3829],"product_tag":[],"class_list":{"0":"post-59254","1":"product","2":"type-product","3":"status-publish","4":"has-post-thumbnail","6":"brand-source-naturals-hr","7":"product_cat-antioksidanti-hr","8":"product_cat-bilje-ekstrakti-i-tinkture","9":"product_cat-kontrola-stresa","10":"product_cat-pamcenje-i-zdravlje-mozga","11":"product_cat-spavanje-nesanica","12":"product_cat-vitamini-i-minerali","14":"first","15":"outofstock","16":"taxable","17":"shipping-taxable","18":"purchasable","19":"product-type-simple"},"_links":{"self":[{"href":"https:\/\/fmed.eu\/hr\/wp-json\/wp\/v2\/product\/59254","targetHints":{"allow":["GET"]}}],"collection":[{"href":"https:\/\/fmed.eu\/hr\/wp-json\/wp\/v2\/product"}],"about":[{"href":"https:\/\/fmed.eu\/hr\/wp-json\/wp\/v2\/types\/product"}],"replies":[{"embeddable":true,"href":"https:\/\/fmed.eu\/hr\/wp-json\/wp\/v2\/comments?post=59254"}],"version-history":[{"count":0,"href":"https:\/\/fmed.eu\/hr\/wp-json\/wp\/v2\/product\/59254\/revisions"}],"wp:featuredmedia":[{"embeddable":true,"href":"https:\/\/fmed.eu\/hr\/wp-json\/wp\/v2\/media\/64505"}],"wp:attachment":[{"href":"https:\/\/fmed.eu\/hr\/wp-json\/wp\/v2\/media?parent=59254"}],"wp:term":[{"taxonomy":"brand","embeddable":true,"href":"https:\/\/fmed.eu\/hr\/wp-json\/wp\/v2\/etheme_brands?post=59254"},{"taxonomy":"product_brand","embeddable":true,"href":"https:\/\/fmed.eu\/hr\/wp-json\/wp\/v2\/product_brand?post=59254"},{"taxonomy":"product_cat","embeddable":true,"href":"https:\/\/fmed.eu\/hr\/wp-json\/wp\/v2\/product_cat?post=59254"},{"taxonomy":"product_tag","embeddable":true,"href":"https:\/\/fmed.eu\/hr\/wp-json\/wp\/v2\/product_tag?post=59254"}],"curies":[{"name":"wp","href":"https:\/\/api.w.org\/{rel}","templated":true}]}}