{"id":59270,"date":"2018-08-03T06:25:42","date_gmt":"2018-08-03T06:25:42","guid":{"rendered":"https:\/\/fmed.eu\/product\/vitex-cedno-drvo-hormoni-menopauza-menstruacija\/"},"modified":"2025-03-04T11:52:18","modified_gmt":"2025-03-04T11:52:18","slug":"vitex-cedno-drvo-hormoni-menopauza-menstruacija","status":"publish","type":"product","link":"https:\/\/fmed.eu\/hr\/proizvod\/vitex-cedno-drvo-hormoni-menopauza-menstruacija\/","title":{"rendered":"VITEX (Chasteberry)"},"content":{"rendered":"<p><strong>Nature&#8217;s Way Vitex<\/strong><\/p>\n<p><strong>Vitex<\/strong>Agnus-castus ili Chaste stablo, drvo je mediteranskog podru\u010dja i jedno je od rijetkih stabala tipa Vitex koje raste izvan tropskog podru\u010dja. U uporabi je tisu\u0107lje\u0107ima, a sada ga ponovno otkrivamo. Dugo se vremena smatrao afrodizijakom, ali danas se uglavnom koristi za <strong>podr\u0161ku menstrualnim problemima<\/strong> i za prevenciju <strong>PMS<\/strong>-a (pred menstrualni sindrom).<\/p>\n<p>Vitex je dodatak dobiven iz bobica drve\u0107a agnus-castus. U vi\u0161e studija, Vitex je pokazao u\u010dinke koji su se smanjili:<\/p>\n<ul>\n<li>vru\u0107ice,<\/li>\n<li>nadutost povezana s menstruacijom,<\/li>\n<li>promjene raspolo\u017eenja,<\/li>\n<li>problemi sa spavanjem,<\/li>\n<li>depresija,<\/li>\n<li>menstrualni gr\u010devi.<\/li>\n<\/ul>\n<p>Istra\u017eivanja sugeriraju da mo\u017ee regulirati <strong>estrogen<\/strong> &#8211; posebno kada je nizak, ali njegov glavni u\u010dinak djelovanja sli\u010dan je dopaminu, koji sni\u017eava razinu <strong>prolaktina<\/strong>, hormona koji je pove\u0107an u <strong>PMS<\/strong>-u. Tako\u0111er mo\u017ee djelovati osloba\u0111anjem <strong>beta-endrofina<\/strong>, koji su op\u0107enito niski u vremenu prije menstruacije.<\/p>\n<p>Vitex mo\u017ee:<\/p>\n<ul>\n<li>pomo\u0107i tijekom <strong>menstrualnog ciklusa<\/strong>.<\/li>\n<li>poma\u017eu u smanjenju <strong>simptoma menopauze<\/strong>.<\/li>\n<li>poma\u017eu u odr\u017eavanju pokretljivosti i fleksibilnosti <strong>zglobova<\/strong>.<\/li>\n<\/ul>\n<p>&nbsp;<\/p>\n","protected":false},"excerpt":{"rendered":"<p>Vitex poma\u017ee kod menstrualnih i menopauzalnih problema te pokretljivosti zglobova.<\/p>\n","protected":false},"featured_media":55372,"comment_status":"open","ping_status":"closed","template":"","meta":[],"etheme_brands":[{"term_id":4721,"name":"Nature's Way","slug":"natures-way-hr","term_group":0,"term_taxonomy_id":4721,"taxonomy":"brand","description":"Tvrtka je osnovana na ideju Toma Murdocka 1968. godine. Gospodin je tra\u017eio na\u010din da pobolj\u0161a zdravlje svoje supruge. Kad ga je konvencionalna medicina iznevjerila, pribjegao je tradicionalnom lije\u010denju Indijanaca. Njihovo lije\u010denje temelji se na ljekovitoj mo\u0107i biljaka. To je stvorilo tvrtku koja danas nastoji prona\u0107i idealan put izme\u0111u prirode i moderne znanosti.","parent":0,"count":5,"filter":"raw"}],"product_brand":[],"product_cat":[3843,3827,3839],"product_tag":[],"class_list":{"0":"post-59270","1":"product","2":"type-product","3":"status-publish","4":"has-post-thumbnail","6":"brand-natures-way-hr","7":"product_cat-bilje-ekstrakti-i-tinkture","8":"product_cat-detoksikacija-i-jetra","9":"product_cat-upala-kosti-i-zglobovi","11":"first","12":"outofstock","13":"taxable","14":"shipping-taxable","15":"purchasable","16":"product-type-simple"},"_links":{"self":[{"href":"https:\/\/fmed.eu\/hr\/wp-json\/wp\/v2\/product\/59270","targetHints":{"allow":["GET"]}}],"collection":[{"href":"https:\/\/fmed.eu\/hr\/wp-json\/wp\/v2\/product"}],"about":[{"href":"https:\/\/fmed.eu\/hr\/wp-json\/wp\/v2\/types\/product"}],"replies":[{"embeddable":true,"href":"https:\/\/fmed.eu\/hr\/wp-json\/wp\/v2\/comments?post=59270"}],"version-history":[{"count":0,"href":"https:\/\/fmed.eu\/hr\/wp-json\/wp\/v2\/product\/59270\/revisions"}],"wp:featuredmedia":[{"embeddable":true,"href":"https:\/\/fmed.eu\/hr\/wp-json\/wp\/v2\/media\/55372"}],"wp:attachment":[{"href":"https:\/\/fmed.eu\/hr\/wp-json\/wp\/v2\/media?parent=59270"}],"wp:term":[{"taxonomy":"brand","embeddable":true,"href":"https:\/\/fmed.eu\/hr\/wp-json\/wp\/v2\/etheme_brands?post=59270"},{"taxonomy":"product_brand","embeddable":true,"href":"https:\/\/fmed.eu\/hr\/wp-json\/wp\/v2\/product_brand?post=59270"},{"taxonomy":"product_cat","embeddable":true,"href":"https:\/\/fmed.eu\/hr\/wp-json\/wp\/v2\/product_cat?post=59270"},{"taxonomy":"product_tag","embeddable":true,"href":"https:\/\/fmed.eu\/hr\/wp-json\/wp\/v2\/product_tag?post=59270"}],"curies":[{"name":"wp","href":"https:\/\/api.w.org\/{rel}","templated":true}]}}