{"id":59276,"date":"2018-08-03T06:25:47","date_gmt":"2018-08-03T06:25:47","guid":{"rendered":"https:\/\/fmed.eu\/product\/vitamin-c-sa-sipkom-bioflavonoidi\/"},"modified":"2025-05-27T11:34:35","modified_gmt":"2025-05-27T09:34:35","slug":"vitamin-c-sa-sipkom-bioflavonoidi","status":"publish","type":"product","link":"https:\/\/fmed.eu\/hr\/proizvod\/vitamin-c-sa-sipkom-bioflavonoidi\/","title":{"rendered":"Vitamin C 1000 s \u0161ipkom i bioflavonoidima"},"content":{"rendered":"<h2>NOW Foods Vitamin C 1000 s \u0161ipkom i bioflavonoidima<\/h2>\n<p>Trenutno na tr\u017ei\u0161tu postoji velika nesta\u0161ica vitamina C. Trenutno na zalihi imamo <a href=\"\/?p=38995\">Healthy Origins vitamin C 1000mg<\/a>.<\/p>\n<p>SADA Vitamin C Hrana donijet \u0107e vam 1000 mg vitamina C u svakoj tableti u prirodnom obliku (askorbinska kiselina) s dodatkom Bioflavonoida i \u0161ipka \u0161to dodatno simulira unos vitamina C iz hrane.<\/p>\n<p>Zbog svog sastava vitamin C u takvom obliku utje\u010de na apsorpciju \u017eeljeza iz hrane (uglavnom omogu\u0107avaju\u0107i dodatnu apsorpciju anorganskog, biljnog \u017eeljeza). Na taj na\u010din mo\u017ee biti korisna kod anemije i nedostatka \u017eeljeza.<\/p>\n<p>To je jedan od vitalnih vitamina za koji je dokazano da nedostaje na\u0161oj prehrani.<\/p>\n<p>Posebno je poznat po svojim antioksidativnim svojstvima i blagotvorno djeluje na imunolo\u0161ki sustav, posebno u jesenskim i zimskim mjesecima.<\/p>\n<p>Me\u0111utim, zaboravljamo da je vitamin C izuzetno va\u017ean za stvaranje kolagena koji je va\u017ean za zdravu i lijepu ko\u017eu, kosti, vene, hrskavicu, desni i zube. Njegov utjecaj na kolagen toliko je mo\u0107an da su njegova pozitivna svojstva otkrivena upravo zbog ove karakteristike. Vrlo jak nedostatak vitamina C izazvat \u0107e skorbut.<\/p>\n<h3>Vitamin C i skorbut<\/h3>\n<p>Skorbut je bolest uzrokovana nedostatkom vitamina C. Prvi simptomi uklju\u010duju umor, slabost i te\u0161ke noge i \u0161ake. Tada smanjuje broj crvenih krvnih zrnaca, a zatim uzrokuje bolest desni (krvarenje zubnog mesa), svoj najkarakteristi\u010dniji simptom. Zatim slijede promjene na kosi i ko\u017ei koja tako\u0111er po\u010dinje krvariti, a rane polako zarastaju.<\/p>\n<p>Skurbut su opisivali drevni Egip\u0107ani koji su otkrili da ga spre\u010dava konzumacija citrusa, raj\u010dice i krumpira. Kasnije je to postao glavni problem dugih morskih ekspedicija, gdje je ve\u0107ina posade mogla stradati i nakon mjesec dana. Stoga su 1795. godine Englezi prihvatili zdravstvenu reformu koja je svim mornarima preporu\u010dila upotrebu soka od limuna.<\/p>\n<p>Otkri\u0107e <strong>vitamina C<\/strong> pripisuje se ma\u0111arskom fiziologu Albertu Szent-Gy\u00f6rgyijuu, koji je tako\u0111er dobio Nobelovu nagradu 1937. godine.<\/p>\n<h3>Now Foods C-1000 sadr\u017ei vitamin C koji:<\/h3>\n<ul>\n<li>va\u017ean je za funkcioniranje imunolo\u0161kog sustava tijekom intenzivne tjelesne aktivnosti i nakon nje (blagotvoran u\u010dinak posti\u017ee se dnevnim unosom od 200 mg, uz preporu\u010deni dnevni unos vitamina C).<\/li>\n<li>Va\u017ean je pri stvaranju kolagena za zdrave vene, kosti, hrskavicu, desni, ko\u017eu, zube<\/li>\n<li>doprinosi osloba\u0111anju energije u metabolizmu<\/li>\n<li>pridonosi funkcioniranju \u017eiv\u010danog sustava<\/li>\n<li>pridonosi normalnom psiholo\u0161kom funkcioniranju<\/li>\n<li>Ima ulogu u funkcioniranju imunolo\u0161kog sustava<\/li>\n<li>va\u017ean pri za\u0161titi stanica od oksidativnog stresa<\/li>\n<li>Doprinosi smanjenju umora i iscrpljenosti<\/li>\n<li>Doprinosi obnavljanju smanjenog oblika vitamina E u njegov aktivni oblik<\/li>\n<li>Pove\u0107ava apsorpciju \u017eeljeza<\/li>\n<\/ul>\n<p>&nbsp;<\/p>\n","protected":false},"excerpt":{"rendered":"<p>1000mg vitamina C u kombinaciji s bioflavonoidima i \u0161ipkom koji simuliraju prirodni unos vitamina C iz hrane. Izvrsno za normalno funkcioniranje imunolo\u0161kog sustava, ljep\u0161u ko\u017eu, zdrave desni i bolju apsorpciju \u017eeljeza iz hrane.<\/p>\n","protected":false},"featured_media":55496,"comment_status":"open","ping_status":"closed","template":"","meta":[],"etheme_brands":[{"term_id":4722,"name":"Now Foods","slug":"now-foods-hr","term_group":0,"term_taxonomy_id":4722,"taxonomy":"brand","description":"Now Foods je obiteljska tvrtka osnovana 1968. godine. Tvrtka pose\u017ee za prirodnim i organskim proizvodima, \u0161to je zaposlenicima i samoj marki donijelo mno\u0161tvo nagrada i priznanja. Sredi\u0161nji moto tvrtke je proizvodnja visokokvalitetnih proizvoda koji su pristupa\u010dni kupcima.","parent":0,"count":12,"filter":"raw"}],"product_brand":[],"product_cat":[5419,3836,3843,3837,3830,3838,3832,5423,5417,3839,3829],"product_tag":[6276,6299,6296],"class_list":{"0":"post-59276","1":"product","2":"type-product","3":"status-publish","4":"has-post-thumbnail","6":"brand-now-foods-hr","7":"product_cat-antioksidanti-hr","8":"product_cat-bebe-i-djeca","9":"product_cat-bilje-ekstrakti-i-tinkture","10":"product_cat-energija-i-motivacija","11":"product_cat-imunoloski-sustav","12":"product_cat-kontrola-stresa","13":"product_cat-podrska-za-srce-i-krvne-zile","14":"product_cat-prehlade","15":"product_cat-slabokrvnost-anemija-hr","16":"product_cat-upala-kosti-i-zglobovi","17":"product_cat-vitamini-i-minerali","18":"product_tag-imunoloski-sustav-hr","19":"product_tag-kolagena","20":"product_tag-koza-hr","22":"first","23":"instock","24":"taxable","25":"shipping-taxable","26":"purchasable","27":"product-type-simple"},"_links":{"self":[{"href":"https:\/\/fmed.eu\/hr\/wp-json\/wp\/v2\/product\/59276","targetHints":{"allow":["GET"]}}],"collection":[{"href":"https:\/\/fmed.eu\/hr\/wp-json\/wp\/v2\/product"}],"about":[{"href":"https:\/\/fmed.eu\/hr\/wp-json\/wp\/v2\/types\/product"}],"replies":[{"embeddable":true,"href":"https:\/\/fmed.eu\/hr\/wp-json\/wp\/v2\/comments?post=59276"}],"version-history":[{"count":0,"href":"https:\/\/fmed.eu\/hr\/wp-json\/wp\/v2\/product\/59276\/revisions"}],"wp:featuredmedia":[{"embeddable":true,"href":"https:\/\/fmed.eu\/hr\/wp-json\/wp\/v2\/media\/55496"}],"wp:attachment":[{"href":"https:\/\/fmed.eu\/hr\/wp-json\/wp\/v2\/media?parent=59276"}],"wp:term":[{"taxonomy":"brand","embeddable":true,"href":"https:\/\/fmed.eu\/hr\/wp-json\/wp\/v2\/etheme_brands?post=59276"},{"taxonomy":"product_brand","embeddable":true,"href":"https:\/\/fmed.eu\/hr\/wp-json\/wp\/v2\/product_brand?post=59276"},{"taxonomy":"product_cat","embeddable":true,"href":"https:\/\/fmed.eu\/hr\/wp-json\/wp\/v2\/product_cat?post=59276"},{"taxonomy":"product_tag","embeddable":true,"href":"https:\/\/fmed.eu\/hr\/wp-json\/wp\/v2\/product_tag?post=59276"}],"curies":[{"name":"wp","href":"https:\/\/api.w.org\/{rel}","templated":true}]}}