{"id":59278,"date":"2018-08-03T06:25:47","date_gmt":"2018-08-03T06:25:47","guid":{"rendered":"https:\/\/fmed.eu\/product\/zeleni-caj-egcg\/"},"modified":"2025-03-04T11:52:19","modified_gmt":"2025-03-04T11:52:19","slug":"zeleni-caj-egcg","status":"publish","type":"product","link":"https:\/\/fmed.eu\/hr\/proizvod\/zeleni-caj-egcg\/","title":{"rendered":"Zeleni \u010daj (ECGC)"},"content":{"rendered":"<h2><strong>Jarrow Formulas Zeleni \u010daj<br \/>\n<\/strong><\/h2>\n<p>Zeleni \u010daj tradicionalno se koristi zbog svojih blagotvornih u\u010dinaka. Zeleni \u010daj proizvodi se od biljke koja se naziva Camellia sinensis, nakon \u0161to se njezini listovi donekle oksidiraju i fermentiraju. Ako li\u0161\u0107e zelenog \u010daja dulje vrijeme fermentiramo, dobivamo crni \u010daj.<\/p>\n<p>Nije va\u017eno samo kakvu vrstu zelenog \u010daja uzimate, ve\u0107 je va\u017eno i gdje je i kako uzgojen. Sadr\u017eaj aktivnih sastojaka (<strong>katehini<\/strong>) utje\u010de na mnoge \u010dimbenike, uklju\u010duju\u0107i <strong>nadmorsku visinu, vrijeme i postupak berbe i su\u0161enja<\/strong>.<\/p>\n<p>Zeleni \u010daj potje\u010de iz Kine, gdje ga koristi <strong>tradicionalna kineska medicina<\/strong> (TKM). Tako\u0111er ima vrlo jaku tradiciju u Japanu.<\/p>\n<p>Glavni polifenoli u zelenom \u010daju su <strong>ECGC<\/strong> (epigalokatehini), epikatehin galat, drugi epikatehini i <strong>flavnoli<\/strong>, imaju sna\u017eno antioksidativno i protuupalno djelovanje. Dodatni flavonoidi sadr\u017eani u zelenom \u010daju su kempferol, <strong>kvercetin<\/strong> i <strong>miricetin<\/strong>.<\/p>\n<p>Zeleni \u010daj Jarrow Formula sadr\u017ei <strong>standardizirani ekstrakt li\u0161\u0107a zelenog \u010daja<\/strong> koji sadr\u017ei najmanje<\/p>\n<ul>\n<li>Od toga 50% polifenola\n<ul>\n<li>30% katehina<\/li>\n<li>15% ECGC (epigallocatechin galate)<\/li>\n<\/ul>\n<\/li>\n<\/ul>\n<p>Standardizirani ekstrakt omogu\u0107uje vam <strong>provjeru i osiguravanje koli\u010dine<\/strong> aktivnih sastojaka, a time i maksimalne performanse. Formule \u017eira Ekstrakt zelenog \u010daja toliko je mo\u0107an da <strong>1 kapsula zamjenjuje \u010dak 8 \u0161alica zelenog \u010daja<\/strong>.<\/p>\n","protected":false},"excerpt":{"rendered":"<p>Zeleni \u010daj je vjerojatno jedno od naj\u010de\u0161\u0107e kori\u0161tenih biljaka na svijetu. Ima puno pozitivnih u\u010dinaka na tijelo. Na\u0161 ekstrakt zamjenjuje \u010dak 8 \u0161alica zelenog \u010daja.<\/p>\n","protected":false},"featured_media":55558,"comment_status":"open","ping_status":"closed","template":"","meta":[],"etheme_brands":[{"term_id":4720,"name":"Jarrow Formulas","slug":"jarrow-formulas-hr","term_group":0,"term_taxonomy_id":4720,"taxonomy":"brand","description":"Jarrow Formulas (tvrtka sa sjedi\u0161tem u Los Angelesu) dizajner je i dobavlja\u010d vrhunskih dodataka prehrani. Tvrtka je osnovana 1977. Cjelokupna linija Jarrow Formulas uklju\u010duje vitamine, minerale, probiotike, standardizirane biljne koncentrate, aminokiseline i enzime.\r\nTvrtka tako\u0111er financira istra\u017eiva\u010dke studije o va\u017enosti prehrambenih proizvoda poput CoQ10. Cilj tvrtke je promicanje optimalnog zdravlja prehrambenim dodacima visoke kvalitete, u\u010dinkovitosti, dostupnosti i u vrhunskim oblicima.","parent":0,"count":27,"filter":"raw"}],"product_brand":[],"product_cat":[5419,3843,3827,3837,3830,3838,3831,3832,3842,3839],"product_tag":[6257,6390],"class_list":{"0":"post-59278","1":"product","2":"type-product","3":"status-publish","4":"has-post-thumbnail","6":"brand-jarrow-formulas-hr","7":"product_cat-antioksidanti-hr","8":"product_cat-bilje-ekstrakti-i-tinkture","9":"product_cat-detoksikacija-i-jetra","10":"product_cat-energija-i-motivacija","11":"product_cat-imunoloski-sustav","12":"product_cat-kontrola-stresa","13":"product_cat-pamcenje-i-zdravlje-mozga","14":"product_cat-podrska-za-srce-i-krvne-zile","15":"product_cat-regulacija-secera-u-krvi","16":"product_cat-upala-kosti-i-zglobovi","17":"product_tag-energija-hr","18":"product_tag-mozak-hr","20":"first","21":"instock","22":"taxable","23":"shipping-taxable","24":"purchasable","25":"product-type-simple"},"_links":{"self":[{"href":"https:\/\/fmed.eu\/hr\/wp-json\/wp\/v2\/product\/59278","targetHints":{"allow":["GET"]}}],"collection":[{"href":"https:\/\/fmed.eu\/hr\/wp-json\/wp\/v2\/product"}],"about":[{"href":"https:\/\/fmed.eu\/hr\/wp-json\/wp\/v2\/types\/product"}],"replies":[{"embeddable":true,"href":"https:\/\/fmed.eu\/hr\/wp-json\/wp\/v2\/comments?post=59278"}],"version-history":[{"count":0,"href":"https:\/\/fmed.eu\/hr\/wp-json\/wp\/v2\/product\/59278\/revisions"}],"wp:featuredmedia":[{"embeddable":true,"href":"https:\/\/fmed.eu\/hr\/wp-json\/wp\/v2\/media\/55558"}],"wp:attachment":[{"href":"https:\/\/fmed.eu\/hr\/wp-json\/wp\/v2\/media?parent=59278"}],"wp:term":[{"taxonomy":"brand","embeddable":true,"href":"https:\/\/fmed.eu\/hr\/wp-json\/wp\/v2\/etheme_brands?post=59278"},{"taxonomy":"product_brand","embeddable":true,"href":"https:\/\/fmed.eu\/hr\/wp-json\/wp\/v2\/product_brand?post=59278"},{"taxonomy":"product_cat","embeddable":true,"href":"https:\/\/fmed.eu\/hr\/wp-json\/wp\/v2\/product_cat?post=59278"},{"taxonomy":"product_tag","embeddable":true,"href":"https:\/\/fmed.eu\/hr\/wp-json\/wp\/v2\/product_tag?post=59278"}],"curies":[{"name":"wp","href":"https:\/\/api.w.org\/{rel}","templated":true}]}}