{"id":59280,"date":"2018-08-03T04:25:49","date_gmt":"2018-08-03T04:25:49","guid":{"rendered":"https:\/\/fmed.eu\/product\/byron-fromulas-a-sf-tinktura-za-imunoloski-sustav\/"},"modified":"2025-03-04T11:52:19","modified_gmt":"2025-03-04T11:52:19","slug":"byron-fromulas-a-sf-tinktura-za-imunoloski-sustav","status":"publish","type":"product","link":"https:\/\/fmed.eu\/hr\/proizvod\/byron-fromulas-a-sf-tinktura-za-imunoloski-sustav\/","title":{"rendered":"Byron Fromulas A-SF (tinktura za imunolo\u0161ki sustav)"},"content":{"rendered":"<h2>Byron White Fromulas A-SF<\/h2>\n<p>A-SF je dodatak prehrani na \u010demu moramo zahvaliti dr. <a href=\"http:\/\/www.byronwhiteformulas.com\/about\/\" target=\"_blank\" rel=\"noopener noreferrer\">Byronu Whiteu<\/a>. To je mje\u0161avina 13 ekstrakata bilja, uklju\u010duju\u0107i:<\/p>\n<ul>\n<li>Astragalus Membranaceus (korijen),<\/li>\n<li>Momordica Charantia (vo\u0107e),<\/li>\n<li>Sambucus nigra (vo\u0107e),<\/li>\n<li>Lonicera japonica (Cvijet),<\/li>\n<li>Artemisia annua (list),<\/li>\n<li>Isatis tinctoria (Cvijet),<\/li>\n<li>Azadirachta indica (list),<\/li>\n<li>Inula Helenium (korijen),<\/li>\n<li>Stillingia sylvatica (korijen),<\/li>\n<li>Cinnamomum brumannii (kora),<\/li>\n<li>Echinacea angustifolia (list i korijen),<\/li>\n<li>Salivia officinalis (list).<\/li>\n<\/ul>\n<h2>Tinktura A-SF mo\u017ee pomo\u0107i u podizanju imunolo\u0161kog sustava<\/h2>\n<p>Tinktura Byrona Whitea jedna je od najboljih na svijetu. A-SF je prvenstveno namijenjen podizanju imunolo\u0161kog sustava (EFSA provjerava sljede\u0107e tvrdnje):<\/p>\n<ul>\n<li>Echinacea angustifolia &#8211; Podr\u017eava obrambeni mehanizam tijela, utje\u010de na imunolo\u0161ki sustav (EFSA-Q-2008-4967)<\/li>\n<li>Echinacea angustifolia &#8211; doprinosi zdravlju gornjih di\u0161nih putova (EFSA-Q-2008-4471)<\/li>\n<li>Echinacea angustifolia &#8211; doprinosi zdravlju mokra\u0107nog sustava (EFSA-Q-2008-4470)<\/li>\n<li>Astragalus Membranaceus-poma\u017ee kod respiratornih poreme\u0107aja (EFSA-Q-2010-00571)<\/li>\n<li>Astragalus Membranaceus &#8211; Podr\u017eava vlastiti obrambeni mehanizam tijela, imunolo\u0161ki sustav (EFSA-Q-2010-00467)<\/li>\n<li>Astragalus Membranaceus-Pove\u0107ava fiziolo\u0161ku otpornost organizma na prijetnje okoli\u0161a (EFSA-Q-2008-4457)<\/li>\n<li>Astragalus Membranaceus &#8211; poti\u010de pokretljivost i aktivnost sperme (EFSA-Q-2008-3994)<\/li>\n<li>Astragalus Membranaceus &#8211; poma\u017ee u odr\u017eavanju normalnog krvnog tlaka (EFSA-Q-2008-3992)<\/li>\n<li>Astragalus Membranaceus-poma\u017ee u odr\u017eavanju zdravih vena (EFSA-Q-2008-3986)<\/li>\n<li>Sambucus nigra &#8211; podr\u017eava imunolo\u0161ki sustav (EFSA-Q-2008-2867)<\/li>\n<li>Azadirachta indica &#8211; podr\u017eava uravnote\u017eeni metabolizam \u0161e\u0107era i rad oka (EFSA-Q-2008-4700)<\/li>\n<li>Inula Helenium &#8211; Poma\u017ee kod upale grla (EFSA-Q-2008-3011)<\/li>\n<li>Inula Helenium-poma\u017ee u zdravoj probavi (EFSA-Q-2008-3010)<\/li>\n<li>Inula helenium &#8211; bolji rad bubrega i odvod vode iz tijela (EFSA-Q-2008-3013)<\/li>\n<\/ul>\n<p>Svi sastojci su pa\u017eljivo odabrani prvenstveno za jesensko i zimsko razdoblje kada je potrebno pobolj\u0161ati imunolo\u0161ki sustav. Mje\u0161avina bilja u tinkturi djeluje sinergijski.<\/p>\n<p><span lang=\"SL\">Byron White bio je iscjelitelj s 37 godina prakse. Tijekom svog \u017eivota pomogao je preko 25 000 osoba s kroni\u010dnim bolestima i lajmskom bole\u0161\u0107u (boreliozom). Njegov glavni fokus bio je istra\u017eivanje prirodnih ljekovitih biljaka i kako ih pravilno koristiti. Stvorio je 40 biljnih formula koje danas koriste razli\u010diti naturopati, osteopati i drugi prakti\u010dari.<\/span><\/p>\n","protected":false},"excerpt":{"rendered":"<p>Tinktura Byron White A-SF najbolja je mje\u0161avina za podizanje imunolo\u0161kog sustava u borbi protiv gripe i prehlade, posebno u hladnijim jesenskim i zimskim danima.<\/p>\n","protected":false},"featured_media":55638,"comment_status":"open","ping_status":"closed","template":"","meta":[],"etheme_brands":[{"term_id":4719,"name":"Byron White Fromulas","slug":"byron-white-fromulas-hr","term_group":0,"term_taxonomy_id":4719,"taxonomy":"brand","description":"Byron White Formulas je ameri\u010dka tvrtka nazvana po osniva\u010du Dr. Byron Whiteu. Potonji se ve\u0107 37 godina bavi alternativnim lije\u010denjem. Linija proizvoda temelji se na biljkama i njihovim ekstraktima. Njegovi se proizvodi koriste u nekoliko podru\u010dja, poput homeopatije, kiropraktike, akupunkture, kao i lije\u010dnici moderne medicine.","parent":0,"count":2,"filter":"raw"}],"product_brand":[],"product_cat":[3843,3827,3830,3834],"product_tag":[6277,6276],"class_list":{"0":"post-59280","1":"product","2":"type-product","3":"status-publish","4":"has-post-thumbnail","6":"brand-byron-white-fromulas-hr","7":"product_cat-bilje-ekstrakti-i-tinkture","8":"product_cat-detoksikacija-i-jetra","9":"product_cat-imunoloski-sustav","10":"product_cat-probava-zeludac-crijeva","11":"product_tag-hladan","12":"product_tag-imunoloski-sustav-hr","14":"first","15":"instock","16":"taxable","17":"shipping-taxable","18":"purchasable","19":"product-type-simple"},"_links":{"self":[{"href":"https:\/\/fmed.eu\/hr\/wp-json\/wp\/v2\/product\/59280","targetHints":{"allow":["GET"]}}],"collection":[{"href":"https:\/\/fmed.eu\/hr\/wp-json\/wp\/v2\/product"}],"about":[{"href":"https:\/\/fmed.eu\/hr\/wp-json\/wp\/v2\/types\/product"}],"replies":[{"embeddable":true,"href":"https:\/\/fmed.eu\/hr\/wp-json\/wp\/v2\/comments?post=59280"}],"version-history":[{"count":0,"href":"https:\/\/fmed.eu\/hr\/wp-json\/wp\/v2\/product\/59280\/revisions"}],"wp:featuredmedia":[{"embeddable":true,"href":"https:\/\/fmed.eu\/hr\/wp-json\/wp\/v2\/media\/55638"}],"wp:attachment":[{"href":"https:\/\/fmed.eu\/hr\/wp-json\/wp\/v2\/media?parent=59280"}],"wp:term":[{"taxonomy":"brand","embeddable":true,"href":"https:\/\/fmed.eu\/hr\/wp-json\/wp\/v2\/etheme_brands?post=59280"},{"taxonomy":"product_brand","embeddable":true,"href":"https:\/\/fmed.eu\/hr\/wp-json\/wp\/v2\/product_brand?post=59280"},{"taxonomy":"product_cat","embeddable":true,"href":"https:\/\/fmed.eu\/hr\/wp-json\/wp\/v2\/product_cat?post=59280"},{"taxonomy":"product_tag","embeddable":true,"href":"https:\/\/fmed.eu\/hr\/wp-json\/wp\/v2\/product_tag?post=59280"}],"curies":[{"name":"wp","href":"https:\/\/api.w.org\/{rel}","templated":true}]}}