{"id":59282,"date":"2018-08-03T06:25:50","date_gmt":"2018-08-03T06:25:50","guid":{"rendered":"https:\/\/fmed.eu\/product\/vrazja-kandza-kosti-osteoporoza\/"},"modified":"2025-03-04T11:52:19","modified_gmt":"2025-03-04T11:52:19","slug":"vrazja-kandza-kosti-osteoporoza","status":"publish","type":"product","link":"https:\/\/fmed.eu\/hr\/proizvod\/vrazja-kandza-kosti-osteoporoza\/","title":{"rendered":"Vra\u017eja kand\u017ea"},"content":{"rendered":"<h2>Now foods Vra\u017eja kand\u017ea<\/h2>\n<p>Vra\u017eja kand\u017ea ili korijen vra\u017eje kand\u017ee naziv je korijena biljke Harpogophytum procumbens, koja raste u savani Kalahari u Ju\u017enoj Africi, Madagaskaru i namibijskim stepama.<\/p>\n<p>Kao dodatak koriste se suho korijenje. Afri\u010dki i europski iscjelitelji stolje\u0107ima su ga koristili u razne svrhe. Njegovi korisni sastojci su prvenstveno iridoidni glukozidi, uklju\u010duju\u0107i harpagosite. Vra\u017eja kand\u017ea tako\u0111er sadr\u017ei korisne bioflavonoide i fitosterole.<\/p>\n<h2>Dr. Feil u knjizi Prevladavanje artroze i bolova u zglobovima<\/h2>\n<p>Doktor Feil spominje Vra\u017eju kand\u017eu u svojoj terapiji u knjizi <a href=\"http:\/\/www.buca.si\/index.php?nav1=knjigarna&amp;nav2=izdelek&amp;id=4970\" target=\"_blank\" rel=\"noopener noreferrer\">Prevladavanje artroze i bolova u zglobovima<\/a> na stranici 52, gdje tako\u0111er spominje da je Vra\u017eju kand\u017eu potrebno unositi kao dodatak prehrani, budu\u0107i da &#8220;Skuta s za\u010dinom&#8221; nema dovoljno u\u010dinkovite sastojci za postizanje fiziolo\u0161kog u\u010dinka.<\/p>\n<p>Vra\u017eja kand\u017ea u\u010dinkovita je u kombinaciji s <a href=\"\/?p=11368\">kolagenom<\/a>, <a href=\"\/?p=11441\">borom<\/a> i <a href=\"\/?p=11419\">vitaminom C<\/a>.<\/p>\n","protected":false},"excerpt":{"rendered":"<p>Vra\u017eja kand\u017ea tradicionalni je ekstrakt. Tako\u0111er ga preporu\u010duje dr. Feil u svojoj knjizi Prevladavanje artroze i bolova u zglobovima.<\/p>\n","protected":false},"featured_media":55666,"comment_status":"open","ping_status":"closed","template":"","meta":[],"etheme_brands":[{"term_id":4722,"name":"Now Foods","slug":"now-foods-hr","term_group":0,"term_taxonomy_id":4722,"taxonomy":"brand","description":"Now Foods je obiteljska tvrtka osnovana 1968. godine. Tvrtka pose\u017ee za prirodnim i organskim proizvodima, \u0161to je zaposlenicima i samoj marki donijelo mno\u0161tvo nagrada i priznanja. Sredi\u0161nji moto tvrtke je proizvodnja visokokvalitetnih proizvoda koji su pristupa\u010dni kupcima.","parent":0,"count":12,"filter":"raw"}],"product_brand":[],"product_cat":[3843,3832,3839],"product_tag":[],"class_list":{"0":"post-59282","1":"product","2":"type-product","3":"status-publish","4":"has-post-thumbnail","6":"brand-now-foods-hr","7":"product_cat-bilje-ekstrakti-i-tinkture","8":"product_cat-podrska-za-srce-i-krvne-zile","9":"product_cat-upala-kosti-i-zglobovi","11":"first","12":"outofstock","13":"taxable","14":"shipping-taxable","15":"purchasable","16":"product-type-simple"},"_links":{"self":[{"href":"https:\/\/fmed.eu\/hr\/wp-json\/wp\/v2\/product\/59282","targetHints":{"allow":["GET"]}}],"collection":[{"href":"https:\/\/fmed.eu\/hr\/wp-json\/wp\/v2\/product"}],"about":[{"href":"https:\/\/fmed.eu\/hr\/wp-json\/wp\/v2\/types\/product"}],"replies":[{"embeddable":true,"href":"https:\/\/fmed.eu\/hr\/wp-json\/wp\/v2\/comments?post=59282"}],"version-history":[{"count":0,"href":"https:\/\/fmed.eu\/hr\/wp-json\/wp\/v2\/product\/59282\/revisions"}],"wp:featuredmedia":[{"embeddable":true,"href":"https:\/\/fmed.eu\/hr\/wp-json\/wp\/v2\/media\/55666"}],"wp:attachment":[{"href":"https:\/\/fmed.eu\/hr\/wp-json\/wp\/v2\/media?parent=59282"}],"wp:term":[{"taxonomy":"brand","embeddable":true,"href":"https:\/\/fmed.eu\/hr\/wp-json\/wp\/v2\/etheme_brands?post=59282"},{"taxonomy":"product_brand","embeddable":true,"href":"https:\/\/fmed.eu\/hr\/wp-json\/wp\/v2\/product_brand?post=59282"},{"taxonomy":"product_cat","embeddable":true,"href":"https:\/\/fmed.eu\/hr\/wp-json\/wp\/v2\/product_cat?post=59282"},{"taxonomy":"product_tag","embeddable":true,"href":"https:\/\/fmed.eu\/hr\/wp-json\/wp\/v2\/product_tag?post=59282"}],"curies":[{"name":"wp","href":"https:\/\/api.w.org\/{rel}","templated":true}]}}