{"id":59284,"date":"2018-08-03T08:25:50","date_gmt":"2018-08-03T06:25:50","guid":{"rendered":"https:\/\/fmed.eu\/product\/k-right-vitamin-k-mk4-mk7-osteoporoza-2\/"},"modified":"2025-11-18T11:01:06","modified_gmt":"2025-11-18T09:01:06","slug":"k-right-vitamin-k-mk4-mk7-osteoporoza-2","status":"publish","type":"product","link":"https:\/\/fmed.eu\/hr\/proizvod\/k-right-vitamin-k-mk4-mk7-osteoporoza-2\/","title":{"rendered":"K-desno, vitamin K i D (MK7 + MK4)"},"content":{"rendered":"<h3>Jarrow Formulas K-Right<\/h3>\n<p>Jarrow Formulas K-Right je kompleks tri razli\u010dita oblika vitamina K i vitamina D (MK-4, MK-7, K1 i vitamin D3).<\/p>\n<h3>Vitamin K i D poma\u017eu u mineralizaciji kostiju<\/h3>\n<p>Vitamin K i D poma\u017eu tijelu da skladi\u0161ti kalcij u kostima i tako poma\u017ee u mineralizaciji. Na taj na\u010din mogu sprije\u010diti osteoporozu, bol i prijelome kostiju i zglobova te sprije\u010diti kalcinaciju (optere\u0107enje kalcijem u mekim tkivima i venama).<\/p>\n<h3>Kompleks vitamina K<\/h3>\n<p>Vitamin K u prirodi postoji u nekoliko razli\u010ditih oblika. Za na\u0161e tijelo najva\u017eniji je vitamin K2, koji se naj\u010de\u0161\u0107e javlja u dva aktivna oblika, a oba sadr\u017ei K-Right:<\/p>\n<ul>\n<li>Vitamin K2 kao Menakvinon-4 (MK-4)<\/li>\n<li>Vitamin K2 kao Menakvinon-7 (MK-7)<\/li>\n<\/ul>\n<p>Me\u0111u stru\u010dnjacima posebno se cijeni MK-4, koji se zbog tvrde ekstrakcije nalazi u samo nekoliko dodataka.<\/p>\n<h3>Odgovaraju\u0107e doze vitamina K2<\/h3>\n<p>Vitamin K2 u\u010dinkovit je samo u visokim dozama. Neki preporu\u010duju doze od 2000 mcg navi\u0161e. Vitamin K2 nije toksi\u010dan ni u velikim dozama.<\/p>\n<h3>Vitamin K &amp; D<\/h3>\n<p>Vitamin K i vitamin D djeluju sinergijski u usmjeravanju kalcija u kosti pa ih uvijek treba uzimati zajedno. S K-right to mo\u017eete jednostavno u\u010diniti s jednom kapsulom. K-right sadr\u017ei dozu odr\u017eavanja vitamina D, ako imate nedostatak, preporu\u010dujemo kratkoro\u010dni dodatni unos ve\u0107e <a href=\"\/?p=10718\">doze vitamina D<\/a>.<\/p>\n<h2>Najbolja apsorpcija vitamina &#8211; Softgel<\/h2>\n<p>K-Right dolazi u obliku mekih gelova koji sadr\u017ee emulziju vitamina K i D s ekstra djevi\u010danskim maslinovim uljem. Budu\u0107i da su vitamin K i vitamin D vitamini topljivi u mastima, to uvelike pobolj\u0161ava njihovu apsorpciju, a istodobno je lako progutati male, glatke mekane kapsule.<\/p>\n<h4>Dokazano je da vitamin K poma\u017ee kod (tvrdnje potvrdila EFSA):<\/h4>\n<ul>\n<li>Normalno zgru\u0161avanje krvi,<\/li>\n<li>Odr\u017eavanje zdravih kostiju.<\/li>\n<\/ul>\n<h4>Dokazano je da vitamin D hepl koristi sa (tvrdnje potvr\u0111ene od EFSA-e):<\/h4>\n<ul>\n<li>pridonosi normalnoj apsorpciji \/ kori\u0161tenju kalcija i fosfora<\/li>\n<li>pridonosi normalnoj razini kalcija u krvi<\/li>\n<li>Doprinosi odr\u017eavanju zdravih kostiju,<\/li>\n<li>doprinosi radu mi\u0161i\u0107a<\/li>\n<li>pridonosi funkcioniranju imunolo\u0161kog sustava<\/li>\n<li>Ima ulogu u diobi stanica<\/li>\n<\/ul>\n<p>&nbsp;<\/p>\n<p>Kompleks vitamina K &amp; D tako\u0111er preporu\u010duje dr. Feil u svojoj knjizi <a href=\"http:\/\/www.buca.si\/index.php?nav1=knjigarna&amp;nav2=izdelek&amp;id=4970\" target=\"_blank\" rel=\"noopener noreferrer\">Prevladavanje artroze i bolova u zglobovima<\/a>.<\/p>\n<p>&nbsp;<\/p>\n","protected":false},"excerpt":{"rendered":"<p>K-Right kombinira vitamin K i D. Sadr\u017ei K1, MK-4, MK-7 i D3, koji poma\u017eu u odr\u017eavanju zdravih kostiju i vena te mekog tkiva bez kalcifikacija.<\/p>\n","protected":false},"featured_media":56548,"comment_status":"open","ping_status":"closed","template":"","meta":[],"etheme_brands":[{"term_id":4720,"name":"Jarrow Formulas","slug":"jarrow-formulas-hr","term_group":0,"term_taxonomy_id":4720,"taxonomy":"brand","description":"Jarrow Formulas (tvrtka sa sjedi\u0161tem u Los Angelesu) dizajner je i dobavlja\u010d vrhunskih dodataka prehrani. Tvrtka je osnovana 1977. Cjelokupna linija Jarrow Formulas uklju\u010duje vitamine, minerale, probiotike, standardizirane biljne koncentrate, aminokiseline i enzime.\r\nTvrtka tako\u0111er financira istra\u017eiva\u010dke studije o va\u017enosti prehrambenih proizvoda poput CoQ10. Cilj tvrtke je promicanje optimalnog zdravlja prehrambenim dodacima visoke kvalitete, u\u010dinkovitosti, dostupnosti i u vrhunskim oblicima.","parent":0,"count":27,"filter":"raw"}],"product_brand":[],"product_cat":[5420,3832,5423,3835,3839,5414,3829],"product_tag":[],"class_list":{"0":"post-59284","1":"product","2":"type-product","3":"status-publish","4":"has-post-thumbnail","6":"brand-jarrow-formulas-hr","7":"product_cat-akcija-hr","8":"product_cat-podrska-za-srce-i-krvne-zile","9":"product_cat-prehlade","10":"product_cat-upala-autoimune-bolesti","11":"product_cat-upala-kosti-i-zglobovi","12":"product_cat-vitamin-d-hr-2","13":"product_cat-vitamini-i-minerali","15":"first","16":"instock","17":"taxable","18":"shipping-taxable","19":"purchasable","20":"product-type-simple"},"_links":{"self":[{"href":"https:\/\/fmed.eu\/hr\/wp-json\/wp\/v2\/product\/59284","targetHints":{"allow":["GET"]}}],"collection":[{"href":"https:\/\/fmed.eu\/hr\/wp-json\/wp\/v2\/product"}],"about":[{"href":"https:\/\/fmed.eu\/hr\/wp-json\/wp\/v2\/types\/product"}],"replies":[{"embeddable":true,"href":"https:\/\/fmed.eu\/hr\/wp-json\/wp\/v2\/comments?post=59284"}],"version-history":[{"count":0,"href":"https:\/\/fmed.eu\/hr\/wp-json\/wp\/v2\/product\/59284\/revisions"}],"wp:featuredmedia":[{"embeddable":true,"href":"https:\/\/fmed.eu\/hr\/wp-json\/wp\/v2\/media\/56548"}],"wp:attachment":[{"href":"https:\/\/fmed.eu\/hr\/wp-json\/wp\/v2\/media?parent=59284"}],"wp:term":[{"taxonomy":"brand","embeddable":true,"href":"https:\/\/fmed.eu\/hr\/wp-json\/wp\/v2\/etheme_brands?post=59284"},{"taxonomy":"product_brand","embeddable":true,"href":"https:\/\/fmed.eu\/hr\/wp-json\/wp\/v2\/product_brand?post=59284"},{"taxonomy":"product_cat","embeddable":true,"href":"https:\/\/fmed.eu\/hr\/wp-json\/wp\/v2\/product_cat?post=59284"},{"taxonomy":"product_tag","embeddable":true,"href":"https:\/\/fmed.eu\/hr\/wp-json\/wp\/v2\/product_tag?post=59284"}],"curies":[{"name":"wp","href":"https:\/\/api.w.org\/{rel}","templated":true}]}}