{"id":59288,"date":"2018-09-08T15:22:28","date_gmt":"2018-09-08T13:22:28","guid":{"rendered":"https:\/\/fmed.eu\/product\/vitamin-d3-10-000-3\/"},"modified":"2026-04-14T09:35:47","modified_gmt":"2026-04-14T07:35:47","slug":"vitamin-d3-10-000-3","status":"publish","type":"product","link":"https:\/\/fmed.eu\/hr\/proizvod\/vitamin-d3-10-000-3\/","title":{"rendered":"Vitamin D3 10.000 IU"},"content":{"rendered":"<h2>Vitamin D3 10.000 IU u softgelu<\/h2>\n<p>Vitamin D3 jedan je od najpopularnijih vitamina na\u0161eg doba. Dijelom je ova reputacija opravdana, a dijelom, naravno, nije. \u010cinjenica je da vitamin D nije lijek za sve bolesti, ali istina je i da ga nedostaje ve\u0107ini ljudi. Za\u0161to ve\u0107ini ljudi nedostaje vitamin D?<\/p>\n<h3>Za\u0161to ve\u0107ini ljudi nedostaje vitamin D?<\/h3>\n<p>Primarni izvor vitamina D je sun\u010devo UV zra\u010denje, koje stimulira enzime u ko\u017ei koji pretvaraju kolesterol u vitamin D. Jednom smo proveli cijeli dan na suncu, svaki dan, bez ikakve za\u0161tite, i jo\u0161 uvijek \u017eivimo u takvim tijelima.<\/p>\n<p>Istra\u017eivanja pokazuju da biste svakodnevno, u urbanom naselju poput na\u0161eg, trebali biti na suncu gotovo 6 sati bez ko\u0161ulje da biste dobili dovoljno vitamina D.<\/p>\n<p>Naravno, ljudi se razlikuju, pa tako i koli\u010dina vitamina D koju dobivamo od sunca (npr. Tamnija ko\u017ea ote\u017eava proizvodnju vitamina D).<\/p>\n<p>Na\u0161a hrana tako\u0111er osiroma\u0161uje vitaminom D. Najbolji izvor vitamina D je masna riba, zbog \u010dega je <a href=\"\/de?p=9925\">kvalitetno riblje ulje ujedno i dobar izvor vitamina D<\/a>. Na kopnu je dugo bio najve\u0107i prehrambeni izvor vitamina D bila svinjska mast, ali pod uvjetom da su svinje bile na suncu, \u0161to je danas iznimka, a ne pravilo. Biljni izvori kvalitetnog vitamina D nisu poznati.<\/p>\n<p>Biljni izvori kvalitetnog vitamina D nisu poznati. Neke gljive sadr\u017ee visoku razinu vitamina D, koji u obliku D2 (ergokalciferol), koji nije prikladan za ljudsko tijelo, \u010dak mo\u017ee pogor\u0161ati simptome nedostatka vitamina D u tijelu.<\/p>\n<h3>Koji vitamin D trebam odabrati?<\/h3>\n<p>Prije svega, pobrinite se da proizvod bude kvalitetan. Vitamin D nema velike zahtjeve za kvalitetom, ali pripazite da bude u obliku mekih gelova (male mekane kapsule koje sadr\u017ee vitamin D otopljen u ulju, \u0161to pobolj\u0161ava njegovu apsorpciju).<\/p>\n<p>Tako\u0111er pripazite da sadr\u017ei samo vitamin D3 (kolekalciferol), a ne i D2 (ergokalciferol).<\/p>\n<p>Ako tra\u017eite dnevnu dozu odr\u017eavanja, ona \u0107e biti izme\u0111u <a href=\"\/de?p=9895\">2000 i 5000 IU<\/a> dnevno, ali ako imate nedostatak, ima smisla zamijeniti je s 10 000 IU dnevno tijekom nekoliko mjeseci, a zatim provjerite razinu u krvi.<\/p>\n<h3>Ono \u0161to je va\u017eno kod uzimanja vitamina D<\/h3>\n<p>Iznad svega, va\u017eno je prona\u0107i pravu dozu za sebe, jer premalo, kao i previ\u0161e vitamina D, \u0161teti tijelu. Ako imate problema s pronala\u017eenjem doze za sebe, <a href=\"\/de?page_id=6298\">kontaktirajte nas<\/a> i rado \u0107emo vam pomo\u0107i.<\/p>\n<p>Vitamin D uvijek djeluje u kombinaciji s dva druga vitamina topiva u mastima, naime vitaminom A i <a href=\"\/de?p=9924\">vitaminom K<\/a>. Obavezno ih unesite i kako biste izbjegli neravnote\u017eu.<\/p>\n<h3><strong>VITAMIN D ima dokazane pozitivne osobine<\/strong><\/h3>\n<ul>\n<li>pridonosi normalnoj apsorpciji \/ iskori\u0161tavanju kalcija i fosfora<\/li>\n<li>pridonosi normalnoj razini kalcija u krvi<\/li>\n<li>doprinosi odr\u017eavanju zdravih kostiju,<\/li>\n<li>doprinosi radu mi\u0161i\u0107a<\/li>\n<li>pridonosi funkcioniranju imunolo\u0161kog sustava<\/li>\n<li>doprinosi diobi stanica<\/li>\n<\/ul>\n","protected":false},"excerpt":{"rendered":"<p>Vitamin D va\u017ean je za zdravlje mi\u0161i\u0107a i kostiju, rad imunolo\u0161kog sustava, diobu stanica te apsorpciju i metabolizam kalcija i fosfora. To je vitamin koji nedostaje ve\u0107ini ljudi.<\/p>\n","protected":false},"featured_media":56990,"comment_status":"open","ping_status":"closed","template":"","meta":[],"etheme_brands":[{"term_id":4713,"name":"Healthy Origins","slug":"healthy-origins-hr","term_group":0,"term_taxonomy_id":4713,"taxonomy":"brand","description":"Healthy Origins je ameri\u010dka tvrtka osnovana 1996. Mnogi njihovi proizvodi sadr\u017ee patentirane sastojke najboljih proizvo\u0111a\u010da. Tvrtka tvrdi da se u deklaracijama uvijek navode svi sastojci koji se nalaze ili koji \u010dine pojedine proizvode.","parent":0,"count":15,"filter":"raw"}],"product_brand":[],"product_cat":[3837,3830,3832,5423,3835,3839,5414,3829],"product_tag":[6276,6259],"class_list":{"0":"post-59288","1":"product","2":"type-product","3":"status-publish","4":"has-post-thumbnail","6":"brand-healthy-origins-hr","7":"product_cat-energija-i-motivacija","8":"product_cat-imunoloski-sustav","9":"product_cat-podrska-za-srce-i-krvne-zile","10":"product_cat-prehlade","11":"product_cat-upala-autoimune-bolesti","12":"product_cat-upala-kosti-i-zglobovi","13":"product_cat-vitamin-d-hr-2","14":"product_cat-vitamini-i-minerali","15":"product_tag-imunoloski-sustav-hr","16":"product_tag-misici-hr","18":"first","19":"outofstock","20":"taxable","21":"shipping-taxable","22":"purchasable","23":"product-type-variable"},"_links":{"self":[{"href":"https:\/\/fmed.eu\/hr\/wp-json\/wp\/v2\/product\/59288","targetHints":{"allow":["GET"]}}],"collection":[{"href":"https:\/\/fmed.eu\/hr\/wp-json\/wp\/v2\/product"}],"about":[{"href":"https:\/\/fmed.eu\/hr\/wp-json\/wp\/v2\/types\/product"}],"replies":[{"embeddable":true,"href":"https:\/\/fmed.eu\/hr\/wp-json\/wp\/v2\/comments?post=59288"}],"version-history":[{"count":0,"href":"https:\/\/fmed.eu\/hr\/wp-json\/wp\/v2\/product\/59288\/revisions"}],"wp:featuredmedia":[{"embeddable":true,"href":"https:\/\/fmed.eu\/hr\/wp-json\/wp\/v2\/media\/56990"}],"wp:attachment":[{"href":"https:\/\/fmed.eu\/hr\/wp-json\/wp\/v2\/media?parent=59288"}],"wp:term":[{"taxonomy":"brand","embeddable":true,"href":"https:\/\/fmed.eu\/hr\/wp-json\/wp\/v2\/etheme_brands?post=59288"},{"taxonomy":"product_brand","embeddable":true,"href":"https:\/\/fmed.eu\/hr\/wp-json\/wp\/v2\/product_brand?post=59288"},{"taxonomy":"product_cat","embeddable":true,"href":"https:\/\/fmed.eu\/hr\/wp-json\/wp\/v2\/product_cat?post=59288"},{"taxonomy":"product_tag","embeddable":true,"href":"https:\/\/fmed.eu\/hr\/wp-json\/wp\/v2\/product_tag?post=59288"}],"curies":[{"name":"wp","href":"https:\/\/api.w.org\/{rel}","templated":true}]}}