{"id":59290,"date":"2018-09-26T15:45:45","date_gmt":"2018-09-26T15:45:45","guid":{"rendered":"https:\/\/fmed.eu\/product\/neem-2\/"},"modified":"2025-06-16T09:10:12","modified_gmt":"2025-06-16T07:10:12","slug":"neem-2","status":"publish","type":"product","link":"https:\/\/fmed.eu\/hr\/proizvod\/neem-2\/","title":{"rendered":"Neem"},"content":{"rendered":"<h2>Nature&#8217;s Way Neem (ekstrakt li\u0161\u0107a)<\/h2>\n<p>Neki to nazivaju i svjetskim \u010dudom. To je zimzeleno drvo s bijelim cvjetovima i plodovima (lat. Azadirachta Indica, indijski Melija). Prema izvorima, Neem je naj\u010de\u0161\u0107e kori\u0161tena biljka u Ayurvedi. Potje\u010de iz Indije, gdje ga koristi vi\u0161e od 2000 godina. Prvi zapisi stariji su i od 5000 godina, kada je dodan raznim lijekovima i proizvodima za uljep\u0161avanje.<\/p>\n<p>Svi dijelovi stabla su upotrebljivi, a Nature\u2019s way nudi izuzetno kvalitetan ekstrakt li\u0161\u0107a.<\/p>\n<h3>Gdje Neem poma\u017ee?<\/h3>\n<p>Neem se naj\u010de\u0161\u0107e koristi u raznim ayurvedskim ritualima pro\u010di\u0161\u0107avanja, a istra\u017eivanja sugeriraju da su koristi u tome (pod provjerom EFSA-e):<\/p>\n<ul>\n<li>Reguliranje metabolizma \u0161e\u0107era i zdravlja o\u010diju (EFSA-Q-2008-4700)<\/li>\n<li>Djeluje antioksidativno i protuupalno te podupire imunolo\u0161ki sustav (EFSA-Q-2008-4699)<\/li>\n<li>Doprinosi zdravoj ko\u017ei (EFSA-Q-2008-4698)<\/li>\n<li>Podr\u017eava dobru funkciju jetre (EFSA-Q-2008-4697)<\/li>\n<li>Djeluje antibakterijski i podr\u017eava zdravu probavu (EFSA-Q-2008-3999)<\/li>\n<\/ul>\n","protected":false},"excerpt":{"rendered":"<p>Ayurvedsko bilje je dizajnirano za detoksikaciju i pro\u010di\u0161\u0107avanje tijela, ali djeluje i na stabilizaciju \u0161e\u0107era u krvi, ko\u017ee i probave.<\/p>\n","protected":false},"featured_media":57118,"comment_status":"open","ping_status":"closed","template":"","meta":[],"etheme_brands":[{"term_id":4721,"name":"Nature's Way","slug":"natures-way-hr","term_group":0,"term_taxonomy_id":4721,"taxonomy":"brand","description":"Tvrtka je osnovana na ideju Toma Murdocka 1968. godine. Gospodin je tra\u017eio na\u010din da pobolj\u0161a zdravlje svoje supruge. Kad ga je konvencionalna medicina iznevjerila, pribjegao je tradicionalnom lije\u010denju Indijanaca. Njihovo lije\u010denje temelji se na ljekovitoj mo\u0107i biljaka. To je stvorilo tvrtku koja danas nastoji prona\u0107i idealan put izme\u0111u prirode i moderne znanosti.","parent":0,"count":5,"filter":"raw"}],"product_brand":[],"product_cat":[5419,3843,3827,3830,3834,3842],"product_tag":[6387,6276,6388],"class_list":{"0":"post-59290","1":"product","2":"type-product","3":"status-publish","4":"has-post-thumbnail","6":"brand-natures-way-hr","7":"product_cat-antioksidanti-hr","8":"product_cat-bilje-ekstrakti-i-tinkture","9":"product_cat-detoksikacija-i-jetra","10":"product_cat-imunoloski-sustav","11":"product_cat-probava-zeludac-crijeva","12":"product_cat-regulacija-secera-u-krvi","13":"product_tag-detoksikacija-hr","14":"product_tag-imunoloski-sustav-hr","15":"product_tag-jetra-hr","17":"first","18":"outofstock","19":"taxable","20":"shipping-taxable","21":"purchasable","22":"product-type-simple"},"_links":{"self":[{"href":"https:\/\/fmed.eu\/hr\/wp-json\/wp\/v2\/product\/59290","targetHints":{"allow":["GET"]}}],"collection":[{"href":"https:\/\/fmed.eu\/hr\/wp-json\/wp\/v2\/product"}],"about":[{"href":"https:\/\/fmed.eu\/hr\/wp-json\/wp\/v2\/types\/product"}],"replies":[{"embeddable":true,"href":"https:\/\/fmed.eu\/hr\/wp-json\/wp\/v2\/comments?post=59290"}],"version-history":[{"count":0,"href":"https:\/\/fmed.eu\/hr\/wp-json\/wp\/v2\/product\/59290\/revisions"}],"wp:featuredmedia":[{"embeddable":true,"href":"https:\/\/fmed.eu\/hr\/wp-json\/wp\/v2\/media\/57118"}],"wp:attachment":[{"href":"https:\/\/fmed.eu\/hr\/wp-json\/wp\/v2\/media?parent=59290"}],"wp:term":[{"taxonomy":"brand","embeddable":true,"href":"https:\/\/fmed.eu\/hr\/wp-json\/wp\/v2\/etheme_brands?post=59290"},{"taxonomy":"product_brand","embeddable":true,"href":"https:\/\/fmed.eu\/hr\/wp-json\/wp\/v2\/product_brand?post=59290"},{"taxonomy":"product_cat","embeddable":true,"href":"https:\/\/fmed.eu\/hr\/wp-json\/wp\/v2\/product_cat?post=59290"},{"taxonomy":"product_tag","embeddable":true,"href":"https:\/\/fmed.eu\/hr\/wp-json\/wp\/v2\/product_tag?post=59290"}],"curies":[{"name":"wp","href":"https:\/\/api.w.org\/{rel}","templated":true}]}}