{"id":59294,"date":"2018-09-27T14:01:53","date_gmt":"2018-09-27T12:01:53","guid":{"rendered":"https:\/\/fmed.eu\/product\/pqq-mitohondrij-energija\/"},"modified":"2025-03-04T11:52:23","modified_gmt":"2025-03-04T11:52:23","slug":"pqq-mitohondrij-energija","status":"publish","type":"product","link":"https:\/\/fmed.eu\/hr\/proizvod\/pqq-mitohondrij-energija\/","title":{"rendered":"PQQ"},"content":{"rendered":"<h1>Jarrow Formulas PQQ (Pyrroloquinoline quinine)<\/h1>\n<p>PQQ (tako\u0111er Methoxatin) je mala molekula za koju se u po\u010detku smatralo da je vitamin, \u0161to se me\u0111utim, kasnije otkrilo kao pogre\u0161no. Ima sna\u017enu sposobnost za REDOX reakcije, tj. Skupljanje elektrona iz kisika, smanjenje oksidativnog stresa. Nakon upotrebe, glutation ga mo\u017ee reciklirati u prvobitno aktivno stanje. Jedna je od stabilnijih molekula, jer mo\u017ee izvesti tisu\u0107e takvih ciklusa u tijelu prije nego \u0161to se slomi.<\/p>\n<p>U prirodi se PQQ javlja u kivijima i maj\u010dinom mlijeku.<\/p>\n<p>To je relativno nova molekula, otkako je otkrivena 1979. 2003. godine su je \u017eeljeli dodati me\u0111u vitamine, \u0161to je 2005. opovrgnuto.<\/p>\n","protected":false},"excerpt":{"rendered":"<p>Mala molekula s ogromnim antioksidativnim potencijalom.<\/p>\n","protected":false},"featured_media":57166,"comment_status":"open","ping_status":"closed","template":"","meta":[],"etheme_brands":[{"term_id":4720,"name":"Jarrow Formulas","slug":"jarrow-formulas-hr","term_group":0,"term_taxonomy_id":4720,"taxonomy":"brand","description":"Jarrow Formulas (tvrtka sa sjedi\u0161tem u Los Angelesu) dizajner je i dobavlja\u010d vrhunskih dodataka prehrani. Tvrtka je osnovana 1977. Cjelokupna linija Jarrow Formulas uklju\u010duje vitamine, minerale, probiotike, standardizirane biljne koncentrate, aminokiseline i enzime.\r\nTvrtka tako\u0111er financira istra\u017eiva\u010dke studije o va\u017enosti prehrambenih proizvoda poput CoQ10. Cilj tvrtke je promicanje optimalnog zdravlja prehrambenim dodacima visoke kvalitete, u\u010dinkovitosti, dostupnosti i u vrhunskim oblicima.","parent":0,"count":27,"filter":"raw"}],"product_brand":[],"product_cat":[5420,5419,3837,5418,3831,3832],"product_tag":[6257],"class_list":{"0":"post-59294","1":"product","2":"type-product","3":"status-publish","4":"has-post-thumbnail","6":"brand-jarrow-formulas-hr","7":"product_cat-akcija-hr","8":"product_cat-antioksidanti-hr","9":"product_cat-energija-i-motivacija","10":"product_cat-ostalo-hr","11":"product_cat-pamcenje-i-zdravlje-mozga","12":"product_cat-podrska-za-srce-i-krvne-zile","13":"product_tag-energija-hr","15":"first","16":"outofstock","17":"taxable","18":"shipping-taxable","19":"purchasable","20":"product-type-simple"},"_links":{"self":[{"href":"https:\/\/fmed.eu\/hr\/wp-json\/wp\/v2\/product\/59294","targetHints":{"allow":["GET"]}}],"collection":[{"href":"https:\/\/fmed.eu\/hr\/wp-json\/wp\/v2\/product"}],"about":[{"href":"https:\/\/fmed.eu\/hr\/wp-json\/wp\/v2\/types\/product"}],"replies":[{"embeddable":true,"href":"https:\/\/fmed.eu\/hr\/wp-json\/wp\/v2\/comments?post=59294"}],"version-history":[{"count":0,"href":"https:\/\/fmed.eu\/hr\/wp-json\/wp\/v2\/product\/59294\/revisions"}],"wp:featuredmedia":[{"embeddable":true,"href":"https:\/\/fmed.eu\/hr\/wp-json\/wp\/v2\/media\/57166"}],"wp:attachment":[{"href":"https:\/\/fmed.eu\/hr\/wp-json\/wp\/v2\/media?parent=59294"}],"wp:term":[{"taxonomy":"brand","embeddable":true,"href":"https:\/\/fmed.eu\/hr\/wp-json\/wp\/v2\/etheme_brands?post=59294"},{"taxonomy":"product_brand","embeddable":true,"href":"https:\/\/fmed.eu\/hr\/wp-json\/wp\/v2\/product_brand?post=59294"},{"taxonomy":"product_cat","embeddable":true,"href":"https:\/\/fmed.eu\/hr\/wp-json\/wp\/v2\/product_cat?post=59294"},{"taxonomy":"product_tag","embeddable":true,"href":"https:\/\/fmed.eu\/hr\/wp-json\/wp\/v2\/product_tag?post=59294"}],"curies":[{"name":"wp","href":"https:\/\/api.w.org\/{rel}","templated":true}]}}