{"id":59300,"date":"2020-08-18T14:34:32","date_gmt":"2020-08-18T12:34:32","guid":{"rendered":"https:\/\/fmed.eu\/product\/prirodna-ruka-barijera-lauricare\/"},"modified":"2025-03-04T11:52:23","modified_gmt":"2025-03-04T11:52:23","slug":"prirodna-ruka-barijera-lauricare","status":"publish","type":"product","link":"https:\/\/fmed.eu\/hr\/proizvod\/prirodna-ruka-barijera-lauricare\/","title":{"rendered":"Prirodna ru\u010dna barijera Lauricare"},"content":{"rendered":"<h2>Prirodna ru\u010dna barijera Lauricare<\/h2>\n<p>Krenite korak dalje i <strong>dodatno za\u0161titite, pa \u010dak i vratite prirodnu za\u0161titu ruku<\/strong> nakon upotrebe sredstva za <a href=\"\/?p=43274\">dezinfekciju ruku<\/a>.<\/p>\n<p>Lauricare prirodna za\u0161tita za ruke <strong>dodaje i vra\u0107a va\u0161u prirodnu za\u0161titu<\/strong>, koju ko\u017ea automatski oblikuje i mo\u017ee oslabiti \u010destom upotrebom dezinficijensa. Prirodna za\u0161tita ruku integrirana je u ugodnu i hranjivu kremu za ruke i u\u010dinit \u0107e va\u0161e ruke nje\u017enima, mekima i \u010distima.<\/p>\n<p>Odmah o\u010distite i hidratizirajte ruke bilo gdje i bilo kada s na\u0161im 100% prirodnim losionom na biljnoj bazi s dugotrajnom bakterijskom za\u0161titom koju pru\u017ea snaga <a href=\"\/?p=11448\">Lauricidina<\/a>.<\/p>\n<p>Svakodnevna uporaba prirodne za\u0161tite pobrinut \u0107e se da va\u0161e ruke budu \u010diste, svje\u017ee i da ko\u017ea bude zdrava.<\/p>\n<h3>Lauricare prirodna za\u0161tita ruku:<\/h3>\n<ul>\n<li>Temelji se na znanstvenoj osnovi za odr\u017eavanje dugotrajnog i jakog za\u0161titnog sloja na ko\u017ei.<\/li>\n<li>100% prirodni sastojci na biljnoj bazi koji pro\u010di\u0161\u0107avaju i hidratiziraju va\u0161e ruke.<\/li>\n<li>Smanjuje toksi\u010dno optere\u0107enje va\u0161eg tijela jer ne sadr\u017ei alkohol ili druge potencijalne toksine.<\/li>\n<li>Bez parabena, sulfata, bez triklosana.<\/li>\n<li>Ugodnog, prirodnog mirisa kokosa i naran\u010de.<\/li>\n<\/ul>\n<p><strong>Dopunite ili zamijenite sredstvo za dezinfekciju ruku<\/strong> prirodnom za\u0161titnom kremom Lauricare. Sadr\u017ei esencijalna biljna ulja za mek\u0161u ko\u017eu i zdrave ruke. Sadr\u017ei pro\u010di\u0161\u0107ene emolijente za dodatnu hidrataciju i popravak o\u0161te\u0107ene ko\u017ee.<\/p>\n<p>Rukama dajete odmora od klasi\u010dnih alkoholnih dezinficijensa koji se brzo isu\u0161uju i \u010dine ko\u017eu ispucanom. Odr\u017eavajte ruke \u010distim prirodnim za\u0161titnim losionom s ugodnim mirisom kokosa i naran\u010de.<\/p>\n<p><strong>Prirodna za\u0161tita za ruke Lauricare smanjuje va\u0161u izlo\u017eenost toksinima jer je formulirana na takav na\u010din da ne sadr\u017ei:<\/strong><\/p>\n<ul>\n<li>alkohol,<\/li>\n<li>triklosan,<\/li>\n<li>sulfati,<\/li>\n<li>parabeni,<\/li>\n<li>Propilen glikol,<\/li>\n<li>Polietilen glikol (PEG),<\/li>\n<li>Steareths,<\/li>\n<li>Natrijev lauril sulfat (SLS),<\/li>\n<li>Umjetne boje,<\/li>\n<li>Umjetni mirisi,<\/li>\n<li>Etanolamini,<\/li>\n<li>Izotiazolinoni,<\/li>\n<li>Ftalati,<\/li>\n<li>Aerosoli: Butilirani hidroksitoluen (BHT), propan, butan, izobutan,<\/li>\n<li>Hidrofluoroogljikovodici.<\/li>\n<\/ul>\n<p>Za temeljitu dezinfekciju ruku koristite izvrsni <a href=\"\/?p=43274\">Lauricare sprej za dezinfekciju ruku<\/a>.<\/p>\n","protected":false},"excerpt":{"rendered":"<p>Za\u0161titite ruke od virusa i bakterija na prirodan na\u010din.<\/p>\n","protected":false},"featured_media":59000,"comment_status":"open","ping_status":"closed","template":"","meta":[],"etheme_brands":[{"term_id":4710,"name":"Med-Chem Labs","slug":"med-chem-labs-hr","term_group":0,"term_taxonomy_id":4710,"taxonomy":"brand","description":"Med-Chem Labs, Inc. osnovao je 1966. Dr. Kabara, ponosna dizajnerica dodataka prehrani Lauricidin\u00ae za bolje zdravlje i samolije\u010denje.\nPionirsko istra\u017eivanje dr. Kabare u otkri\u0107u monolaurina 1960-ih bio je osnova za prijenos Lauricidina\u00ae u zdravstvenu zajednicu.","parent":0,"count":6,"filter":"raw"}],"product_brand":[],"product_cat":[3828,5418,5423],"product_tag":[],"class_list":{"0":"post-59300","1":"product","2":"type-product","3":"status-publish","4":"has-post-thumbnail","6":"brand-med-chem-labs-hr","7":"product_cat-osobna-higijena","8":"product_cat-ostalo-hr","9":"product_cat-prehlade","11":"first","12":"outofstock","13":"taxable","14":"shipping-taxable","15":"purchasable","16":"product-type-simple"},"_links":{"self":[{"href":"https:\/\/fmed.eu\/hr\/wp-json\/wp\/v2\/product\/59300","targetHints":{"allow":["GET"]}}],"collection":[{"href":"https:\/\/fmed.eu\/hr\/wp-json\/wp\/v2\/product"}],"about":[{"href":"https:\/\/fmed.eu\/hr\/wp-json\/wp\/v2\/types\/product"}],"replies":[{"embeddable":true,"href":"https:\/\/fmed.eu\/hr\/wp-json\/wp\/v2\/comments?post=59300"}],"version-history":[{"count":0,"href":"https:\/\/fmed.eu\/hr\/wp-json\/wp\/v2\/product\/59300\/revisions"}],"wp:featuredmedia":[{"embeddable":true,"href":"https:\/\/fmed.eu\/hr\/wp-json\/wp\/v2\/media\/59000"}],"wp:attachment":[{"href":"https:\/\/fmed.eu\/hr\/wp-json\/wp\/v2\/media?parent=59300"}],"wp:term":[{"taxonomy":"brand","embeddable":true,"href":"https:\/\/fmed.eu\/hr\/wp-json\/wp\/v2\/etheme_brands?post=59300"},{"taxonomy":"product_brand","embeddable":true,"href":"https:\/\/fmed.eu\/hr\/wp-json\/wp\/v2\/product_brand?post=59300"},{"taxonomy":"product_cat","embeddable":true,"href":"https:\/\/fmed.eu\/hr\/wp-json\/wp\/v2\/product_cat?post=59300"},{"taxonomy":"product_tag","embeddable":true,"href":"https:\/\/fmed.eu\/hr\/wp-json\/wp\/v2\/product_tag?post=59300"}],"curies":[{"name":"wp","href":"https:\/\/api.w.org\/{rel}","templated":true}]}}