{"id":59432,"date":"2020-11-10T16:39:23","date_gmt":"2020-11-10T16:39:23","guid":{"rendered":"https:\/\/fmed.eu\/product\/cink-pikolinat-120-kapsula\/"},"modified":"2025-04-20T11:17:09","modified_gmt":"2025-04-20T09:17:09","slug":"cink-pikolinat-120-kapsula","status":"publish","type":"product","link":"https:\/\/fmed.eu\/hr\/proizvod\/cink-pikolinat-120-kapsula\/","title":{"rendered":"Cink pikolinat (120 kapsula)"},"content":{"rendered":"<h2>NOW Foods Cink pikolinat 50 mg x 120 kapsula<\/h2>\n<p>Cink je izuzetno va\u017ean mineral koji utje\u010de na sve, od imunolo\u0161kog sustava do reproduktivnog sustava. Cink je zaista klju\u010dni element za na\u0161e zdravlje. Cink bi se tako\u0111er mogao nazvati super mineralom. Neophodan je mikrohranjivi sastojak, \u0161to zna\u010di da se mora konzumirati s hranom ili dodacima prehrani.<\/p>\n<p>Cink pikolinat je poseban oblik cinka s visokim stupnjem apsorpcije i bioraspolo\u017eivosti.<\/p>\n<p>Cink je uklju\u010den u preko 300 metaboli\u010dkih reakcija i va\u017ean je za zdravlje i dobrobit op\u0107enito, a igra posebno sna\u017enu ulogu u:<\/p>\n<ul>\n<li><strong>imunolo\u0161ki sustav,<\/strong><\/li>\n<li><strong>zdravlje oka<\/strong><\/li>\n<li><strong>organi za reprodukciju i zdravlje,<\/strong><\/li>\n<li><strong>rast kod djece,<\/strong><\/li>\n<li><strong>hormoni poput testosterona.<\/strong><\/li>\n<\/ul>\n<p>Istra\u017eivanja su pokazala da dodavanje cinka mo\u017ee pobolj\u0161ati zdravlje i dobrobit te pobolj\u0161ati vezivno tkivo, zglobove, o\u010di i reproduktivnu funkciju i kod mu\u0161karaca i kod \u017eena.<\/p>\n<h3>Ljudskom tijelu je potreban cink, jer on igra ulogu u:<\/h3>\n<ul>\n<li>metabolizam kiselina i baza,<\/li>\n<li>metabolizam ugljikohidrata,<\/li>\n<li>Sinteza DNA,<\/li>\n<li><strong>kognitivne funkcije,<\/strong><\/li>\n<li>plodnost i reprodukcija,<\/li>\n<li>poma\u017ee u metabolizmu makronutrijenata,<\/li>\n<li>poma\u017ee u metabolizmu masnih kiselina,<\/li>\n<li>metabolizam vitamina A,<\/li>\n<li>sinteza proteina,<\/li>\n<li><strong>pridonosi odr\u017eavanju zdravih kostiju, kose, noktiju i ko\u017ee,<\/strong><\/li>\n<li>doprinosi odr\u017eavanju <strong>normalne razine testosterona u krvi<\/strong>,<\/li>\n<li>o\u010duvanje <strong>vida<\/strong>, <strong>imunolo\u0161kog sustava<\/strong>,<\/li>\n<li><strong>za\u0161tita stanica od oksidativnog stresa<\/strong>,<\/li>\n<li>dijeljenje stanica.<\/li>\n<\/ul>\n<div><\/div>\n<div><\/div>\n<div><\/div>\n","protected":false},"excerpt":{"rendered":"<p>Visoka doza cinka s izvrsnom apsorpcijom.<\/p>\n<div><\/div>\n<div><\/div>\n","protected":false},"featured_media":59404,"comment_status":"open","ping_status":"closed","template":"","meta":[],"etheme_brands":[{"term_id":4722,"name":"Now Foods","slug":"now-foods-hr","term_group":0,"term_taxonomy_id":4722,"taxonomy":"brand","description":"Now Foods je obiteljska tvrtka osnovana 1968. godine. Tvrtka pose\u017ee za prirodnim i organskim proizvodima, \u0161to je zaposlenicima i samoj marki donijelo mno\u0161tvo nagrada i priznanja. Sredi\u0161nji moto tvrtke je proizvodnja visokokvalitetnih proizvoda koji su pristupa\u010dni kupcima.","parent":0,"count":12,"filter":"raw"}],"product_brand":[],"product_cat":[5419,3837,3830,5423,3835,3829],"product_tag":[6276,6297,6296,6390],"class_list":{"0":"post-59432","1":"product","2":"type-product","3":"status-publish","4":"has-post-thumbnail","6":"brand-now-foods-hr","7":"product_cat-antioksidanti-hr","8":"product_cat-energija-i-motivacija","9":"product_cat-imunoloski-sustav","10":"product_cat-prehlade","11":"product_cat-upala-autoimune-bolesti","12":"product_cat-vitamini-i-minerali","13":"product_tag-imunoloski-sustav-hr","14":"product_tag-kosa","15":"product_tag-koza-hr","16":"product_tag-mozak-hr","18":"first","19":"instock","20":"taxable","21":"shipping-taxable","22":"purchasable","23":"product-type-simple"},"_links":{"self":[{"href":"https:\/\/fmed.eu\/hr\/wp-json\/wp\/v2\/product\/59432","targetHints":{"allow":["GET"]}}],"collection":[{"href":"https:\/\/fmed.eu\/hr\/wp-json\/wp\/v2\/product"}],"about":[{"href":"https:\/\/fmed.eu\/hr\/wp-json\/wp\/v2\/types\/product"}],"replies":[{"embeddable":true,"href":"https:\/\/fmed.eu\/hr\/wp-json\/wp\/v2\/comments?post=59432"}],"version-history":[{"count":0,"href":"https:\/\/fmed.eu\/hr\/wp-json\/wp\/v2\/product\/59432\/revisions"}],"wp:featuredmedia":[{"embeddable":true,"href":"https:\/\/fmed.eu\/hr\/wp-json\/wp\/v2\/media\/59404"}],"wp:attachment":[{"href":"https:\/\/fmed.eu\/hr\/wp-json\/wp\/v2\/media?parent=59432"}],"wp:term":[{"taxonomy":"brand","embeddable":true,"href":"https:\/\/fmed.eu\/hr\/wp-json\/wp\/v2\/etheme_brands?post=59432"},{"taxonomy":"product_brand","embeddable":true,"href":"https:\/\/fmed.eu\/hr\/wp-json\/wp\/v2\/product_brand?post=59432"},{"taxonomy":"product_cat","embeddable":true,"href":"https:\/\/fmed.eu\/hr\/wp-json\/wp\/v2\/product_cat?post=59432"},{"taxonomy":"product_tag","embeddable":true,"href":"https:\/\/fmed.eu\/hr\/wp-json\/wp\/v2\/product_tag?post=59432"}],"curies":[{"name":"wp","href":"https:\/\/api.w.org\/{rel}","templated":true}]}}