{"id":59439,"date":"2020-11-11T11:44:43","date_gmt":"2020-11-11T09:44:43","guid":{"rendered":"https:\/\/fmed.eu\/product\/folinska-kiselina-u-tinkturi-folat\/"},"modified":"2025-03-04T11:52:24","modified_gmt":"2025-03-04T11:52:24","slug":"folinska-kiselina-u-tinkturi-folat","status":"publish","type":"product","link":"https:\/\/fmed.eu\/hr\/proizvod\/folinska-kiselina-u-tinkturi-folat\/","title":{"rendered":"Folinska kiselina u tinkturi (folat)"},"content":{"rendered":"<h2>California gold folna kiselina u tinkturi 30ml<\/h2>\n<p>Folinska kiselina je poseban oblik vitamina B9 koji se tako\u0111er koristi u medicini. Svjetska zdravstvena organizacija dodala ga je na <a href=\"https:\/\/en.wikipedia.org\/wiki\/WHO_Model_List_of_Essential_Medicines\">Popis esencijalnih lijekova<\/a>, jer je to jedan od vrlo sigurnih i nadasve vrlo u\u010dinkovitih lijekova.<\/p>\n<p>California gold nutrition nudi visokokvalitetnu <strong>folinsku kiselinu u obliku bezalkoholne tinkture<\/strong>, za jednostavnu konzumaciju i doziranje.<\/p>\n<p>Folinska kiselina koristi se u medicini od 1945. godine. Zove se i Leucovorin, a u\u010dinkovit je protiv toksi\u010dnih u\u010dinaka metotreksata, koji se koristi za kemoterapiju, kod razli\u010ditih vrsta artritisa, raka i autoimunih bolesti.<\/p>\n<p>Folinska kiselina se tako\u0111er koristi u lije\u010denju raka debelog crijeva i kao protuotrov za trovanje metanolom.<\/p>\n<p>Folinska kiselina je tako\u0111er u\u010dinkovita u nedostatku folne kiseline (B9) i sigurna je za uporabu tijekom trudno\u0107e i dojenja.<\/p>\n<h3>Folinska kiselina i folna kiselina nisu isto<\/h3>\n<p>Folinska kiselina je poseban oblik folne kiseline koju tijelo ne treba aktivirati enzimom dihidrofolat reduktaza i stoga je izravno korisna u tijelu. U slu\u010dajevima kada je ovaj enzim neaktivan, folna kiselina u tijelu potpuno je beskorisna i mo\u017ee \u010dak na\u0161tetiti tijelu. Folinska kiselina ne uzrokuje ove probleme.<\/p>\n<h3>Folinska kiselina i metil folat<\/h3>\n<p>Tako\u0111er folinska kiselina i <a href=\"\/?p=9824\">metil folat<\/a>nisu isto. Svaka ima malo druga\u010diju funkciju u tijelu, i premda ih tijelo mo\u017ee pretvoriti, ta je pretvorba ponekad te\u0161ka.<\/p>\n<p>Metil folat podr\u017eava metilaciju. Metil folat sudjeluje u ciklusu metilacije i mora biti uravnote\u017een s metil kobalaminom (B12) da bi bio u\u010dinkovit. Metilacija je jedna od najva\u017enijih metaboli\u010dkih funkcija tijela uop\u0107e.<\/p>\n<p>Folinska kiselina, s druge strane, podr\u017eava proizvodnju proteina na bazi DNK. Sve u tijelu \u0161to raste ili se na neki na\u010din obnavlja, mora pro\u0107i kroz proizvodnju DNK. Na taj na\u010din folinska kiselina mo\u017ee na pr. smanjiti vjerojatnost gubitka kose tijekom kemoterapije ili. poma\u017eu br\u017eem oporavku nakon njega. Naravno, ovo je samo jedan primjer.<\/p>\n<div><\/div>\n<div><\/div>\n<div><\/div>\n","protected":false},"excerpt":{"rendered":"<p>Poseban oblik kvalitetnog vitamina B9.<\/p>\n<div><\/div>\n<div><\/div>\n<div><\/div>\n<div><\/div>\n","protected":false},"featured_media":59420,"comment_status":"open","ping_status":"closed","template":"","meta":[],"etheme_brands":[{"term_id":4746,"name":"California Gold Nutrition","slug":"california-gold-nutrition-hr","term_group":0,"term_taxonomy_id":4746,"taxonomy":"brand","description":"","parent":0,"count":1,"filter":"raw"}],"product_brand":[],"product_cat":[3836,3843,3827,5417,3839,3829],"product_tag":[],"class_list":{"0":"post-59439","1":"product","2":"type-product","3":"status-publish","4":"has-post-thumbnail","6":"brand-california-gold-nutrition-hr","7":"product_cat-bebe-i-djeca","8":"product_cat-bilje-ekstrakti-i-tinkture","9":"product_cat-detoksikacija-i-jetra","10":"product_cat-slabokrvnost-anemija-hr","11":"product_cat-upala-kosti-i-zglobovi","12":"product_cat-vitamini-i-minerali","14":"first","15":"outofstock","16":"featured","17":"taxable","18":"shipping-taxable","19":"purchasable","20":"product-type-simple"},"_links":{"self":[{"href":"https:\/\/fmed.eu\/hr\/wp-json\/wp\/v2\/product\/59439","targetHints":{"allow":["GET"]}}],"collection":[{"href":"https:\/\/fmed.eu\/hr\/wp-json\/wp\/v2\/product"}],"about":[{"href":"https:\/\/fmed.eu\/hr\/wp-json\/wp\/v2\/types\/product"}],"replies":[{"embeddable":true,"href":"https:\/\/fmed.eu\/hr\/wp-json\/wp\/v2\/comments?post=59439"}],"version-history":[{"count":0,"href":"https:\/\/fmed.eu\/hr\/wp-json\/wp\/v2\/product\/59439\/revisions"}],"wp:featuredmedia":[{"embeddable":true,"href":"https:\/\/fmed.eu\/hr\/wp-json\/wp\/v2\/media\/59420"}],"wp:attachment":[{"href":"https:\/\/fmed.eu\/hr\/wp-json\/wp\/v2\/media?parent=59439"}],"wp:term":[{"taxonomy":"brand","embeddable":true,"href":"https:\/\/fmed.eu\/hr\/wp-json\/wp\/v2\/etheme_brands?post=59439"},{"taxonomy":"product_brand","embeddable":true,"href":"https:\/\/fmed.eu\/hr\/wp-json\/wp\/v2\/product_brand?post=59439"},{"taxonomy":"product_cat","embeddable":true,"href":"https:\/\/fmed.eu\/hr\/wp-json\/wp\/v2\/product_cat?post=59439"},{"taxonomy":"product_tag","embeddable":true,"href":"https:\/\/fmed.eu\/hr\/wp-json\/wp\/v2\/product_tag?post=59439"}],"curies":[{"name":"wp","href":"https:\/\/api.w.org\/{rel}","templated":true}]}}