{"id":59710,"date":"2021-01-11T14:15:14","date_gmt":"2021-01-11T14:15:14","guid":{"rendered":"https:\/\/fmed.eu\/product\/life-extension-vitamini-za-nosecnice\/"},"modified":"2025-04-22T13:05:05","modified_gmt":"2025-04-22T11:05:05","slug":"life-extension-vitamini-za-nosecnice","status":"publish","type":"product","link":"https:\/\/fmed.eu\/hr\/proizvod\/life-extension-vitamini-za-nosecnice\/","title":{"rendered":"Life Extension, Prenatal Advantage, Vitamini za nose\u010dnice, 120 softgelov"},"content":{"rendered":"<p>Life Extension Prenatal Advantage (Multi vitamini za nose\u010dnice)<\/p>\n<p>Life Extension Prenatal Advantage je celovita formula za nose\u010dnice.<\/p>\n<p>Na\u0161a formula za nose\u010dnice je podprta s \u0161tevilnimi znanstvenimi raziskavami prehranskih dopolnil in vsebuje vsa potrebna hranila za bodo\u010do mamico in otroka. Koli\u010dine posameznega vitamina in minerala so optimalne in po najnovej\u0161ih podatkih, ter vsebujejo dodatno tudi hranila kot so DHA omega 3, lutein ter zeaksantin, ki so pomembni za optimalni razvoj otroka med nose\u010dnostjo.<\/p>\n<p>Prenatal vitamine lahko uporabljate tudi po nose\u010dnosti v \u010dasu dojenja ali kot pripravo na optimalno nose\u010dnost.<\/p>\n<p>Vsaka bodo\u010da ali nova mamica \u017eeli le najbolj\u0161e za zdravje svojega otroka. Vi in va\u0161 otrok imate posebne potrebe po hranili, zato smo za vas razvili tole formulo. Prenatal advantage vsebuje najbolj biorazpolo\u017eljive oblike hranil, ki so tudi varni, zanesljivi in mo\u010dni.<\/p>\n<p>Pri Formuli za nose\u010dnice smo se \u0161e posebej potrudili, da je vsebnost nadstandardna in bolj\u0161a od katerih koli drugih vitaminov in mineralov za nose\u010dnice.<\/p>\n<p>Prednosti vitaminov za nose\u010dnice:<\/p>\n<p>Vsebuje 100% priporo\u010dljive odmerke vitaminov A, B, C, D3 in K.<\/p>\n<p>Vsebuje esencialne minerale kot so \u017eelezo, cink, baker, kalij in druge.<\/p>\n<p>Podpira zdrav razvoj otrokovih mo\u017eganov in o\u010di.<\/p>\n<p>Izbolj\u0161uje nevrolo\u0161ki razvoj otroka.<\/p>\n<p>Vsebuje bioaktivne oblike vitaminov B12 in B9 (5-metil folat, metil-kobalamin) in druge.<\/p>\n<p>Dajte va\u0161emu otroku prehransko prednost<\/p>\n<p>Nose\u010dnice, mlade mamice, ki dojite ali tiste, ki \u017eelite zanositi, vse imate posebne potrebe po hranilih. Ta formula je narejena posebej za vas. Podrta je z najnovej\u0161imi znanstvenimi raziskavami in vsebuje vse vitamine, ki so nujni ali priporo\u010dljivi za zdrav razvoj otroka in bolj\u0161o nose\u010dnost.<\/p>\n<p>Formula za nose\u010dnice, ki ponuja ve\u010d<\/p>\n<p>Na\u0161a formula ne vsebuje le pomembni vitaminov in mineralov temve\u010d gre korak dlje, saj vsebuje dodatna hranila, pomembna za zdrav otrokov razvoj.<\/p>\n<p>DHA ali dokozaheksaenojska kislina je najpomembnej\u0161a sestavina Omega 3 ma\u0161\u010dob, ki vpliva na razvoj mo\u017eganov in \u017eiv\u010devja. Ob razvoju otrokovih mo\u017eganov, podpira splo\u0161no rast zarodka in njegov razvoj. U\u017eivanje DHA med nose\u010dnostjo je izredno pomembno tudi za razvoj otrokovih o\u010di. Prenatal advantage vsebuje izredno kakovostno DHA, pridobljeno iz morskih alg.<\/p>\n<p>Lutein in zeaksantin sta karotenoida, ki smo jih vklju\u010dili v na\u0161o inovativno formulo za nose\u010dnice. Ta vsebuje koristna fitohranila za zdrav razvoj otrokovih o\u010di in mo\u017eganov.<\/p>\n<p>Holin prav tako es<\/p>\n","protected":false},"excerpt":{"rendered":"<p>Najkakovostnej\u0161i vitamini za nose\u010dnice in doje\u010de matere.<\/p>\n","protected":false},"featured_media":59711,"comment_status":"open","ping_status":"closed","template":"","meta":[],"etheme_brands":[{"term_id":4696,"name":"LifeExtension","slug":"lifeextension","term_group":0,"term_taxonomy_id":4696,"taxonomy":"brand","description":"LifeExtenstion je podjetje, ki polaga posebno pozornost na kvaliteto. Osredoto\u010deni so na dva posebna podro\u010dja:\r\n\r\nSurovine: Za razliko od drugih proizvajalcev, sestavine, ki gredo v njihove izdelke, niso izbrane na podlagi stro\u0161kov. Namesto tega so izbrane na podlagi \u010distosti, u\u010dinkovitosti in dokazov iz znanstvenih raziskav.\r\n\r\nPotrjevanje u\u010dinkovitosti u\u010dinkovin z znanstvenimi raziskavami: Uporabljajo sestavine in odmerke, ki natan\u010dno posnemajo najuspe\u0161nej\u0161e rezultate, pridobljene v znanstvenih \u0161tudijah, za najve\u010djo u\u010dinkovitost.","parent":0,"count":12,"filter":"raw"}],"product_brand":[],"product_cat":[3722,3773,3738,3736,3725,3870],"product_tag":[5471,5524,5456,5561,5493,5562,5616,5643,5563,5737,5564],"class_list":{"0":"post-59710","1":"product","2":"type-product","3":"status-publish","4":"has-post-thumbnail","6":"brand-lifeextension","7":"product_cat-antioksidanti","8":"product_cat-dojencki-in-otroci","9":"product_cat-magnezij","10":"product_cat-spomin-in-zdravje-mozganov","11":"product_cat-vitamini-in-minerali","12":"product_cat-zdravje-oci","13":"product_tag-antioksidant","14":"product_tag-b-kompleks","15":"product_tag-folna-kislina","16":"product_tag-minerali","17":"product_tag-mozgani","18":"product_tag-multivitamin","19":"product_tag-nosecnost","20":"product_tag-oci","21":"product_tag-preventiva","22":"product_tag-razvoj-otroka","23":"product_tag-vitamini","25":"first","26":"outofstock","27":"taxable","28":"shipping-taxable","29":"purchasable","30":"product-type-simple"},"_links":{"self":[{"href":"https:\/\/fmed.eu\/hr\/wp-json\/wp\/v2\/product\/59710","targetHints":{"allow":["GET"]}}],"collection":[{"href":"https:\/\/fmed.eu\/hr\/wp-json\/wp\/v2\/product"}],"about":[{"href":"https:\/\/fmed.eu\/hr\/wp-json\/wp\/v2\/types\/product"}],"replies":[{"embeddable":true,"href":"https:\/\/fmed.eu\/hr\/wp-json\/wp\/v2\/comments?post=59710"}],"version-history":[{"count":1,"href":"https:\/\/fmed.eu\/hr\/wp-json\/wp\/v2\/product\/59710\/revisions"}],"predecessor-version":[{"id":69303,"href":"https:\/\/fmed.eu\/hr\/wp-json\/wp\/v2\/product\/59710\/revisions\/69303"}],"wp:featuredmedia":[{"embeddable":true,"href":"https:\/\/fmed.eu\/hr\/wp-json\/wp\/v2\/media\/59711"}],"wp:attachment":[{"href":"https:\/\/fmed.eu\/hr\/wp-json\/wp\/v2\/media?parent=59710"}],"wp:term":[{"taxonomy":"brand","embeddable":true,"href":"https:\/\/fmed.eu\/hr\/wp-json\/wp\/v2\/etheme_brands?post=59710"},{"taxonomy":"product_brand","embeddable":true,"href":"https:\/\/fmed.eu\/hr\/wp-json\/wp\/v2\/product_brand?post=59710"},{"taxonomy":"product_cat","embeddable":true,"href":"https:\/\/fmed.eu\/hr\/wp-json\/wp\/v2\/product_cat?post=59710"},{"taxonomy":"product_tag","embeddable":true,"href":"https:\/\/fmed.eu\/hr\/wp-json\/wp\/v2\/product_tag?post=59710"}],"curies":[{"name":"wp","href":"https:\/\/api.w.org\/{rel}","templated":true}]}}