{"id":59837,"date":"2021-11-03T16:35:42","date_gmt":"2021-11-03T14:35:42","guid":{"rendered":"https:\/\/fmed.eu\/product\/vitamin-c-1000-mg-120-kapsula\/"},"modified":"2025-03-04T11:52:30","modified_gmt":"2025-03-04T11:52:30","slug":"vitamin-c-1000-mg-120-kapsula","status":"publish","type":"product","link":"https:\/\/fmed.eu\/hr\/proizvod\/vitamin-c-1000-mg-120-kapsula\/","title":{"rendered":"Vitamin C 1000 mg (120 kapsula)"},"content":{"rendered":"<h2>Healthy Origins Vitamin C 1000mg (120 kapsule)<\/h2>\n<p>Vitamin C zdravog podrijetla nudi vam 1000 mg koncentriranog vitamina C u svakoj kapsuli i u svom prirodnom obliku (askorbinska kiselina), koji stimulira imunolo\u0161ki sustav i podi\u017ee otpornost na viruse, prehladu i gripu.<\/p>\n<p>Zbog svog sastava vitamin C u takvom obliku utje\u010de na apsorpciju \u017eeljeza iz hrane (uglavnom omogu\u0107avaju\u0107i dodatnu apsorpciju anorganskog, biljnog \u017eeljeza). Na taj na\u010din mo\u017ee biti korisna kod anemije i nedostatka \u017eeljeza.<\/p>\n<p>To je jedan od vitalnih vitamina za koji je dokazano da nedostaje na\u0161oj prehrani.<\/p>\n<p>Posebno je poznat po svojim antioksidativnim svojstvima i blagotvorno djeluje na imunolo\u0161ki sustav, posebno u jesenskim i zimskim mjesecima.<\/p>\n<p>Me\u0111utim, zaboravljamo da je vitamin C izuzetno va\u017ean za stvaranje kolagena koji je va\u017ean za zdravu i lijepu ko\u017eu, kosti, vene, hrskavicu, desni i zube. Njegov utjecaj na kolagen toliko je mo\u0107an da su njegova pozitivna svojstva otkrivena upravo zbog ove karakteristike. Vrlo jak nedostatak vitamina C izazvat \u0107e skorbut.<\/p>\n<h3>Vitamin C i skorbut<\/h3>\n<p>Skorbut je bolest uzrokovana nedostatkom vitamina C. Prvi simptomi uklju\u010duju umor, slabost i te\u0161ke noge i \u0161ake. Tada smanjuje broj crvenih krvnih zrnaca, a zatim uzrokuje bolest desni (krvarenje zubnog mesa), svoj najkarakteristi\u010dniji simptom. Zatim slijede promjene na kosi i ko\u017ei koja tako\u0111er po\u010dinje krvariti, a rane polako zarastaju.<\/p>\n<p>Skurbut su opisivali drevni Egip\u0107ani koji su otkrili da ga spre\u010dava konzumacija citrusa, raj\u010dice i krumpira. Kasnije je to postao glavni problem dugih morskih ekspedicija, gdje je ve\u0107ina posade mogla stradati i nakon mjesec dana. Stoga su 1795. godine Englezi prihvatili zdravstvenu reformu koja je svim mornarima preporu\u010dila upotrebu soka od limuna.<\/p>\n<p>Otkri\u0107e <strong>vitamina C<\/strong> pripisuje se ma\u0111arskom fiziologu Albertu Szent-Gy\u00f6rgyijuu, koji je tako\u0111er dobio Nobelovu nagradu 1937. godine.<\/p>\n<h3>Healthy Origins vitamin C 1000 mg sadr\u017ei vitamin C, koji:<\/h3>\n<ul>\n<li>va\u017ean je za funkcioniranje imunolo\u0161kog sustava tijekom intenzivne tjelesne aktivnosti i nakon nje (blagotvoran u\u010dinak posti\u017ee se dnevnim unosom od 200 mg, uz preporu\u010deni dnevni unos vitamina C).<\/li>\n<li>Va\u017ean je pri stvaranju kolagena za zdrave vene, kosti, hrskavicu, desni, ko\u017eu, zube<\/li>\n<li>doprinosi osloba\u0111anju energije u metabolizmu<\/li>\n<li>pridonosi funkcioniranju \u017eiv\u010danog sustava<\/li>\n<li>pridonosi normalnom psiholo\u0161kom funkcioniranju<\/li>\n<li>Ima ulogu u funkcioniranju imunolo\u0161kog sustava<\/li>\n<li>va\u017ean pri za\u0161titi stanica od oksidativnog stresa<\/li>\n<li>Doprinosi smanjenju umora i iscrpljenosti<\/li>\n<li>Doprinosi obnavljanju smanjenog oblika vitamina E u njegov aktivni oblik<\/li>\n<li>Pove\u0107ava apsorpciju \u017eeljeza<\/li>\n<\/ul>\n<p>&nbsp;<\/p>\n","protected":false},"excerpt":{"rendered":"<p>Visoko koncentrirani vitamin C za ja\u010danje imunolo\u0161kog sustava, bolju ko\u017eu, zdrave desni i bolju apsorpciju \u017eeljeza iz hrane.<\/p>\n","protected":false},"featured_media":59821,"comment_status":"open","ping_status":"closed","template":"","meta":[],"etheme_brands":[{"term_id":4713,"name":"Healthy Origins","slug":"healthy-origins-hr","term_group":0,"term_taxonomy_id":4713,"taxonomy":"brand","description":"Healthy Origins je ameri\u010dka tvrtka osnovana 1996. Mnogi njihovi proizvodi sadr\u017ee patentirane sastojke najboljih proizvo\u0111a\u010da. Tvrtka tvrdi da se u deklaracijama uvijek navode svi sastojci koji se nalaze ili koji \u010dine pojedine proizvode.","parent":0,"count":15,"filter":"raw"}],"product_brand":[],"product_cat":[5420,5419,3843,3837,3830,3838,3832,5423,5417,3839,3829],"product_tag":[],"class_list":{"0":"post-59837","1":"product","2":"type-product","3":"status-publish","4":"has-post-thumbnail","6":"brand-healthy-origins-hr","7":"product_cat-akcija-hr","8":"product_cat-antioksidanti-hr","9":"product_cat-bilje-ekstrakti-i-tinkture","10":"product_cat-energija-i-motivacija","11":"product_cat-imunoloski-sustav","12":"product_cat-kontrola-stresa","13":"product_cat-podrska-za-srce-i-krvne-zile","14":"product_cat-prehlade","15":"product_cat-slabokrvnost-anemija-hr","16":"product_cat-upala-kosti-i-zglobovi","17":"product_cat-vitamini-i-minerali","19":"first","20":"outofstock","21":"taxable","22":"shipping-taxable","23":"purchasable","24":"product-type-simple"},"_links":{"self":[{"href":"https:\/\/fmed.eu\/hr\/wp-json\/wp\/v2\/product\/59837","targetHints":{"allow":["GET"]}}],"collection":[{"href":"https:\/\/fmed.eu\/hr\/wp-json\/wp\/v2\/product"}],"about":[{"href":"https:\/\/fmed.eu\/hr\/wp-json\/wp\/v2\/types\/product"}],"replies":[{"embeddable":true,"href":"https:\/\/fmed.eu\/hr\/wp-json\/wp\/v2\/comments?post=59837"}],"version-history":[{"count":0,"href":"https:\/\/fmed.eu\/hr\/wp-json\/wp\/v2\/product\/59837\/revisions"}],"wp:featuredmedia":[{"embeddable":true,"href":"https:\/\/fmed.eu\/hr\/wp-json\/wp\/v2\/media\/59821"}],"wp:attachment":[{"href":"https:\/\/fmed.eu\/hr\/wp-json\/wp\/v2\/media?parent=59837"}],"wp:term":[{"taxonomy":"brand","embeddable":true,"href":"https:\/\/fmed.eu\/hr\/wp-json\/wp\/v2\/etheme_brands?post=59837"},{"taxonomy":"product_brand","embeddable":true,"href":"https:\/\/fmed.eu\/hr\/wp-json\/wp\/v2\/product_brand?post=59837"},{"taxonomy":"product_cat","embeddable":true,"href":"https:\/\/fmed.eu\/hr\/wp-json\/wp\/v2\/product_cat?post=59837"},{"taxonomy":"product_tag","embeddable":true,"href":"https:\/\/fmed.eu\/hr\/wp-json\/wp\/v2\/product_tag?post=59837"}],"curies":[{"name":"wp","href":"https:\/\/api.w.org\/{rel}","templated":true}]}}