{"id":59931,"date":"2022-01-07T14:20:36","date_gmt":"2022-01-07T14:20:36","guid":{"rendered":"https:\/\/fmed.eu\/product\/l-glutation-reduciran-2\/"},"modified":"2025-03-04T11:52:33","modified_gmt":"2025-03-04T11:52:33","slug":"l-glutation-reduciran-2","status":"publish","type":"product","link":"https:\/\/fmed.eu\/hr\/proizvod\/l-glutation-reduciran-2\/","title":{"rendered":"L-Glutation (smanjeni), Jarrow Formule"},"content":{"rendered":"<h2>Jarrow Formulas reduciran L-glutation, 500 mg x 60 ili 120 kapsula<\/h2>\n<p>Glutation je sna\u017ean antioksidans koji se nalazi u biljkama, \u017eivotinjama, ljudima, gljivama, pa \u010dak i nekim bakterijama. Glutation se tako\u0111er naziva &#8220;glavnim antioksidansom&#8221; jer je glavni antioksidans u ljudskom tijelu. Ve\u0107inu stvara jetra.<\/p>\n<p>Ona svoj posao obavlja tako \u0161to emitira svoj elektron kako bi zaustavila lan\u010danu reakciju slobodnih radikala. To se tako\u0111er naziva oksidacijom. Oksidirani glutation je neu\u010dinkovit i mora se vratiti u reducirani ili aktivni oblik. Omjer oksidiranog i reduciranog glutationa tako\u0111er slu\u017ei kao mjera oksidativnog stresa u stanicama.<\/p>\n<p>Jarorow Formulas sadr\u017ei samo najkvalitetniji reducirani (aktivni) glutation.<\/p>\n","protected":false},"excerpt":{"rendered":"<p>Glutation je najja\u010di antioksidans u tijelu i brine se za regeneraciju i za\u0161titu crijeva, jetre i drugih tkiva.<\/p>\n","protected":false},"featured_media":59909,"comment_status":"open","ping_status":"closed","template":"","meta":[],"etheme_brands":[{"term_id":4720,"name":"Jarrow Formulas","slug":"jarrow-formulas-hr","term_group":0,"term_taxonomy_id":4720,"taxonomy":"brand","description":"Jarrow Formulas (tvrtka sa sjedi\u0161tem u Los Angelesu) dizajner je i dobavlja\u010d vrhunskih dodataka prehrani. Tvrtka je osnovana 1977. Cjelokupna linija Jarrow Formulas uklju\u010duje vitamine, minerale, probiotike, standardizirane biljne koncentrate, aminokiseline i enzime.\r\nTvrtka tako\u0111er financira istra\u017eiva\u010dke studije o va\u017enosti prehrambenih proizvoda poput CoQ10. Cilj tvrtke je promicanje optimalnog zdravlja prehrambenim dodacima visoke kvalitete, u\u010dinkovitosti, dostupnosti i u vrhunskim oblicima.","parent":0,"count":27,"filter":"raw"}],"product_brand":[],"product_cat":[3827,3830,3834,3835],"product_tag":[6387,6276,6388,6338],"class_list":{"0":"post-59931","1":"product","2":"type-product","3":"status-publish","4":"has-post-thumbnail","6":"brand-jarrow-formulas-hr","7":"product_cat-detoksikacija-i-jetra","8":"product_cat-imunoloski-sustav","9":"product_cat-probava-zeludac-crijeva","10":"product_cat-upala-autoimune-bolesti","11":"product_tag-detoksikacija-hr","12":"product_tag-imunoloski-sustav-hr","13":"product_tag-jetra-hr","14":"product_tag-propusno-crijevo-hr","16":"first","17":"instock","18":"taxable","19":"shipping-taxable","20":"purchasable","21":"product-type-variable"},"_links":{"self":[{"href":"https:\/\/fmed.eu\/hr\/wp-json\/wp\/v2\/product\/59931","targetHints":{"allow":["GET"]}}],"collection":[{"href":"https:\/\/fmed.eu\/hr\/wp-json\/wp\/v2\/product"}],"about":[{"href":"https:\/\/fmed.eu\/hr\/wp-json\/wp\/v2\/types\/product"}],"replies":[{"embeddable":true,"href":"https:\/\/fmed.eu\/hr\/wp-json\/wp\/v2\/comments?post=59931"}],"version-history":[{"count":0,"href":"https:\/\/fmed.eu\/hr\/wp-json\/wp\/v2\/product\/59931\/revisions"}],"wp:featuredmedia":[{"embeddable":true,"href":"https:\/\/fmed.eu\/hr\/wp-json\/wp\/v2\/media\/59909"}],"wp:attachment":[{"href":"https:\/\/fmed.eu\/hr\/wp-json\/wp\/v2\/media?parent=59931"}],"wp:term":[{"taxonomy":"brand","embeddable":true,"href":"https:\/\/fmed.eu\/hr\/wp-json\/wp\/v2\/etheme_brands?post=59931"},{"taxonomy":"product_brand","embeddable":true,"href":"https:\/\/fmed.eu\/hr\/wp-json\/wp\/v2\/product_brand?post=59931"},{"taxonomy":"product_cat","embeddable":true,"href":"https:\/\/fmed.eu\/hr\/wp-json\/wp\/v2\/product_cat?post=59931"},{"taxonomy":"product_tag","embeddable":true,"href":"https:\/\/fmed.eu\/hr\/wp-json\/wp\/v2\/product_tag?post=59931"}],"curies":[{"name":"wp","href":"https:\/\/api.w.org\/{rel}","templated":true}]}}