{"id":60011,"date":"2021-12-07T06:40:20","date_gmt":"2021-12-07T06:40:20","guid":{"rendered":"https:\/\/fmed.eu\/product\/ekstrat-svete-bazilike-planetary-herbals\/"},"modified":"2026-01-06T12:36:48","modified_gmt":"2026-01-06T10:36:48","slug":"ekstrat-svete-bazilike-planetary-herbals","status":"publish","type":"product","link":"https:\/\/fmed.eu\/hr\/proizvod\/ekstrat-svete-bazilike-planetary-herbals\/","title":{"rendered":"Planetary Herbals, Holy Basil Extract, 450mg, 120 kapsul"},"content":{"rendered":"<p>Spodbuja osredoto\u010deno umirjenost<\/p>\n<p>Je zeli\u0161\u010dni dodatek<\/p>\n<p>Odobril Michael Tierra L.Ac, O.M.D<\/p>\n<p>Naravno laj\u0161a stres z normalizacijo ravni kortizola<\/p>\n<p>Zmanj\u0161a vnetni odziv z zaviranjem encimov COX-2<\/p>\n<p>Zagotavlja podporo za zdrave nadledvi\u010dne \u017eleze<\/p>\n<p>Razvr\u0161\u010den kot glavni &#8220;adaptogen&#8221;, zeli\u0161\u010de, ki lahko normalizira telesne procese in obnovi splo\u0161no zdravje<\/p>\n<p>Sveta bazilika (znana tudi kot tulsi) je ena od primarnih rastlin, ki se uporabljajo v ajurvedski praksi v Indiji. Je mo\u010dan adaptogen, ki telesu pomaga pri prilagajanju na negativne u\u010dinke stresa. V \u010dasu stresa na\u0161e telo izlo\u010da vi\u0161je ravni kortizola. Preliminarne raziskave so pokazale, da lahko sveta bazilika pomaga vzdr\u017eevati normalno raven kortizola, podpira zdrave nadledvi\u010dne \u017eleze in pomaga vzdr\u017eevati normalno raven sladkorja v krvi.<\/p>\n","protected":false},"excerpt":{"rendered":"<p>Sveta bazilika pomaga vzdr\u017eevati normalno raven kortizola, podpira zdrave nadledvi\u010dne \u017eleze in pomaga vzdr\u017eevati normalno raven sladkorja v krvi.<\/p>\n","protected":false},"featured_media":60012,"comment_status":"open","ping_status":"closed","template":"","meta":[],"etheme_brands":[{"term_id":4654,"name":"Planetary Herbals","slug":"planetary-herbals","term_group":0,"term_taxonomy_id":4654,"taxonomy":"brand","description":"Izdelki znamke Planetary Herbals nastajajo izpod rok in na podlagi znanja profesionalnih zeli\u0161\u010darjev. Ti znanje \u010drpajo iz ajurvede, tradicionalne kitajske ter zahodne medicine. Izdelki nastajajo po ve\u010d tiso\u010d let starih recepturah, ki jih dopolnjujejo s klini\u010dnimi raziskavami.","parent":0,"count":3,"filter":"raw"}],"product_brand":[],"product_cat":[3722,3733,3875,5384,3723,3739],"product_tag":[5471,5444,5526,5545,5494,5592,5593],"class_list":{"0":"post-60011","1":"product","2":"type-product","3":"status-publish","4":"has-post-thumbnail","6":"brand-planetary-herbals","7":"product_cat-antioksidanti","8":"product_cat-imunski-sistem","9":"product_cat-novo-v-ponudbi","10":"product_cat-obvladovanje-stresa","11":"product_cat-podpora-srca-in-ozilja","12":"product_cat-uravnavanje-hormonov","13":"product_tag-antioksidant","14":"product_tag-lasje","15":"product_tag-nohti","16":"product_tag-prostata","17":"product_tag-scitnica","18":"product_tag-svinec","19":"product_tag-zivo-srebro","21":"first","22":"outofstock","23":"taxable","24":"shipping-taxable","25":"purchasable","26":"product-type-simple"},"_links":{"self":[{"href":"https:\/\/fmed.eu\/hr\/wp-json\/wp\/v2\/product\/60011","targetHints":{"allow":["GET"]}}],"collection":[{"href":"https:\/\/fmed.eu\/hr\/wp-json\/wp\/v2\/product"}],"about":[{"href":"https:\/\/fmed.eu\/hr\/wp-json\/wp\/v2\/types\/product"}],"replies":[{"embeddable":true,"href":"https:\/\/fmed.eu\/hr\/wp-json\/wp\/v2\/comments?post=60011"}],"version-history":[{"count":1,"href":"https:\/\/fmed.eu\/hr\/wp-json\/wp\/v2\/product\/60011\/revisions"}],"predecessor-version":[{"id":69292,"href":"https:\/\/fmed.eu\/hr\/wp-json\/wp\/v2\/product\/60011\/revisions\/69292"}],"wp:featuredmedia":[{"embeddable":true,"href":"https:\/\/fmed.eu\/hr\/wp-json\/wp\/v2\/media\/60012"}],"wp:attachment":[{"href":"https:\/\/fmed.eu\/hr\/wp-json\/wp\/v2\/media?parent=60011"}],"wp:term":[{"taxonomy":"brand","embeddable":true,"href":"https:\/\/fmed.eu\/hr\/wp-json\/wp\/v2\/etheme_brands?post=60011"},{"taxonomy":"product_brand","embeddable":true,"href":"https:\/\/fmed.eu\/hr\/wp-json\/wp\/v2\/product_brand?post=60011"},{"taxonomy":"product_cat","embeddable":true,"href":"https:\/\/fmed.eu\/hr\/wp-json\/wp\/v2\/product_cat?post=60011"},{"taxonomy":"product_tag","embeddable":true,"href":"https:\/\/fmed.eu\/hr\/wp-json\/wp\/v2\/product_tag?post=60011"}],"curies":[{"name":"wp","href":"https:\/\/api.w.org\/{rel}","templated":true}]}}