{"id":60035,"date":"2021-12-07T08:51:35","date_gmt":"2021-12-07T08:51:35","guid":{"rendered":"https:\/\/fmed.eu\/product\/lubje-macjega-kremplja\/"},"modified":"2025-04-22T13:05:01","modified_gmt":"2025-04-22T11:05:01","slug":"lubje-macjega-kremplja","status":"publish","type":"product","link":"https:\/\/fmed.eu\/hr\/proizvod\/lubje-macjega-kremplja\/","title":{"rendered":"Lubje ma\u010djega kremplja (Ma\u010dji Krempeljc), Nature&#8217;s Answer"},"content":{"rendered":"<p>PREMIUM KAKOVOST: Nature&#8217;s Answer Ma\u010dji krempelj brez alkohola (Uncaria tomentosa)) teko\u010di izvle\u010dek je koncentriran zeli\u0161\u010dni izvle\u010dek in je na tr\u017enici naravnega zdravja na voljo od leta 1972. Izvle\u010dki brez alkohola Nature&#8217;s Answer se proizvajajo z uporabo alkohola, USP Pre\u010di\u0161\u010dene vode in naravnih ekstraktantov za ohranjanje naravnega celostnega ravnovesja zeli\u0161\u010d. Brezalkoholni teko\u010di zeli\u0161\u010dni izvle\u010dek ma\u010djih krempljev je brez GSO, Kosher, Parve in veganski brez glutena.<\/p>\n<p>IZJEMNE LASTNOSTI: Ma\u010dji krempelj, znan tudi kot Uncaria tomentosa in u\u00f1a de gato, je lesnata trta, ki raste divje v amazonskem de\u017eevnem gozdu in drugih tropskih obmo\u010djih Srednje in Ju\u017ene Amerike. Ime Ma\u010dji krempelj izvira iz oblike njegovih trnov, ki izgledajo kot ma\u010dji krempelj. Iz lubja in korenine vinske trte so narejeni izvle\u010dki, teko\u010dine, tablete, kapsule in \u010daj ma\u010djega kremplja. Uporaba ma\u010djega kremplja za podporo zdravju sega v civilizacijo Inkov.<\/p>\n<p>Nature&#8217;s Answer Cat\u2019s Claw vam prina\u0161a prednosti te edinstvene trte. Ta mo\u010dna, super koncentrirana formula podpira naravno delovanje zdravih sklepov in mi\u0161ic.* S 1000 mg skrbno ekstrahiranega Nature\u2019s Answer Cat\u2019s Claw Inner Bark v eni porciji. Vsaka 1 ml porcija je narejena iz 1000 mg posu\u0161enega zeli\u0161\u010da (ekvivalent suhih zeli\u0161\u010d 1:1), preizku\u0161enega, preverjenega in identificiranega glede pristnosti.<\/p>\n<p>POPOLNA IZBIRA: Z uporabo napredne tehnologije botani\u010dnih prstnih odtisov vam Nature&#8217;s Answer zagotavlja kakovost vsake sestavine z identifikacijo pristnosti vsake prihajajo\u010de rastline in vam obljublja naj\u010distej\u0161o obliko vsakega izvle\u010dka v vsakem izdelku.<\/p>\n","protected":false},"excerpt":{"rendered":"<p>Koncentriran zeli\u0161\u010dni izvle\u010dek Ma\u010djega Kremplja brez alkohola podpira naravno delovanje zdravih sklepov in mi\u0161ic.<\/p>\n","protected":false},"featured_media":60036,"comment_status":"open","ping_status":"closed","template":"","meta":[],"etheme_brands":[{"term_id":4661,"name":"Nature's Answer","slug":"natures-answer","term_group":0,"term_taxonomy_id":4661,"taxonomy":"brand","description":"Nature's Answer\u00ae kot eden najve\u010djih in najstarej\u0161ih ameri\u0161kih proizvajalcev prehranskih dodatkov ima ponosno tradicijo zagotavljanja sestavin najvi\u0161je kakovosti in \u010distosti v vsakem proizvodu \u017ee od leta 1972. Edinstveno lahko zagotavljajo te standarde za vse njihove teko\u010de rastlinske izvle\u010dke, saj oboje proizvajajo in pakirajo.\nDanes Nature's Answer\u00ae \u0161e naprej zdru\u017euje najbolj\u0161a tradicionalna zeli\u0161\u010dna zdravila, vitamine in minerale z inovativnimi znanstvenimi tehnikami in fitofarmacevtskimi postopki, ki prina\u0161ajo dodatke najbolj\u0161e kakovosti in vrednosti za vso dru\u017eino.","parent":0,"count":5,"filter":"raw"}],"product_brand":[],"product_cat":[3732,3733,3875,5384,3723,3716,3736,3739,3740,3725,3755,3726],"product_tag":[5521,5449,5468,5540,5491,5637,5638,5496,5639,5640,5455,5641,5636,5522],"class_list":{"0":"post-60035","1":"product","2":"type-product","3":"status-publish","4":"has-post-thumbnail","6":"brand-natures-answer","7":"product_cat-energija-in-motivacija","8":"product_cat-imunski-sistem","9":"product_cat-novo-v-ponudbi","10":"product_cat-obvladovanje-stresa","11":"product_cat-podpora-srca-in-ozilja","12":"product_cat-prebava-zelodec-crevesje","13":"product_cat-spomin-in-zdravje-mozganov","14":"product_cat-uravnavanje-hormonov","15":"product_cat-uravnavanje-krvnega-sladkorja","16":"product_cat-vitamini-in-minerali","17":"product_cat-vnetja-avtoimune-bolezni","18":"product_cat-vnetja-kosti-in-sklepi","19":"product_tag-bolecine","20":"product_tag-depresija","21":"product_tag-diabetes","22":"product_tag-holesterol","23":"product_tag-hujsanje","24":"product_tag-krvni-pritisk","25":"product_tag-omega-3","26":"product_tag-ozilje","27":"product_tag-polenovka","28":"product_tag-ribje-olje","29":"product_tag-sklepi","30":"product_tag-vitamin-a","31":"product_tag-vitamin-d","32":"product_tag-vnetja","34":"first","35":"outofstock","36":"taxable","37":"shipping-taxable","38":"purchasable","39":"product-type-simple"},"_links":{"self":[{"href":"https:\/\/fmed.eu\/hr\/wp-json\/wp\/v2\/product\/60035","targetHints":{"allow":["GET"]}}],"collection":[{"href":"https:\/\/fmed.eu\/hr\/wp-json\/wp\/v2\/product"}],"about":[{"href":"https:\/\/fmed.eu\/hr\/wp-json\/wp\/v2\/types\/product"}],"replies":[{"embeddable":true,"href":"https:\/\/fmed.eu\/hr\/wp-json\/wp\/v2\/comments?post=60035"}],"version-history":[{"count":1,"href":"https:\/\/fmed.eu\/hr\/wp-json\/wp\/v2\/product\/60035\/revisions"}],"predecessor-version":[{"id":69290,"href":"https:\/\/fmed.eu\/hr\/wp-json\/wp\/v2\/product\/60035\/revisions\/69290"}],"wp:featuredmedia":[{"embeddable":true,"href":"https:\/\/fmed.eu\/hr\/wp-json\/wp\/v2\/media\/60036"}],"wp:attachment":[{"href":"https:\/\/fmed.eu\/hr\/wp-json\/wp\/v2\/media?parent=60035"}],"wp:term":[{"taxonomy":"brand","embeddable":true,"href":"https:\/\/fmed.eu\/hr\/wp-json\/wp\/v2\/etheme_brands?post=60035"},{"taxonomy":"product_brand","embeddable":true,"href":"https:\/\/fmed.eu\/hr\/wp-json\/wp\/v2\/product_brand?post=60035"},{"taxonomy":"product_cat","embeddable":true,"href":"https:\/\/fmed.eu\/hr\/wp-json\/wp\/v2\/product_cat?post=60035"},{"taxonomy":"product_tag","embeddable":true,"href":"https:\/\/fmed.eu\/hr\/wp-json\/wp\/v2\/product_tag?post=60035"}],"curies":[{"name":"wp","href":"https:\/\/api.w.org\/{rel}","templated":true}]}}