{"id":60077,"date":"2021-12-07T13:13:25","date_gmt":"2021-12-07T13:13:25","guid":{"rendered":"https:\/\/fmed.eu\/product\/lutein-optilut-doctors-best\/"},"modified":"2025-04-22T13:05:00","modified_gmt":"2025-04-22T11:05:00","slug":"lutein-optilut-doctors-best","status":"publish","type":"product","link":"https:\/\/fmed.eu\/hr\/proizvod\/lutein-optilut-doctors-best\/","title":{"rendered":"Lutein z Optilutom, Doctor&#8217;s Best"},"content":{"rendered":"<p>Doctor&#8217;s Best Lutein z OptiLutom<\/p>\n<p>Prispevajte k splo\u0161nemu zdravju o\u010di z Doctor&#8217;s Best Lutein z OptiLut\u00ae.<\/p>\n<p>Ta formula vklju\u010duje lutein in zeaksantin, dva glavna karotenoida (ali rastlinska pigmenta) v na\u0161em sistemu, z visokimi koncentracijami v o\u010desni mre\u017enici. Navdu\u0161ite svojega optometrista, tako da se odlo\u010dite za najbolj\u0161o zdravni\u0161ko shemo luteina.<\/p>\n<p>Science-Based Nutrition\u2122<\/p>\n<p>Iz ekstrakta cvetov ognji\u010da OptiLut\u00ae<\/p>\n<p>Naravni lutein in zeaksantin zmanj\u0161ujeta utrujenost o\u010di in podpirata dalj\u0161i \u010das pred zaslonom<\/p>\n<p>Prehransko dopolnilo<\/p>\n<p>Brez GSO \/ brez glutena \/ brez soje \/ veganski izdelek<\/p>\n<p>Doctor&#8217;s Best Lutein iz OptiLut\u00ae oskrbuje OptiLut\u00ae, ki je proizveden po patentiranem postopku ekstrakcije iz cvetov ognji\u010da in vsebuje zelo biolo\u0161ko razpolo\u017eljiva vsa naravna luteina in trans-zeaksantina.<\/p>\n<p>Lutein in zeaksantin sta glavna karotenoida, ki se nahajata v krvi, in sta zelo koncentrirana v o\u010desni mre\u017enici. Lutein in zeaksantin pomagata nevtralizirati proste radikale in podpirata zdravo vidno funkcijo, zdravje rumene pege in kognitivno ostrino.<\/p>\n<p>Podpira vizualno funkcijo<\/p>\n<p>Podpira kognitivno ostrino<\/p>\n<p>Pomaga nevtralizirati proste radikale<\/p>\n<p>Pomaga zmanj\u0161ati utrujenost o\u010di s podalj\u0161anim \u010dasom pred zaslonom<\/p>\n","protected":false},"excerpt":{"rendered":"<p>Prispevajte k splo\u0161nemu zdravju o\u010di z Doctor&#8217;s Best Lutein z OptiLut\u00ae. Vklju\u010duje lutein in zeaksantin, dva glavna karotenoida v na\u0161em sistemu.<\/p>\n","protected":false},"featured_media":60078,"comment_status":"open","ping_status":"closed","template":"","meta":[],"etheme_brands":[{"term_id":4643,"name":"Doctor's Best","slug":"doctors-best","term_group":0,"term_taxonomy_id":4643,"taxonomy":"brand","description":"Doctor's Best je znamka, ki so jo leta 1990 ustanovili zdravniki. Podjetje ponuja ve\u010d kot 200 izdelkov, katerih ve\u010dina je narejenih iz sestavin lastne blagovne znamke. Podjetje se lahko pohvali z izdelki, ki jih odlikujejo standardi najvi\u0161je kakovosti.","parent":0,"count":32,"filter":"raw"}],"product_brand":[],"product_cat":[3722,3732,3733,3875,3736,3870],"product_tag":[5471,5524,5469,5500,5561,5643,5563,5564],"class_list":{"0":"post-60077","1":"product","2":"type-product","3":"status-publish","4":"has-post-thumbnail","6":"brand-doctors-best","7":"product_cat-antioksidanti","8":"product_cat-energija-in-motivacija","9":"product_cat-imunski-sistem","10":"product_cat-novo-v-ponudbi","11":"product_cat-spomin-in-zdravje-mozganov","12":"product_cat-zdravje-oci","13":"product_tag-antioksidant","14":"product_tag-b-kompleks","15":"product_tag-energija","16":"product_tag-imunski-sistem","17":"product_tag-minerali","18":"product_tag-oci","19":"product_tag-preventiva","20":"product_tag-vitamini","22":"first","23":"outofstock","24":"taxable","25":"shipping-taxable","26":"purchasable","27":"product-type-simple"},"_links":{"self":[{"href":"https:\/\/fmed.eu\/hr\/wp-json\/wp\/v2\/product\/60077","targetHints":{"allow":["GET"]}}],"collection":[{"href":"https:\/\/fmed.eu\/hr\/wp-json\/wp\/v2\/product"}],"about":[{"href":"https:\/\/fmed.eu\/hr\/wp-json\/wp\/v2\/types\/product"}],"replies":[{"embeddable":true,"href":"https:\/\/fmed.eu\/hr\/wp-json\/wp\/v2\/comments?post=60077"}],"version-history":[{"count":1,"href":"https:\/\/fmed.eu\/hr\/wp-json\/wp\/v2\/product\/60077\/revisions"}],"predecessor-version":[{"id":69285,"href":"https:\/\/fmed.eu\/hr\/wp-json\/wp\/v2\/product\/60077\/revisions\/69285"}],"wp:featuredmedia":[{"embeddable":true,"href":"https:\/\/fmed.eu\/hr\/wp-json\/wp\/v2\/media\/60078"}],"wp:attachment":[{"href":"https:\/\/fmed.eu\/hr\/wp-json\/wp\/v2\/media?parent=60077"}],"wp:term":[{"taxonomy":"brand","embeddable":true,"href":"https:\/\/fmed.eu\/hr\/wp-json\/wp\/v2\/etheme_brands?post=60077"},{"taxonomy":"product_brand","embeddable":true,"href":"https:\/\/fmed.eu\/hr\/wp-json\/wp\/v2\/product_brand?post=60077"},{"taxonomy":"product_cat","embeddable":true,"href":"https:\/\/fmed.eu\/hr\/wp-json\/wp\/v2\/product_cat?post=60077"},{"taxonomy":"product_tag","embeddable":true,"href":"https:\/\/fmed.eu\/hr\/wp-json\/wp\/v2\/product_tag?post=60077"}],"curies":[{"name":"wp","href":"https:\/\/api.w.org\/{rel}","templated":true}]}}