{"id":60165,"date":"2021-12-08T12:18:46","date_gmt":"2021-12-08T10:18:46","guid":{"rendered":"https:\/\/fmed.eu\/product\/popolnoma-aktiven-b-complex-depo-doctors-best\/"},"modified":"2026-01-20T08:47:26","modified_gmt":"2026-01-20T06:47:26","slug":"popolnoma-aktiven-b-complex-depo-doctors-best","status":"publish","type":"product","link":"https:\/\/fmed.eu\/hr\/proizvod\/popolnoma-aktiven-b-complex-depo-doctors-best\/","title":{"rendered":"Doctor&#8217;s Best, Fully Active B Complex, Popolnoma aktiven B Complex, 30 kapsul"},"content":{"rendered":"<p>Doctor&#8217;s Best Popolnoma aktiven B Complex Depo (Fully Active B Complex Depot)<\/p>\n<p>Posebej izbran B kompleks z vrhunsko sestavo. Gre za uravnove\u0161eno me\u0161anico vitaminov B skupine. Vsi vsebujo\u010di vitamini so v aktinih, koencimskih ali metilnih oblikah, kar zagotavlja njihovo optimalno absorpcijo in uporabo v telesu. B vitamini se po kvaliteti mo\u010dno razlikujejo in medtem, ko so eni u\u010dinkoviti so drugi lahko celo \u0161kodljivi. Ocenjevanje kvalitete vitaminov in mineralov je kompleksno opravilo, eden znakov, da je B-kompleks najverjetneje kvaliteten pa je vsebnost treh poglavitnih B vitaminov v njihvih aktivnih oblikah:<\/p>\n<p>B12: namesto ciano-kobalamina vsebuje kvaliteten b-kompleks metil-kobalamin<\/p>\n<p>B9: namesto folne kisline, metil-folat (MTHF)<\/p>\n<p>B6: namesto piridoksin klorida, P5P<\/p>\n<p>Ste vedeli, da ima skoraj 30% ljudi mo\u010dno okvaro MTHFR gena, ki prepre\u010duje aktivacijo folne kisline v metil-folat. Folna kislina lahko tako zaostaja v telesu kjer povzro\u010da \u0161kodo. Zmeraj poglejte, da dopolnilo vsebuje metil-folat in ne folne kisline.<\/p>\n<p>Skupino vitaminov B-kompleksa sestavlja osem vodotopnih vitaminov B, za katere je znano, da so bistveni za normalno fiziolo\u0161ko delovanje in klju\u010dno prispevajo k ohranjanju optimalnega zdravja ljudi. Vitamini B igrajo pomembno vlogo pri presnovi celic, podpirajo funkcije DNK in encimov ter proizvodnjo energije ter so klju\u010dnega pomena za ohranjanje zdrave ko\u017ee in las ter podpirajo kostne, kardiovaskularne in kognitivne funkcije.*<\/p>\n<p>Telo ne sintetizira vitaminov B in morajo izhajati iz hrane, obogatene hrane in prehranskih dopolnil. Doctor&#8217;s Best Fully Active B Complex vsebuje vseh osem pomembnih vitaminov B, celoten spekter, zasnovan za optimalno absorpcijo in uporabo za podporo splo\u0161nega zdravja in dobrega po\u010dutja. Ta formulacija zagotavlja vitamine B v njihovih najvarnej\u0161ih, najbolje prena\u0161anih in najbolj biokemi\u010dno aktivnih oblikah ter vklju\u010duje vitamin C za dodatno stabilnost. Je hipoalergen, brez \u0161kodljivih barvil ali dodatkov.<\/p>\n<p>Quatrefolic je glukozaminska sol 5-metiltetrahidrofolata, najbolj biolo\u0161ko razpolo\u017eljive oblike folata, ki zagotavlja ve\u010djo stabilnost in topnost v vodi.* Folat je bistveni vitamin za podporo DNK, pravilno delitev celic, sr\u010dno-\u017eilno, du\u0161evno in \u010dustveno dobro po\u010dutje.*<\/p>\n<p>RAZ\u0160IRJENE PREDNOSTI<\/p>\n<p>Vitamini B so nujni za normalno rast, presnovo in razmno\u017eevanje. So v vodi topna mikrohranila in se zato zlahka absorbirajo iz \u010drevesja in se zlahka izlo\u010dijo z izlo\u010danjem skozi ledvice. Na splo\u0161no se posamezni vita<\/p>\n","protected":false},"excerpt":{"rendered":"<p>Uravnote\u017een B kompleks v aktivni obliki (koencimi, metilne oblike), za najbolj\u0161o absorpcijo in dostavo v celice.<\/p>\n","protected":false},"featured_media":60166,"comment_status":"open","ping_status":"closed","template":"","meta":[],"etheme_brands":[{"term_id":4643,"name":"Doctor's Best","slug":"doctors-best","term_group":0,"term_taxonomy_id":4643,"taxonomy":"brand","description":"Doctor's Best je znamka, ki so jo leta 1990 ustanovili zdravniki. Podjetje ponuja ve\u010d kot 200 izdelkov, katerih ve\u010dina je narejenih iz sestavin lastne blagovne znamke. Podjetje se lahko pohvali z izdelki, ki jih odlikujejo standardi najvi\u0161je kakovosti.","parent":0,"count":32,"filter":"raw"}],"product_brand":[],"product_cat":[3732,3733,3875,5384,3723,3756,3724,3717,3736,3739,3740,3725,3726],"product_tag":[5523,5524,5468,5469,5525,5500,5492,5442,5462,5444,5452,5526,5527,5467,5517],"class_list":{"0":"post-60165","1":"product","2":"type-product","3":"status-publish","4":"has-post-thumbnail","6":"brand-doctors-best","7":"product_cat-energija-in-motivacija","8":"product_cat-imunski-sistem","9":"product_cat-novo-v-ponudbi","10":"product_cat-obvladovanje-stresa","11":"product_cat-podpora-srca-in-ozilja","12":"product_cat-prehladna-obolenja","13":"product_cat-razstrupljanje-in-jetra","14":"product_cat-slabokrvnost-anemija","15":"product_cat-spomin-in-zdravje-mozganov","16":"product_cat-uravnavanje-hormonov","17":"product_cat-uravnavanje-krvnega-sladkorja","18":"product_cat-vitamini-in-minerali","19":"product_cat-vnetja-kosti-in-sklepi","20":"product_tag-anemija","21":"product_tag-b-kompleks","22":"product_tag-diabetes","23":"product_tag-energija","24":"product_tag-hemoglobin","25":"product_tag-imunski-sistem","26":"product_tag-koncentracija","27":"product_tag-koza","28":"product_tag-krvni-sladkor","29":"product_tag-lasje","30":"product_tag-metilacija","31":"product_tag-nohti","32":"product_tag-spomin","33":"product_tag-utrujenost","34":"product_tag-zivcevje","36":"first","37":"outofstock","38":"taxable","39":"shipping-taxable","40":"purchasable","41":"product-type-simple"},"_links":{"self":[{"href":"https:\/\/fmed.eu\/hr\/wp-json\/wp\/v2\/product\/60165","targetHints":{"allow":["GET"]}}],"collection":[{"href":"https:\/\/fmed.eu\/hr\/wp-json\/wp\/v2\/product"}],"about":[{"href":"https:\/\/fmed.eu\/hr\/wp-json\/wp\/v2\/types\/product"}],"replies":[{"embeddable":true,"href":"https:\/\/fmed.eu\/hr\/wp-json\/wp\/v2\/comments?post=60165"}],"version-history":[{"count":1,"href":"https:\/\/fmed.eu\/hr\/wp-json\/wp\/v2\/product\/60165\/revisions"}],"predecessor-version":[{"id":69279,"href":"https:\/\/fmed.eu\/hr\/wp-json\/wp\/v2\/product\/60165\/revisions\/69279"}],"wp:featuredmedia":[{"embeddable":true,"href":"https:\/\/fmed.eu\/hr\/wp-json\/wp\/v2\/media\/60166"}],"wp:attachment":[{"href":"https:\/\/fmed.eu\/hr\/wp-json\/wp\/v2\/media?parent=60165"}],"wp:term":[{"taxonomy":"brand","embeddable":true,"href":"https:\/\/fmed.eu\/hr\/wp-json\/wp\/v2\/etheme_brands?post=60165"},{"taxonomy":"product_brand","embeddable":true,"href":"https:\/\/fmed.eu\/hr\/wp-json\/wp\/v2\/product_brand?post=60165"},{"taxonomy":"product_cat","embeddable":true,"href":"https:\/\/fmed.eu\/hr\/wp-json\/wp\/v2\/product_cat?post=60165"},{"taxonomy":"product_tag","embeddable":true,"href":"https:\/\/fmed.eu\/hr\/wp-json\/wp\/v2\/product_tag?post=60165"}],"curies":[{"name":"wp","href":"https:\/\/api.w.org\/{rel}","templated":true}]}}