{"id":60179,"date":"2021-12-08T11:51:11","date_gmt":"2021-12-08T11:51:11","guid":{"rendered":"https:\/\/fmed.eu\/product\/ubiquinol-q10-ubikinol-kaneka-reduciran-qh-10-doctors-best\/"},"modified":"2025-04-22T13:04:59","modified_gmt":"2025-04-22T11:04:59","slug":"ubiquinol-q10-ubikinol-kaneka-reduciran-qh-10-doctors-best","status":"publish","type":"product","link":"https:\/\/fmed.eu\/hr\/proizvod\/ubiquinol-q10-ubikinol-kaneka-reduciran-qh-10-doctors-best\/","title":{"rendered":"Doctor&#8217;s Best, Ubiquinol Q10, Ubikinol Kaneka QH (reduciran Q-10), 100mg, 60 softgelov"},"content":{"rendered":"<p>Doctor&#8217;s Best Ubiquiol Kaneka (reduciran Koencim Q10)<\/p>\n<p>KANEKA UBIQUINOL &#8211; vsebuje reducirano obliko koencima Q10. Tako ubikinol (CoQ10-H2) kot ubikinon (CoQ10) sta presnovno aktivna. Ravni CoQ10 v srcu in telesu se po 40. letu starosti naravno zmanj\u0161ajo in sposobnost telesa za pretvorbo CoQ10 v ubikinol se zmanj\u0161a.* Vsaka oblika ima edinstveno vlogo v celicah, ki se nana\u0161a na delovanje antioksidantov, podpira zdravo delovanje srca in pove\u010duje proizvodnjo energije.<\/p>\n<p>UBIQUINOL ZA ZDRAVJE SRCA &#8211; Ubikinol pomaga podpirati zdravje srca in pove\u010duje proizvodnjo celi\u010dne energije, ki je potrebna za na\u0161e srce<\/p>\n<p>BISTVEN ZA PROIZVODNJO ENERGIJE \u2013 Koencim Q10 pomaga podpirati mitohondrije za pove\u010danje proizvodnje celi\u010dne energije.* CoQ10 je klju\u010dna sestavina na poti za proizvodnjo ATP za energijo.* Mitohondriji so primarni vir energije na\u0161ega telesa. Ravni CoQ10 se lahko s staranjem zdrave osebe zmanj\u0161ajo<\/p>\n<p>KORISTI ZA UPORABNIKE ZDRAVILA STATINOV \u2013 dokazano je, da statini za zdravljenje visokega holesterola zni\u017eujejo telesno raven CoQ10.* Statini delujejo tako, da blokirajo biosintezo holesterola. Prav tako blokirajo proizvodnjo CoQ10, kar vodi do zmanj\u0161anja ravni ubikinola. Ravni CoQ10 se lahko zni\u017eajo zaradi normalnega staranja in zaradi jemanja statinov za zni\u017eevanje holesterola<\/p>\n<p>BIOLO\u0160KA RAZPOLO\u017dLJIVOST \u2013 Ubikinol lahko nudi izbolj\u0161ano biolo\u0161ko uporabnost pri starej\u0161ih odraslih, ki imajo morda te\u017eave pri doseganju visokih ravni tega hranila, ali tistih, ki se ukvarjajo z absorpcijo hranil.<\/p>\n<p>Kaj sploh je Q10<\/p>\n<p>Q10 imenujemo tudi ubikvinon in sodi med antioksidante v \u010dlove\u0161kem telesu. \u00a0Najve\u010dje potrebe po CoQ10 imajo srce, jetra in ledvice.<\/p>\n<p>Telo ga lahko ustvarja samo in njegova glavna dol\u017enost je pobiranje prostih radikalov, ki se pojavljajo ob proizvodnji energije v dihalni verigi (electron transport chain). Dihalna veriga v \u010dlove\u0161kem telesu ustvari pribli\u017eno 95% energije.<\/p>\n<p>Telo proizvaja Q10 s pomo\u010djo encima HMG-CoA reduktaza . To je encim, ki ga zavirajo statini (zdravila proti holesterolu), saj proizvaja tudi holesterol. Statini lahko zmanj\u0161ajo koli\u010dino Q10 v telesu do 40%. Podobne u\u010dinke imajo tudi beta blokatorji in druga zdravila proti visokemu pritisku.<\/p>\n<p>Interakcije Q10<\/p>\n<p>Bodite pazljivi saj ima koencim Q10 potencialno mo\u017enost zmanj\u0161evati u\u010dinkovitost zdravil za red\u010denje krvi. V kolikor jemljete tak\u0161na zdravila, se pred uporabo Q10 posvetujte z zdravnikom.<\/p>\n","protected":false},"excerpt":{"rendered":"<p>Ubikinol s Kaneko je formula koencima Q10 (ubiquinol), z 3 do 4x bolj\u0161o absorpcijo, ki dvigne energijo in zmanj\u0161a stranske u\u010dinke zdravil proti holesterolu in visokemu pritisku.<\/p>\n","protected":false},"featured_media":60180,"comment_status":"open","ping_status":"closed","template":"","meta":[],"etheme_brands":[{"term_id":4643,"name":"Doctor's Best","slug":"doctors-best","term_group":0,"term_taxonomy_id":4643,"taxonomy":"brand","description":"Doctor's Best je znamka, ki so jo leta 1990 ustanovili zdravniki. Podjetje ponuja ve\u010d kot 200 izdelkov, katerih ve\u010dina je narejenih iz sestavin lastne blagovne znamke. Podjetje se lahko pohvali z izdelki, ki jih odlikujejo standardi najvi\u0161je kakovosti.","parent":0,"count":32,"filter":"raw"}],"product_brand":[],"product_cat":[3722,3732,3875,3723,3736],"product_tag":[5469,5540,5514,5500,5585,5586,5496,5497,5587,5588],"class_list":{"0":"post-60179","1":"product","2":"type-product","3":"status-publish","4":"has-post-thumbnail","6":"brand-doctors-best","7":"product_cat-antioksidanti","8":"product_cat-energija-in-motivacija","9":"product_cat-novo-v-ponudbi","10":"product_cat-podpora-srca-in-ozilja","11":"product_cat-spomin-in-zdravje-mozganov","12":"product_tag-energija","13":"product_tag-holesterol","14":"product_tag-homocistein","15":"product_tag-imunski-sistem","16":"product_tag-infarkt","17":"product_tag-kap","18":"product_tag-ozilje","19":"product_tag-srce","20":"product_tag-statini","21":"product_tag-ubiquinol","23":"first","24":"outofstock","25":"taxable","26":"shipping-taxable","27":"purchasable","28":"product-type-simple"},"_links":{"self":[{"href":"https:\/\/fmed.eu\/hr\/wp-json\/wp\/v2\/product\/60179","targetHints":{"allow":["GET"]}}],"collection":[{"href":"https:\/\/fmed.eu\/hr\/wp-json\/wp\/v2\/product"}],"about":[{"href":"https:\/\/fmed.eu\/hr\/wp-json\/wp\/v2\/types\/product"}],"replies":[{"embeddable":true,"href":"https:\/\/fmed.eu\/hr\/wp-json\/wp\/v2\/comments?post=60179"}],"version-history":[{"count":1,"href":"https:\/\/fmed.eu\/hr\/wp-json\/wp\/v2\/product\/60179\/revisions"}],"predecessor-version":[{"id":69278,"href":"https:\/\/fmed.eu\/hr\/wp-json\/wp\/v2\/product\/60179\/revisions\/69278"}],"wp:featuredmedia":[{"embeddable":true,"href":"https:\/\/fmed.eu\/hr\/wp-json\/wp\/v2\/media\/60180"}],"wp:attachment":[{"href":"https:\/\/fmed.eu\/hr\/wp-json\/wp\/v2\/media?parent=60179"}],"wp:term":[{"taxonomy":"brand","embeddable":true,"href":"https:\/\/fmed.eu\/hr\/wp-json\/wp\/v2\/etheme_brands?post=60179"},{"taxonomy":"product_brand","embeddable":true,"href":"https:\/\/fmed.eu\/hr\/wp-json\/wp\/v2\/product_brand?post=60179"},{"taxonomy":"product_cat","embeddable":true,"href":"https:\/\/fmed.eu\/hr\/wp-json\/wp\/v2\/product_cat?post=60179"},{"taxonomy":"product_tag","embeddable":true,"href":"https:\/\/fmed.eu\/hr\/wp-json\/wp\/v2\/product_tag?post=60179"}],"curies":[{"name":"wp","href":"https:\/\/api.w.org\/{rel}","templated":true}]}}