{"id":60263,"date":"2021-12-15T17:59:37","date_gmt":"2021-12-15T17:59:37","guid":{"rendered":"https:\/\/fmed.eu\/product\/rhodiola-life-extension\/"},"modified":"2025-04-22T13:04:58","modified_gmt":"2025-04-22T11:04:58","slug":"rhodiola-life-extension","status":"publish","type":"product","link":"https:\/\/fmed.eu\/hr\/proizvod\/rhodiola-life-extension\/","title":{"rendered":"Rhodiola Extract 250 mg, Life Extension, 60 kapsul"},"content":{"rendered":"<p>Life Extension Rhodiola &#8211; 60 vegetarianskih kapsul po 250mg<\/p>\n<p>Rhodiola (Rhodiola rosea) je avtohtona v arkti\u010dnih in alpskih regijah Evrope, Azije in Amerike in so jo \u0161tevilne kulture, vklju\u010dno s starimi Grki, \u017ee dolgo uporabljale kot tonik. Rhodiola je splo\u0161no znana kot &#8220;adaptogen&#8221;, izraz, ki se nana\u0161a na katero koli sredstvo, ki ima sposobnost podpiranja naravne sposobnosti telesa, da se prilagodi spreminjajo\u010dim se \u017eivljenjskim razmeram.<\/p>\n<p>3 % STANDARDIZIRANI IZVLE\u010cEK: Now Foods Rhodiola je standardizirana na 3 % vseh rosavinov in 1 % salidrozida<\/p>\n<p>ZGODOVINSKA UPORABA: Rhodiola je avtohtona v arkti\u010dnih in alpskih regijah Evrope, Azije in Amerike in so jo \u0161tevilne kulture, vklju\u010dno s starimi Grki, \u017ee dolgo uporabljale kot tonik.<\/p>\n<p>ADAPTOGENO ZELI\u0160\u010cE*: Rhodiola je splo\u0161no znana kot adaptogen, izraz, ki se nana\u0161a na katero koli sredstvo, ki ima sposobnost podpiranja naravne sposobnosti telesa, da se prilagodi spreminjajo\u010dim se \u017eivljenjskim razmeram.<\/p>\n<p>Zagotovljena kakovost GMP: certifikat GMP z oceno NPA A pomeni, da je bil preverjen vsak vidik proizvodnega procesa NOW, vklju\u010dno z na\u0161imi laboratorijskimi\/testnimi metodami (za stabilnost, mo\u010d in formulacijo izdelka)<\/p>\n<p>POMAGA PRI STRESU \u2013 Rhodiola je adaptogen, kar pomeni, da je rastlina, ki pomaga telesu, da se prilagodi fizi\u010dnim in okoljskim stresom. Raziskave so pokazale, da je rodiola uspe\u0161na pri zaviranju stresa pri \u0161tudentih med izpitnimi obdobji, voja\u0161kih kadetih v osnovnem usposabljanju in sicer zdravih odraslih s stresom, povezanim s splo\u0161no utrujenostjo.<\/p>\n<p>BOJ PROTI DU\u0160EVNI UTRUJENOSTI \u2013 Prakti\u010dno vsaka zaposlena oseba ve za stres in du\u0161evno utrujenost. Ob\u010dutki manj\u0161e energije, pove\u010dana du\u0161evna oddaljenost od slu\u017ebe in ni\u017eja poklicna u\u010dinkovitost. Ugotovljeno je bilo, da so tisti, ki so jemali rhodiolo dvakrat na dan, ob\u010dutno izbolj\u0161ali razpolo\u017eenje in u\u010dinkovitost.<\/p>\n<p>BOLJ\u0160A DU\u0160EVNA ZMOGLJIVOST \u2013 Z rhodiolo lahko spodbujate du\u0161evno jasnost, energijo in vzdr\u017eljivost. Rhodiola to dose\u017ee delno s spodbujanjem notranje proizvodnje ATP v telesu, ki je energijsko bogata molekula, ki jo vse celice uporabljajo za mo\u010d.<\/p>\n<p>SESTAVINE SO POMEMBNE \u2013 Pridobljeno z uporabo samo najbolj\u0161ih surovin s \u010distostjo in mo\u010djo, ki si jo va\u0161e telo zaslu\u017ei. Ta izdelek je certificiran brez GSO in brez glutena. Proizvedeno v ZDA in za vsak izdelek, ki ga izdelamo, je na voljo potrdilo o analizi.<\/p>\n<p>\u017dIVI SVOJE NAJZDRAVO \u017dIVLJENJE &#8211; Ve\u010d kot 40 let razvijamo napredne, u\u010dinkovite formule, izdelane po najvi\u0161jih standardih in n<\/p>\n","protected":false},"excerpt":{"rendered":"<p>Rhodiola je splo\u0161no znana kot adaptogen, izraz, ki se nana\u0161a na katero koli sredstvo, ki ima sposobnost podpiranja naravne sposobnosti telesa, da se prilagodi spreminjajo\u010dim se \u017eivljenjskim razmeram.<\/p>\n","protected":false},"featured_media":60264,"comment_status":"open","ping_status":"closed","template":"","meta":[],"etheme_brands":[{"term_id":4696,"name":"LifeExtension","slug":"lifeextension","term_group":0,"term_taxonomy_id":4696,"taxonomy":"brand","description":"LifeExtenstion je podjetje, ki polaga posebno pozornost na kvaliteto. Osredoto\u010deni so na dva posebna podro\u010dja:\r\n\r\nSurovine: Za razliko od drugih proizvajalcev, sestavine, ki gredo v njihove izdelke, niso izbrane na podlagi stro\u0161kov. Namesto tega so izbrane na podlagi \u010distosti, u\u010dinkovitosti in dokazov iz znanstvenih raziskav.\r\n\r\nPotrjevanje u\u010dinkovitosti u\u010dinkovin z znanstvenimi raziskavami: Uporabljajo sestavine in odmerke, ki natan\u010dno posnemajo najuspe\u0161nej\u0161e rezultate, pridobljene v znanstvenih \u0161tudijah, za najve\u010djo u\u010dinkovitost.","parent":0,"count":12,"filter":"raw"}],"product_brand":[],"product_cat":[5384,3735,3736],"product_tag":[5448,5449,5685,5506,5686,5464,5465,5470],"class_list":{"0":"post-60263","1":"product","2":"type-product","3":"status-publish","4":"has-post-thumbnail","6":"brand-lifeextension","7":"product_cat-obvladovanje-stresa","8":"product_cat-spanje-insomnia","9":"product_cat-spomin-in-zdravje-mozganov","10":"product_tag-anksioznost","11":"product_tag-depresija","12":"product_tag-fenibut","13":"product_tag-fokus","14":"product_tag-insomnia","15":"product_tag-spanje","16":"product_tag-sproscanje","17":"product_tag-stres","19":"first","20":"outofstock","21":"taxable","22":"shipping-taxable","23":"purchasable","24":"product-type-simple"},"_links":{"self":[{"href":"https:\/\/fmed.eu\/hr\/wp-json\/wp\/v2\/product\/60263","targetHints":{"allow":["GET"]}}],"collection":[{"href":"https:\/\/fmed.eu\/hr\/wp-json\/wp\/v2\/product"}],"about":[{"href":"https:\/\/fmed.eu\/hr\/wp-json\/wp\/v2\/types\/product"}],"replies":[{"embeddable":true,"href":"https:\/\/fmed.eu\/hr\/wp-json\/wp\/v2\/comments?post=60263"}],"version-history":[{"count":1,"href":"https:\/\/fmed.eu\/hr\/wp-json\/wp\/v2\/product\/60263\/revisions"}],"predecessor-version":[{"id":69272,"href":"https:\/\/fmed.eu\/hr\/wp-json\/wp\/v2\/product\/60263\/revisions\/69272"}],"wp:featuredmedia":[{"embeddable":true,"href":"https:\/\/fmed.eu\/hr\/wp-json\/wp\/v2\/media\/60264"}],"wp:attachment":[{"href":"https:\/\/fmed.eu\/hr\/wp-json\/wp\/v2\/media?parent=60263"}],"wp:term":[{"taxonomy":"brand","embeddable":true,"href":"https:\/\/fmed.eu\/hr\/wp-json\/wp\/v2\/etheme_brands?post=60263"},{"taxonomy":"product_brand","embeddable":true,"href":"https:\/\/fmed.eu\/hr\/wp-json\/wp\/v2\/product_brand?post=60263"},{"taxonomy":"product_cat","embeddable":true,"href":"https:\/\/fmed.eu\/hr\/wp-json\/wp\/v2\/product_cat?post=60263"},{"taxonomy":"product_tag","embeddable":true,"href":"https:\/\/fmed.eu\/hr\/wp-json\/wp\/v2\/product_tag?post=60263"}],"curies":[{"name":"wp","href":"https:\/\/api.w.org\/{rel}","templated":true}]}}