{"id":60289,"date":"2021-12-22T11:39:47","date_gmt":"2021-12-22T11:39:47","guid":{"rendered":"https:\/\/fmed.eu\/product\/magnezijev-l-treonat-magnesium-l-threonate-dr-mercola\/"},"modified":"2025-04-22T13:04:58","modified_gmt":"2025-04-22T11:04:58","slug":"magnezijev-l-treonat-magnesium-l-threonate-dr-mercola","status":"publish","type":"product","link":"https:\/\/fmed.eu\/hr\/proizvod\/magnezijev-l-treonat-magnesium-l-threonate-dr-mercola\/","title":{"rendered":"Magnezijev l-treonat (Magnesium L-Threonate), Dr. Mercola"},"content":{"rendered":"<p>Dr. Mercola Magnezijev L-Treonat<\/p>\n<p>Magnezijev treonat, je trenutno verjetno najkvalitetnej\u0161a oblika magnezija. Vsaka stekleni\u010dka magnezijevega L-treonata, 2.000 mg na porcijo vsebuje 30 obrokov<br \/>\nPo prepri\u010danju Dr. Mercole v zagotavljanje najbolj kakovostnih izdelkov je ta izdelek brez glutena, brez GSO, brez soje<br \/>\nNa\u0161 magnezijev L-treonat zagotavlja 2000 mg patentiranega magnezijevega magnezijevega L-treonata, ki ima odli\u010dno absorpcijo, zna\u010dilno za katero koli obliko magnezija.<br \/>\nZa razliko od drugih oblik magnezija, ki lahko povzro\u010dijo nelagodje v prebavilih in teko\u010de blato, magnezijev L-treonat ne deluje kot odvajalo in lahko pomaga znatno zmanj\u0161ati nelagodje v prebavnem traktu.<\/p>\n<p>MAGNEZIJ dokazano pomaga:<\/p>\n<p>prispeva k zmanj\u0161evanju utrujenosti in iz\u010drpanosti<\/p>\n<p>prispeva k ravnote\u017eju elektrolitov<\/p>\n<p>prispeva k spro\u0161\u010danju energije pri presnovi<\/p>\n<p>prispeva k delovanju \u017eiv\u010dnega sistema<\/p>\n<p>prispeva k delovanju mi\u0161ic<\/p>\n<p>ima vlogo pri sintezi beljakovin<\/p>\n<p>prispeva k normalnemu psiholo\u0161kemu delovanju<\/p>\n<p>prispeva k ohranjanju zdravih kosti in zob<\/p>\n<p>ima vlogo pri delitvi celic<\/p>\n","protected":false},"excerpt":{"rendered":"<p>Magnezijev treonat je trenutno najbolj\u0161a oblika magnezija, ki prosto prehaja mo\u017egansko opno in odli\u010dno deluje proti glavobolu, nespe\u010dnosti in depresiji.<\/p>\n","protected":false},"featured_media":60290,"comment_status":"open","ping_status":"closed","template":"","meta":[],"etheme_brands":[{"term_id":4655,"name":"Dr. Mercola","slug":"dr-mercola","term_group":0,"term_taxonomy_id":4655,"taxonomy":"brand","description":"Dr. Mercola ponuja ali priporo\u010da izdelke, \u0161ele potem, ko je on ali njegova raziskovalna skupina aktivno testirala in pregledala vsako sestavino. Poleg tega ustvarja samo izdelke, za katere ve, da jih bo uporabljal tudi sam in bi priporo\u010dal svoji dru\u017eini in prijateljem.","parent":0,"count":6,"filter":"raw"}],"product_brand":[],"product_cat":[3722,3732,3738,3875,5384,3723,3735,3736,3740,3725],"product_tag":[5518,5461,5462,5519,5493,5463,5436,5464,5465,5466,5467],"class_list":{"0":"post-60289","1":"product","2":"type-product","3":"status-publish","4":"has-post-thumbnail","6":"brand-dr-mercola","7":"product_cat-antioksidanti","8":"product_cat-energija-in-motivacija","9":"product_cat-magnezij","10":"product_cat-novo-v-ponudbi","11":"product_cat-obvladovanje-stresa","12":"product_cat-podpora-srca-in-ozilja","13":"product_cat-spanje-insomnia","14":"product_cat-spomin-in-zdravje-mozganov","15":"product_cat-uravnavanje-krvnega-sladkorja","16":"product_cat-vitamini-in-minerali","17":"product_tag-glavobol","18":"product_tag-krci","19":"product_tag-krvni-sladkor","20":"product_tag-migrena","21":"product_tag-mozgani","22":"product_tag-pms","23":"product_tag-prebava","24":"product_tag-spanje","25":"product_tag-sproscanje","26":"product_tag-umirjanje","27":"product_tag-utrujenost","29":"first","30":"outofstock","31":"taxable","32":"shipping-taxable","33":"purchasable","34":"product-type-simple"},"_links":{"self":[{"href":"https:\/\/fmed.eu\/hr\/wp-json\/wp\/v2\/product\/60289","targetHints":{"allow":["GET"]}}],"collection":[{"href":"https:\/\/fmed.eu\/hr\/wp-json\/wp\/v2\/product"}],"about":[{"href":"https:\/\/fmed.eu\/hr\/wp-json\/wp\/v2\/types\/product"}],"replies":[{"embeddable":true,"href":"https:\/\/fmed.eu\/hr\/wp-json\/wp\/v2\/comments?post=60289"}],"version-history":[{"count":1,"href":"https:\/\/fmed.eu\/hr\/wp-json\/wp\/v2\/product\/60289\/revisions"}],"predecessor-version":[{"id":69270,"href":"https:\/\/fmed.eu\/hr\/wp-json\/wp\/v2\/product\/60289\/revisions\/69270"}],"wp:featuredmedia":[{"embeddable":true,"href":"https:\/\/fmed.eu\/hr\/wp-json\/wp\/v2\/media\/60290"}],"wp:attachment":[{"href":"https:\/\/fmed.eu\/hr\/wp-json\/wp\/v2\/media?parent=60289"}],"wp:term":[{"taxonomy":"brand","embeddable":true,"href":"https:\/\/fmed.eu\/hr\/wp-json\/wp\/v2\/etheme_brands?post=60289"},{"taxonomy":"product_brand","embeddable":true,"href":"https:\/\/fmed.eu\/hr\/wp-json\/wp\/v2\/product_brand?post=60289"},{"taxonomy":"product_cat","embeddable":true,"href":"https:\/\/fmed.eu\/hr\/wp-json\/wp\/v2\/product_cat?post=60289"},{"taxonomy":"product_tag","embeddable":true,"href":"https:\/\/fmed.eu\/hr\/wp-json\/wp\/v2\/product_tag?post=60289"}],"curies":[{"name":"wp","href":"https:\/\/api.w.org\/{rel}","templated":true}]}}