{"id":60327,"date":"2021-12-23T09:35:33","date_gmt":"2021-12-23T09:35:33","guid":{"rendered":"https:\/\/fmed.eu\/product\/popolni-probiotiki-complete-probiotics-dr-mercola\/"},"modified":"2025-04-22T13:04:57","modified_gmt":"2025-04-22T11:04:57","slug":"popolni-probiotiki-complete-probiotics-dr-mercola","status":"publish","type":"product","link":"https:\/\/fmed.eu\/hr\/proizvod\/popolni-probiotiki-complete-probiotics-dr-mercola\/","title":{"rendered":"Dr. Mercola, Popolni Probiotiki (Complete Probiotics), 30 kapsul"},"content":{"rendered":"<p>Popolni Probiotiki (Complete Probiotics), Dr. Mercola<\/p>\n<p>Vklju\u010dno z dvema najbolj raziskanima razredoma probiotikov na trgu, vsaka popolna probioti\u010dna kapsula Dr. Mercola zagotavlja 70 milijard enot, ki tvorijo kolonije probiotikov na porcijo. Njegova obse\u017ena formula vsebuje veliko koli\u010dino bakterij za pove\u010danje gostote mikrobov, kot tudi \u0161irok nabor bakterijskih sevov za pove\u010danje mikrobne raznolikosti v prebavnem traktu. Vsaka vegetarijancem prijazna kapsula, stabilna pri sobni temperaturi, je brez glutena in soje ter je proizvedena v obratu c-GMP.<\/p>\n<p>Probiotiki z namenom<br \/>\nPopolni probiotiki Dr. Mercola pomagajo podpirati va\u0161 mikrobiom, saj ponujajo 10 sevov dobro raziskanih koristnih bakterij, vklju\u010dno z dolgotrajnim super-sevom, Lactobacillus acidophilus DDS\u00ae-1. Vsaka kapsula, ki jo je enostavno pogoltniti, vsebuje tudi odmerek fruktooligosaharida (FOS) kot obliko prebiotikov, ki pomaga probiotikom uspevati v va\u0161em telesu. Vsaka kapsula z odlo\u017eenim spro\u0161\u010danjem, ki ne potrebuje hlajenja, ohranja mo\u010d v visoko kislem okolju \u017eelodca, kar zagotavlja, da bakterije ohranijo sposobnost pre\u017eivetja.<\/p>\n<p>Ali probiotiki ne potrebujejo hlajenja?<br \/>\nPogosta napa\u010dna predstava je, da vsi probiotiki potrebujejo hlajenje, da ohranijo mo\u010d, vendar z novo tehnologijo to ne dr\u017ei ve\u010d! Metode predelave z zamrzovanjem omogo\u010dajo proizvajalcem, da proizvajajo stabilne probioti\u010dne dodatke, ki imajo dalj\u0161i rok uporabnosti kot ve\u010dina ohlajenih probiotikov in so veliko bolj priro\u010dni za potro\u0161nike, ki potujejo.<\/p>\n<p>\u010crevesne bakterije in probiotiki<\/p>\n<p>Prebavni trakt je v na\u0161em \u017eivljenju \u0161e kako pomemben \u2013 gre za sistem organov, ki sprejemajo hrano, jo prebavljajo in iz nje dobijo energijo ter hranila, ki jih telo potrebuje, da \u017eivi. Velik del prebave so tudi bakterije, ki tam \u017eivijo in jih imenujemo probiotiki. V \u010dlove\u0161kem \u010drevesju sicer \u017eivi sto tiso\u010d milijard mikroorganizmov, ki sestavljajo \u010drevesno mikrofloro.<\/p>\n<p>Probiotiki so mo\u010dno odvisni od okolja v katerem \u017eivimo ter od hrane, ki jo jemo. Procesirana hrana, ki vsebuje le malo vlaknin, lahko oslabi diverziteto in koli\u010dino probioti\u010dnih bakterij v \u010drevesju.<\/p>\n","protected":false},"excerpt":{"rendered":"<p>Popolni probiotiki spodbujajo optimalno rast zdravih bakterij in zagotavljajo podporo va\u0161emu imunskemu zdravju.<\/p>\n","protected":false},"featured_media":60328,"comment_status":"open","ping_status":"closed","template":"","meta":[],"etheme_brands":[{"term_id":4655,"name":"Dr. Mercola","slug":"dr-mercola","term_group":0,"term_taxonomy_id":4655,"taxonomy":"brand","description":"Dr. Mercola ponuja ali priporo\u010da izdelke, \u0161ele potem, ko je on ali njegova raziskovalna skupina aktivno testirala in pregledala vsako sestavino. Poleg tega ustvarja samo izdelke, za katere ve, da jih bo uporabljal tudi sam in bi priporo\u010dal svoji dru\u017eini in prijateljem.","parent":0,"count":6,"filter":"raw"}],"product_brand":[],"product_cat":[3722,3732,3733,3875,3716,3750,3724],"product_tag":[5488,5489,5436,5490,5474,5475],"class_list":{"0":"post-60327","1":"product","2":"type-product","3":"status-publish","4":"has-post-thumbnail","6":"brand-dr-mercola","7":"product_cat-antioksidanti","8":"product_cat-energija-in-motivacija","9":"product_cat-imunski-sistem","10":"product_cat-novo-v-ponudbi","11":"product_cat-prebava-zelodec-crevesje","12":"product_cat-probiotiki-in-prebiotiki","13":"product_cat-razstrupljanje-in-jetra","14":"product_tag-crevesje","15":"product_tag-disbioza","16":"product_tag-prebava","17":"product_tag-sibo","18":"product_tag-zapeka","19":"product_tag-zaprtje","21":"first","22":"outofstock","23":"taxable","24":"shipping-taxable","25":"purchasable","26":"product-type-simple"},"_links":{"self":[{"href":"https:\/\/fmed.eu\/hr\/wp-json\/wp\/v2\/product\/60327","targetHints":{"allow":["GET"]}}],"collection":[{"href":"https:\/\/fmed.eu\/hr\/wp-json\/wp\/v2\/product"}],"about":[{"href":"https:\/\/fmed.eu\/hr\/wp-json\/wp\/v2\/types\/product"}],"replies":[{"embeddable":true,"href":"https:\/\/fmed.eu\/hr\/wp-json\/wp\/v2\/comments?post=60327"}],"version-history":[{"count":1,"href":"https:\/\/fmed.eu\/hr\/wp-json\/wp\/v2\/product\/60327\/revisions"}],"predecessor-version":[{"id":69267,"href":"https:\/\/fmed.eu\/hr\/wp-json\/wp\/v2\/product\/60327\/revisions\/69267"}],"wp:featuredmedia":[{"embeddable":true,"href":"https:\/\/fmed.eu\/hr\/wp-json\/wp\/v2\/media\/60328"}],"wp:attachment":[{"href":"https:\/\/fmed.eu\/hr\/wp-json\/wp\/v2\/media?parent=60327"}],"wp:term":[{"taxonomy":"brand","embeddable":true,"href":"https:\/\/fmed.eu\/hr\/wp-json\/wp\/v2\/etheme_brands?post=60327"},{"taxonomy":"product_brand","embeddable":true,"href":"https:\/\/fmed.eu\/hr\/wp-json\/wp\/v2\/product_brand?post=60327"},{"taxonomy":"product_cat","embeddable":true,"href":"https:\/\/fmed.eu\/hr\/wp-json\/wp\/v2\/product_cat?post=60327"},{"taxonomy":"product_tag","embeddable":true,"href":"https:\/\/fmed.eu\/hr\/wp-json\/wp\/v2\/product_tag?post=60327"}],"curies":[{"name":"wp","href":"https:\/\/api.w.org\/{rel}","templated":true}]}}