{"id":60367,"date":"2021-12-23T14:14:13","date_gmt":"2021-12-23T14:14:13","guid":{"rendered":"https:\/\/fmed.eu\/product\/rjave-alge-naravni-jod-now-kelp\/"},"modified":"2026-02-03T11:27:09","modified_gmt":"2026-02-03T09:27:09","slug":"rjave-alge-naravni-jod-now-kelp","status":"publish","type":"product","link":"https:\/\/fmed.eu\/hr\/proizvod\/rjave-alge-naravni-jod-now-kelp\/","title":{"rendered":"Now Foods, Kelp, Rjave alge, naravni jod, 150mcg 200 tablet"},"content":{"rendered":"<p>NOW Foods, Kelp (rjave alge)<\/p>\n<p>Kelp je vrsta morskih alg, ki raste pod vodo in je odli\u010den vir joda.<\/p>\n<p>Rjave alge vsebujejo naravni jod, ki ima vlogo pri nastajanju \u0161\u010ditni\u010dnih hormonov in normalnemu delovanju \u0161\u010ditnice. Vsaka tableta vsebuje 150mcg joda, kar zadostuje za priporo\u010den dnevni odmerek tega \u017eivljenjsko pomembnega minerala.<\/p>\n<p>JOD:<\/p>\n<p>ima vlogo pri kognitivnih funkcijah (koncentracija, spomin, logi\u010dno sklepanje)<\/p>\n<p>prispeva k spro\u0161\u010danju energije pri presnovi<\/p>\n<p>prispeva k delovanju \u017eiv\u010dnega sistema<\/p>\n<p>prispeva k ohranjanju zdrave ko\u017ee<\/p>\n<p>ima vlogo pri nastajanju \u0161\u010ditni\u010dnih hormonov in normalnemu delovanju \u0161\u010ditnice<\/p>\n<p>JOD in \u0161\u010ditnica<\/p>\n<p>\u0160\u010ditnica je organ, ki je najbolj odvisen od joga in ga v \u010dlove\u0161kem telesu vsebuje najve\u010d. Aktivna \u0161\u010ditni\u010dna hormona sta:<\/p>\n<p>T4 (tiroksin)<\/p>\n<p>T3 (tri-jodo-tironin)<\/p>\n<p>Jod sestavlja \u0161\u010ditni\u010dne hormone in sicer je T4 zgrajen iz \u0161tirih atomov joda. T4 se perferno pretvarja v bolj aktiven T3 s pomo\u010djo encima deodinaza, ki izlo\u010di en atom joda. T3 tako vsebuje 3 atome joda.<\/p>\n<p>Pomanjkanje joda vodi v manj\u0161o koli\u010dino aktivnih \u0161\u010ditni\u010dnih hormonov v obtoku (in posledi\u010dno dvig TSH).<\/p>\n<p>TSH ni \u0161\u010ditni\u010dni hormon temve\u010d ga izlo\u010dajo mo\u017egani in z njim \u0161\u010ditnici naro\u010dajo hitrost izdelave \u0161\u010ditni\u010dnih hormonov.<\/p>\n<p>Komu lahko rjave alge koristijo?<\/p>\n<p>Jod se sicer nahaja naravno v hrani ampak le na podro\u010djih kjer ga je dovolj v zemlji. Dolo\u010dena obmo\u010dja so popolnoma brez joda v zemlji in v tem primeru je jod potrebno vna\u0161ati s pomo\u010djo prehranskih dopolnil ali jodirane soli.<\/p>\n<p>V nevarnosti pomanjkanja joda so torej tisti, ki namerno zmanj\u0161ujejo vnos soli ali uporabljajo nejodirano sol (npr. himalajsko ali morsko).<\/p>\n<p>Velike potrebe po jodu imajo tudi nose\u010dnice.<\/p>\n<p>Pri te\u017eavah s \u0161\u010ditnico se pred jemanjem prepri\u010dajte, da je primeren za vas. Pri preve\u010d aktivni \u0161\u010ditnici lahko dodaten vnos joda simptome celo poslab\u0161a.<\/p>\n","protected":false},"excerpt":{"rendered":"<p>Naravni vir joda, ki pomaga pri normalnem delovanju \u0161\u010ditnice, dvigu energije in motivacije ter lepi ko\u017ei.<\/p>\n","protected":false},"featured_media":60368,"comment_status":"open","ping_status":"closed","template":"","meta":[],"etheme_brands":[{"term_id":4646,"name":"Now Foods","slug":"now-foods","term_group":0,"term_taxonomy_id":4646,"taxonomy":"brand","description":"Now Foods je dru\u017einsko podjetje, ki je nastalo leta 1968. V podjetju prisegajo na naravne in organske proizvode, kar je uslu\u017ebencem in znamki sami prineslo \u0161tevilne nagrade in priznanja. Osrednji moto podjetja je proizvajati visokokakovostne izdelke, ki so strankam cenovno dostopni.","parent":0,"count":33,"filter":"raw"}],"product_brand":[],"product_cat":[3732,3875,3724,3736,3739,3725],"product_tag":[5547,5548,5445,5494,5549],"class_list":{"0":"post-60367","1":"product","2":"type-product","3":"status-publish","4":"has-post-thumbnail","6":"brand-now-foods","7":"product_cat-energija-in-motivacija","8":"product_cat-novo-v-ponudbi","9":"product_cat-razstrupljanje-in-jetra","10":"product_cat-spomin-in-zdravje-mozganov","11":"product_cat-uravnavanje-hormonov","12":"product_cat-vitamini-in-minerali","13":"product_tag-alge","14":"product_tag-jod","15":"product_tag-razstrupljanje","16":"product_tag-scitnica","17":"product_tag-tsh","19":"first","20":"instock","21":"taxable","22":"shipping-taxable","23":"purchasable","24":"product-type-simple"},"_links":{"self":[{"href":"https:\/\/fmed.eu\/hr\/wp-json\/wp\/v2\/product\/60367","targetHints":{"allow":["GET"]}}],"collection":[{"href":"https:\/\/fmed.eu\/hr\/wp-json\/wp\/v2\/product"}],"about":[{"href":"https:\/\/fmed.eu\/hr\/wp-json\/wp\/v2\/types\/product"}],"replies":[{"embeddable":true,"href":"https:\/\/fmed.eu\/hr\/wp-json\/wp\/v2\/comments?post=60367"}],"version-history":[{"count":1,"href":"https:\/\/fmed.eu\/hr\/wp-json\/wp\/v2\/product\/60367\/revisions"}],"predecessor-version":[{"id":69265,"href":"https:\/\/fmed.eu\/hr\/wp-json\/wp\/v2\/product\/60367\/revisions\/69265"}],"wp:featuredmedia":[{"embeddable":true,"href":"https:\/\/fmed.eu\/hr\/wp-json\/wp\/v2\/media\/60368"}],"wp:attachment":[{"href":"https:\/\/fmed.eu\/hr\/wp-json\/wp\/v2\/media?parent=60367"}],"wp:term":[{"taxonomy":"brand","embeddable":true,"href":"https:\/\/fmed.eu\/hr\/wp-json\/wp\/v2\/etheme_brands?post=60367"},{"taxonomy":"product_brand","embeddable":true,"href":"https:\/\/fmed.eu\/hr\/wp-json\/wp\/v2\/product_brand?post=60367"},{"taxonomy":"product_cat","embeddable":true,"href":"https:\/\/fmed.eu\/hr\/wp-json\/wp\/v2\/product_cat?post=60367"},{"taxonomy":"product_tag","embeddable":true,"href":"https:\/\/fmed.eu\/hr\/wp-json\/wp\/v2\/product_tag?post=60367"}],"curies":[{"name":"wp","href":"https:\/\/api.w.org\/{rel}","templated":true}]}}