{"id":60535,"date":"2022-01-06T18:23:12","date_gmt":"2022-01-06T16:23:12","guid":{"rendered":"https:\/\/fmed.eu\/product\/resveratrol-trans-resveratrol-lijecnici-najbolji\/"},"modified":"2025-03-04T11:52:34","modified_gmt":"2025-03-04T11:52:34","slug":"resveratrol-trans-resveratrol-lijecnici-najbolji","status":"publish","type":"product","link":"https:\/\/fmed.eu\/hr\/proizvod\/resveratrol-trans-resveratrol-lijecnici-najbolji\/","title":{"rendered":"Resveratrol (Trans-resveratrol) 600 mg, Doctor&#8217;s Best"},"content":{"rendered":"<h2><span class=\"st\">Doctor&#8217;s Best trans-resveratrol ekstrakt 60 x 600 mg<\/span><\/h2>\n<p>Doctor&#8217;s Best High Potency Trans-Resveratrol 600 pru\u017ea visoko koncentriranu razinu trans-resveratrola (98% \u010disto\u0107e) iz korijena japanskog knotweeda (Polygonum cuspidatum). Trans-resveratrol je jedinstveni antioksidans sa sposobno\u0161\u0107u prolaska krvno-mo\u017edane barijere.<\/p>\n<p>Ovaj trans-resveratrol jam\u010di ProfileProven\u00ae sustav osiguranja kvalitete koji je razvio Ethical Naturals, Inc. Ovaj proces uklju\u010duje najopse\u017enija ispitivanja i inspekcije u svakoj fazi proizvodnje kako bi se osigurala \u010disto\u0107a i \u010dvrsto\u0107a.<\/p>\n<ul>\n<li>Trans-resveratrol djeluje kao sna\u017ean antioksidans<\/li>\n<li>Poma\u017ee u za\u0161titi stanica od o\u0161te\u0107enja slobodnih radikala<\/li>\n<li>Poma\u017ee u smanjenju oksidativnog stresa<\/li>\n<li>98% \u010disti trans-resveratrol<\/li>\n<\/ul>\n<h2>U\u010dinci resveratrola:<\/h2>\n<ul>\n<li>pobolj\u0161ana prilagodba na tjelesnu aktivnost i bolja regeneracija nakon treninga,<\/li>\n<li>smanjenje o\u0161te\u0107enja stanica uslijed oksidativnog stresa,<\/li>\n<li>pobolj\u0161ani anaerobni kapacitet za sporta\u0161e i rekreativce,<\/li>\n<li>pobolj\u0161an protok krvi (uklju\u010duju\u0107i u mozgu),<\/li>\n<li>regulacija krvnog tlaka,<\/li>\n<li>kontrolu \u0161e\u0107era u krvi i smanjene potrebe za inzulinom<\/li>\n<li>pobolj\u0161anje kolesterola i triglicerida,<\/li>\n<li>podr\u0161ka detoksikaciji jetre,<\/li>\n<li>obnavlja ko\u017eu i pobolj\u0161ava njen izgled.<\/li>\n<\/ul>\n<p>&nbsp;<\/p>\n<p>Resveratrol se dobro kombinira s <a href=\"\/?p=9886\">kvercetinom<\/a> , <a href=\"\/?p=9876\">kalcij-D-glukaratom<\/a> i <a href=\"\/?p=9852\">kurkuminom<\/a> .<\/p>\n","protected":false},"excerpt":{"rendered":"<p>Dugovje\u010dnost i zdravlje kardiovaskularnog sustava.<\/p>\n","protected":false},"featured_media":60519,"comment_status":"open","ping_status":"closed","template":"","meta":[],"etheme_brands":[{"term_id":4717,"name":"Doctor's Best","slug":"doctors-best-hr","term_group":0,"term_taxonomy_id":4717,"taxonomy":"brand","description":"Doctor's Best je marka koju su 1990. osnovali lije\u010dnici. Tvrtka nudi vi\u0161e od 200 proizvoda, od kojih je ve\u0107ina izra\u0111ena od sastojaka vlastite marke. Tvrtka se mo\u017ee pohvaliti proizvodima koji se odlikuju najvi\u0161im standardima kvalitete.","parent":0,"count":13,"filter":"raw"}],"product_brand":[],"product_cat":[5419,3843,3827,3882,3831,3832,3842,3835,3839],"product_tag":[6296,6263,6374],"class_list":{"0":"post-60535","1":"product","2":"type-product","3":"status-publish","4":"has-post-thumbnail","6":"brand-doctors-best-hr","7":"product_cat-antioksidanti-hr","8":"product_cat-bilje-ekstrakti-i-tinkture","9":"product_cat-detoksikacija-i-jetra","10":"product_cat-novo-u-ponudi","11":"product_cat-pamcenje-i-zdravlje-mozga","12":"product_cat-podrska-za-srce-i-krvne-zile","13":"product_cat-regulacija-secera-u-krvi","14":"product_cat-upala-autoimune-bolesti","15":"product_cat-upala-kosti-i-zglobovi","16":"product_tag-koza-hr","17":"product_tag-sport-hr","18":"product_tag-srce-hr","20":"first","21":"outofstock","22":"taxable","23":"shipping-taxable","24":"purchasable","25":"product-type-simple"},"_links":{"self":[{"href":"https:\/\/fmed.eu\/hr\/wp-json\/wp\/v2\/product\/60535","targetHints":{"allow":["GET"]}}],"collection":[{"href":"https:\/\/fmed.eu\/hr\/wp-json\/wp\/v2\/product"}],"about":[{"href":"https:\/\/fmed.eu\/hr\/wp-json\/wp\/v2\/types\/product"}],"replies":[{"embeddable":true,"href":"https:\/\/fmed.eu\/hr\/wp-json\/wp\/v2\/comments?post=60535"}],"version-history":[{"count":0,"href":"https:\/\/fmed.eu\/hr\/wp-json\/wp\/v2\/product\/60535\/revisions"}],"wp:featuredmedia":[{"embeddable":true,"href":"https:\/\/fmed.eu\/hr\/wp-json\/wp\/v2\/media\/60519"}],"wp:attachment":[{"href":"https:\/\/fmed.eu\/hr\/wp-json\/wp\/v2\/media?parent=60535"}],"wp:term":[{"taxonomy":"brand","embeddable":true,"href":"https:\/\/fmed.eu\/hr\/wp-json\/wp\/v2\/etheme_brands?post=60535"},{"taxonomy":"product_brand","embeddable":true,"href":"https:\/\/fmed.eu\/hr\/wp-json\/wp\/v2\/product_brand?post=60535"},{"taxonomy":"product_cat","embeddable":true,"href":"https:\/\/fmed.eu\/hr\/wp-json\/wp\/v2\/product_cat?post=60535"},{"taxonomy":"product_tag","embeddable":true,"href":"https:\/\/fmed.eu\/hr\/wp-json\/wp\/v2\/product_tag?post=60535"}],"curies":[{"name":"wp","href":"https:\/\/api.w.org\/{rel}","templated":true}]}}