{"id":60667,"date":"2022-02-07T14:15:16","date_gmt":"2022-02-07T14:15:16","guid":{"rendered":"https:\/\/fmed.eu\/product\/cesnovo-olje-now-foods\/"},"modified":"2025-04-22T13:04:54","modified_gmt":"2025-04-22T11:04:54","slug":"cesnovo-olje-now-foods","status":"publish","type":"product","link":"https:\/\/fmed.eu\/hr\/proizvod\/cesnovo-olje-now-foods\/","title":{"rendered":"\u010cesnovo olje, NOW Foods, 250 softgelov"},"content":{"rendered":"<p>\u010cesnovo olje, NOW Foods<\/p>\n<p>Kaj je NOW \u010desnovo olje?<\/p>\n<p>NOW \u010desnovo olje zagotavlja naravni profil hranil, ki ga najdemo v pristnih polnovrednih \u017eivilih.<\/p>\n<p>\u010cesnovo olje NOW je ekstrahirano in koncentrirano iz \u010debulice Allium sativum. To je enakovredno celemu stroku \u010desna brez dodanih polnil. \u010cesen je bogat z naravno prisotnimi \u017eveplovimi spojinami, aminokislinami in minerali v sledovih.<\/p>\n<p>Optimizirane prednosti \u010desna<\/p>\n<p>Zagotavlja sr\u010dno-\u017eilno podporo<\/p>\n<p>Pomaga pove\u010dati imunski odziv<\/p>\n<p>Pomaga pri razstrupljanju celic<\/p>\n<p>Podpira zdravo delovanje trombocitov<\/p>\n","protected":false},"excerpt":{"rendered":"<p>Optimizirani \u010desen temelji na ve\u010d objavljenih \u0161tudijah, vklju\u010dno s podpiranjem odziva telesa na oksidativni stres, izbolj\u0161anjem celi\u010dnega razstrupljanja in podpiranjem imunskega odziva.<\/p>\n","protected":false},"featured_media":60668,"comment_status":"open","ping_status":"closed","template":"","meta":[],"etheme_brands":[{"term_id":4646,"name":"Now Foods","slug":"now-foods","term_group":0,"term_taxonomy_id":4646,"taxonomy":"brand","description":"Now Foods je dru\u017einsko podjetje, ki je nastalo leta 1968. V podjetju prisegajo na naravne in organske proizvode, kar je uslu\u017ebencem in znamki sami prineslo \u0161tevilne nagrade in priznanja. Osrednji moto podjetja je proizvajati visokokakovostne izdelke, ki so strankam cenovno dostopni.","parent":0,"count":33,"filter":"raw"}],"product_brand":[],"product_cat":[3722,3732,3733,3875,5384,3723,3716,3736],"product_tag":[5469,5500,5496,5436,5497,5470,5467],"class_list":{"0":"post-60667","1":"product","2":"type-product","3":"status-publish","4":"has-post-thumbnail","6":"brand-now-foods","7":"product_cat-antioksidanti","8":"product_cat-energija-in-motivacija","9":"product_cat-imunski-sistem","10":"product_cat-novo-v-ponudbi","11":"product_cat-obvladovanje-stresa","12":"product_cat-podpora-srca-in-ozilja","13":"product_cat-prebava-zelodec-crevesje","14":"product_cat-spomin-in-zdravje-mozganov","15":"product_tag-energija","16":"product_tag-imunski-sistem","17":"product_tag-ozilje","18":"product_tag-prebava","19":"product_tag-srce","20":"product_tag-stres","21":"product_tag-utrujenost","23":"first","24":"outofstock","25":"taxable","26":"shipping-taxable","27":"purchasable","28":"product-type-simple"},"_links":{"self":[{"href":"https:\/\/fmed.eu\/hr\/wp-json\/wp\/v2\/product\/60667","targetHints":{"allow":["GET"]}}],"collection":[{"href":"https:\/\/fmed.eu\/hr\/wp-json\/wp\/v2\/product"}],"about":[{"href":"https:\/\/fmed.eu\/hr\/wp-json\/wp\/v2\/types\/product"}],"replies":[{"embeddable":true,"href":"https:\/\/fmed.eu\/hr\/wp-json\/wp\/v2\/comments?post=60667"}],"version-history":[{"count":1,"href":"https:\/\/fmed.eu\/hr\/wp-json\/wp\/v2\/product\/60667\/revisions"}],"predecessor-version":[{"id":69252,"href":"https:\/\/fmed.eu\/hr\/wp-json\/wp\/v2\/product\/60667\/revisions\/69252"}],"wp:featuredmedia":[{"embeddable":true,"href":"https:\/\/fmed.eu\/hr\/wp-json\/wp\/v2\/media\/60668"}],"wp:attachment":[{"href":"https:\/\/fmed.eu\/hr\/wp-json\/wp\/v2\/media?parent=60667"}],"wp:term":[{"taxonomy":"brand","embeddable":true,"href":"https:\/\/fmed.eu\/hr\/wp-json\/wp\/v2\/etheme_brands?post=60667"},{"taxonomy":"product_brand","embeddable":true,"href":"https:\/\/fmed.eu\/hr\/wp-json\/wp\/v2\/product_brand?post=60667"},{"taxonomy":"product_cat","embeddable":true,"href":"https:\/\/fmed.eu\/hr\/wp-json\/wp\/v2\/product_cat?post=60667"},{"taxonomy":"product_tag","embeddable":true,"href":"https:\/\/fmed.eu\/hr\/wp-json\/wp\/v2\/product_tag?post=60667"}],"curies":[{"name":"wp","href":"https:\/\/api.w.org\/{rel}","templated":true}]}}