{"id":60839,"date":"2023-01-12T12:30:34","date_gmt":"2023-01-12T12:30:34","guid":{"rendered":"https:\/\/fmed.eu\/product\/d-manoza-d-mannose-85g\/"},"modified":"2026-02-03T10:21:41","modified_gmt":"2026-02-03T08:21:41","slug":"d-manoza-d-mannose-85g","status":"publish","type":"product","link":"https:\/\/fmed.eu\/hr\/proizvod\/d-manoza-d-mannose-85g\/","title":{"rendered":"NOW Foods, D-Mannose, D-manoza v prahu, 85g"},"content":{"rendered":"<p>NOW Foods D-manoza<\/p>\n<p>D-manoza pra\u0161ek je enostaven sladkor, ki ga v naravi najdemo v razli\u010dnih rastlinah. Najbolj znane po manozi so brusnice in iz nje izvirajo tudi njihove zdravilne lastnosti. D-mannoza je koncentrirana aktivna sestvina iz brusnic, kar pomeni, da za u\u010dinek zau\u017eijete le 1 mercico namesto ogromne koli\u010dine brusnic.<\/p>\n<p>Gre za sladkor, ki se v na\u0161em telesu presnavlja le v majhnem dele\u017eu in tako se ve\u010dina D-mannoze pospe\u0161eno izlo\u010da skozi mehur z urinom, kar je njegova najbolj zna\u010dila lastnost. D-manoza pra\u0161ek je popolnoma naraven.<\/p>\n<p>Chris Kresser ob te\u017eavah pripro\u010da, da jemljete 500mg (1\/2 \u017eli\u010dke) D-manoze vsake 3 do 4 ure vsaj 5 dni. Raztopite ga v naravnem soku, ki vsebuje veliko vitamina C.<\/p>\n","protected":false},"excerpt":{"rendered":"<p>Izredno mo\u010dan ekstrakt posebnega sladkorja iz brusnic, ki se v telesu ne presnavlja in izlo\u010di skozi mehur z urinom.<\/p>\n","protected":false},"featured_media":64533,"comment_status":"open","ping_status":"closed","template":"","meta":[],"etheme_brands":[{"term_id":4646,"name":"Now Foods","slug":"now-foods","term_group":0,"term_taxonomy_id":4646,"taxonomy":"brand","description":"Now Foods je dru\u017einsko podjetje, ki je nastalo leta 1968. V podjetju prisegajo na naravne in organske proizvode, kar je uslu\u017ebencem in znamki sami prineslo \u0161tevilne nagrade in priznanja. Osrednji moto podjetja je proizvajati visokokakovostne izdelke, ki so strankam cenovno dostopni.","parent":0,"count":33,"filter":"raw"}],"product_brand":[],"product_cat":[3733,3715,3755,3752],"product_tag":[5550,5521,5551,5552,5522],"class_list":{"0":"post-60839","1":"product","2":"type-product","3":"status-publish","4":"has-post-thumbnail","6":"brand-now-foods","7":"product_cat-imunski-sistem","8":"product_cat-ostalo","9":"product_cat-vnetja-avtoimune-bolezni","10":"product_cat-zelisca-izvlecki-in-tinkture","11":"product_tag-bakterije-v-urinu","12":"product_tag-bolecine","13":"product_tag-mehur","14":"product_tag-uti","15":"product_tag-vnetja","17":"first","18":"instock","19":"taxable","20":"shipping-taxable","21":"purchasable","22":"product-type-simple"},"_links":{"self":[{"href":"https:\/\/fmed.eu\/hr\/wp-json\/wp\/v2\/product\/60839","targetHints":{"allow":["GET"]}}],"collection":[{"href":"https:\/\/fmed.eu\/hr\/wp-json\/wp\/v2\/product"}],"about":[{"href":"https:\/\/fmed.eu\/hr\/wp-json\/wp\/v2\/types\/product"}],"replies":[{"embeddable":true,"href":"https:\/\/fmed.eu\/hr\/wp-json\/wp\/v2\/comments?post=60839"}],"version-history":[{"count":1,"href":"https:\/\/fmed.eu\/hr\/wp-json\/wp\/v2\/product\/60839\/revisions"}],"predecessor-version":[{"id":69240,"href":"https:\/\/fmed.eu\/hr\/wp-json\/wp\/v2\/product\/60839\/revisions\/69240"}],"wp:featuredmedia":[{"embeddable":true,"href":"https:\/\/fmed.eu\/hr\/wp-json\/wp\/v2\/media\/64533"}],"wp:attachment":[{"href":"https:\/\/fmed.eu\/hr\/wp-json\/wp\/v2\/media?parent=60839"}],"wp:term":[{"taxonomy":"brand","embeddable":true,"href":"https:\/\/fmed.eu\/hr\/wp-json\/wp\/v2\/etheme_brands?post=60839"},{"taxonomy":"product_brand","embeddable":true,"href":"https:\/\/fmed.eu\/hr\/wp-json\/wp\/v2\/product_brand?post=60839"},{"taxonomy":"product_cat","embeddable":true,"href":"https:\/\/fmed.eu\/hr\/wp-json\/wp\/v2\/product_cat?post=60839"},{"taxonomy":"product_tag","embeddable":true,"href":"https:\/\/fmed.eu\/hr\/wp-json\/wp\/v2\/product_tag?post=60839"}],"curies":[{"name":"wp","href":"https:\/\/api.w.org\/{rel}","templated":true}]}}