{"id":60875,"date":"2023-01-26T13:22:55","date_gmt":"2023-01-26T13:22:55","guid":{"rendered":"https:\/\/fmed.eu\/product\/uridine-300-ecological-formulas-60kapsul\/"},"modified":"2026-01-06T12:37:06","modified_gmt":"2026-01-06T10:37:06","slug":"uridine-300-ecological-formulas-60kapsul","status":"publish","type":"product","link":"https:\/\/fmed.eu\/hr\/proizvod\/uridine-300-ecological-formulas-60kapsul\/","title":{"rendered":"Uridine &#8211; 300, Ecological Formulas, 60kapsul"},"content":{"rendered":"<p>Ecological Formulas Uridine &#8211; 300, 60 kapsul<\/p>\n<p>Uridin monofosfat, pogosto skraj\u0161an na UMP, je nukleotidna baza, ki deluje kot monomer v RNA. Je spojina, pridobljena iz fosforne kisline in nukleozida uridina, ki se v telesu uporablja za pove\u010danje sinteze celi\u010dnih membran. Kapsule uridin monofosfata ponujajo \u0161tevilne mo\u017ene koristi za va\u0161e fizi\u010dno in kognitivno zdravje.<\/p>\n<p>Uridin je poleg radenozina, citidina in gvanina eden od \u0161tirih glavnih gradnikov RNK. Odrasli proizvajajo uridin v obliki uridin monofosfata. Uridin lahko najdemo tudi v obliki uridin trifosfata. Obstaja ve\u010d na\u010dinov uporabe uridin monofosfata in telo uporablja spojino v razli\u010dnih procesih, vklju\u010dno s signaliziranjem ustvarjanja sinaps nevrotransmiterjev in spodbujanjem popravljanja DNK in rasti celic.<\/p>\n<p>Uridin monofosfat predstavlja \u0161tevilne potencialne koristi za telo in duha. \u0160tudije so pokazale, da lahko uridin monofosfat spodbuja izbolj\u0161ane sposobnosti u\u010denja in spomina s pove\u010danjem proizvodnje acetilholina, pomembnega nevrotransmiterja. UMP lahko tudi pove\u010da nastanek novih nevronskih sinaps, kar lahko ka\u017ee na ve\u010djo du\u0161evno sposobnost. \u0160tudije tudi ka\u017eejo, da lahko uridin monofosfat izbolj\u0161a prostorsko u\u010denje in pozornost.<\/p>\n","protected":false},"excerpt":{"rendered":"<p id=\"tw-target-text\" class=\"tw-data-text tw-text-large tw-ta\" dir=\"ltr\" data-placeholder=\"Prevod\"><span class=\"Y2IQFc\" lang=\"sl\">To znanstveno zasnovano prehransko dopolnilo vsebuje fiziolo\u0161ki mitohondrijski katalizator uridin.<\/span><\/p>\n","protected":false},"featured_media":60876,"comment_status":"open","ping_status":"closed","template":"","meta":[],"etheme_brands":[{"term_id":4780,"name":"Ecological formulas","slug":"ecological-formulas","term_group":0,"term_taxonomy_id":4780,"taxonomy":"brand","description":"","parent":0,"count":1,"filter":"raw"}],"product_brand":[],"product_cat":[3722,3732,3875,5384,3723,3735,3736,3740,3725],"product_tag":[5492,5493,5527,5628],"class_list":{"0":"post-60875","1":"product","2":"type-product","3":"status-publish","4":"has-post-thumbnail","6":"brand-ecological-formulas","7":"product_cat-antioksidanti","8":"product_cat-energija-in-motivacija","9":"product_cat-novo-v-ponudbi","10":"product_cat-obvladovanje-stresa","11":"product_cat-podpora-srca-in-ozilja","12":"product_cat-spanje-insomnia","13":"product_cat-spomin-in-zdravje-mozganov","14":"product_cat-uravnavanje-krvnega-sladkorja","15":"product_cat-vitamini-in-minerali","16":"product_tag-koncentracija","17":"product_tag-mozgani","18":"product_tag-spomin","19":"product_tag-ucenje","21":"first","22":"instock","23":"taxable","24":"shipping-taxable","25":"purchasable","26":"product-type-simple"},"_links":{"self":[{"href":"https:\/\/fmed.eu\/hr\/wp-json\/wp\/v2\/product\/60875","targetHints":{"allow":["GET"]}}],"collection":[{"href":"https:\/\/fmed.eu\/hr\/wp-json\/wp\/v2\/product"}],"about":[{"href":"https:\/\/fmed.eu\/hr\/wp-json\/wp\/v2\/types\/product"}],"replies":[{"embeddable":true,"href":"https:\/\/fmed.eu\/hr\/wp-json\/wp\/v2\/comments?post=60875"}],"version-history":[{"count":1,"href":"https:\/\/fmed.eu\/hr\/wp-json\/wp\/v2\/product\/60875\/revisions"}],"predecessor-version":[{"id":69236,"href":"https:\/\/fmed.eu\/hr\/wp-json\/wp\/v2\/product\/60875\/revisions\/69236"}],"wp:featuredmedia":[{"embeddable":true,"href":"https:\/\/fmed.eu\/hr\/wp-json\/wp\/v2\/media\/60876"}],"wp:attachment":[{"href":"https:\/\/fmed.eu\/hr\/wp-json\/wp\/v2\/media?parent=60875"}],"wp:term":[{"taxonomy":"brand","embeddable":true,"href":"https:\/\/fmed.eu\/hr\/wp-json\/wp\/v2\/etheme_brands?post=60875"},{"taxonomy":"product_brand","embeddable":true,"href":"https:\/\/fmed.eu\/hr\/wp-json\/wp\/v2\/product_brand?post=60875"},{"taxonomy":"product_cat","embeddable":true,"href":"https:\/\/fmed.eu\/hr\/wp-json\/wp\/v2\/product_cat?post=60875"},{"taxonomy":"product_tag","embeddable":true,"href":"https:\/\/fmed.eu\/hr\/wp-json\/wp\/v2\/product_tag?post=60875"}],"curies":[{"name":"wp","href":"https:\/\/api.w.org\/{rel}","templated":true}]}}