{"id":60966,"date":"2023-07-14T09:19:06","date_gmt":"2023-07-14T09:19:06","guid":{"rendered":"https:\/\/fmed.eu\/product\/arasidovo-maslo-100-1000g-ostrovit\/"},"modified":"2025-04-22T13:04:50","modified_gmt":"2025-04-22T11:04:50","slug":"arasidovo-maslo-100-1000g-ostrovit","status":"publish","type":"product","link":"https:\/\/fmed.eu\/hr\/proizvod\/arasidovo-maslo-100-1000g-ostrovit\/","title":{"rendered":"Ara\u0161idovo maslo 100%, 1000g, Ostrovit"},"content":{"rendered":"<p>Ara\u0161idovo maslo 100%, Ostrovit<\/p>\n<p>Ara\u0161idovo maslo je znano kot dober vir zdravih ma\u0161\u010dob, beljakovin in vlaknin. Prav tako vsebuje razli\u010dne vitamine in minerale, vklju\u010dno z vitaminom E, magnezijem in kalijem. Vendar pa je bogato s kalorijami, zato ga je treba u\u017eivati zmerno kot del uravnote\u017eene prehrane.<\/p>\n<p>OstroVit 100% ara\u0161idovo maslo je 100% narejeno iz ara\u0161idov. Ne vsebuje soli, sladkorja in palmovega olja.<\/p>\n<p>Vsi izdelki OstroVit so predvsem kakovostni in pozorni do detajlov. Po mletju se izdelki hranijo pri nizki temperaturi, zaradi \u010desar ohranijo tako pomembne omega 3-6-9 ma\u0161\u010dobne kisline.<\/p>\n<p>Koristi za zdravje:<\/p>\n<p>Ara\u0161idovo maslo ima nekaj potencialnih koristi za zdravje. Je dober vir rastlinskih beljakovin in zdravih ma\u0161\u010dob, kar lahko pomaga spodbujati sitost in ohranjati energijsko raven. Prav tako vsebuje resveratrol, spojino z antioksidativnimi lastnostmi, ki lahko ima razli\u010dne koristi za zdravje.<\/p>\n<p>Alergije:<\/p>\n<p>Ara\u0161idovo maslo lahko spro\u017ei alergijske reakcije pri posameznikih z alergijo na ara\u0161ide. Alergija na ara\u0161ide je ena najpogostej\u0161ih prehrambenih alergij, in hude reakcije lahko ogrozijo \u017eivljenje. Pomembno je skrbno prebrati etiketo izdelka in biti previden, \u010de imate sami ali \u010de kdo v va\u0161i bli\u017eini ima alergijo na ara\u0161ide.<\/p>\n<p>Kulinari\u010dna uporaba:<\/p>\n<p>Ara\u0161idovo maslo se pogosto uporablja kot namaz na kruhu, krekerjih ali tostu ter je klju\u010dna sestavina v sendvi\u010dih, kot je klasi\u010dni sendvi\u010d z ara\u0161idovim maslom in marmelado. Lahko ga dodate tudi v smutije, uporabite kot omako za sadje in zelenjavo ali ga vklju\u010dite v razli\u010dne recepte, kot so pi\u0161koti, torte in omake.<\/p>\n","protected":false},"excerpt":{"rendered":"<p>OstroVit 100% ara\u0161idovo maslo je 100% narejeno iz ara\u0161idov. Ne vsebuje soli, sladkorja in palmovega olja.<\/p>\n","protected":false},"featured_media":60967,"comment_status":"open","ping_status":"closed","template":"","meta":[],"etheme_brands":[{"term_id":4783,"name":"Ostrovit","slug":"ostrovit","term_group":0,"term_taxonomy_id":4783,"taxonomy":"brand","description":"","parent":0,"count":37,"filter":"raw"}],"product_brand":[],"product_cat":[3732,3733,3875,5385,3725,3762],"product_tag":[5469,5500,5441,5583,5710],"class_list":{"0":"post-60966","1":"product","2":"type-product","3":"status-publish","4":"has-post-thumbnail","6":"brand-ostrovit","7":"product_cat-energija-in-motivacija","8":"product_cat-imunski-sistem","9":"product_cat-novo-v-ponudbi","10":"product_cat-sportna-prehrana-regeneracija","11":"product_cat-vitamini-in-minerali","12":"product_cat-zdrave-mascobe","13":"product_tag-energija","14":"product_tag-imunski-sistem","15":"product_tag-kosti","16":"product_tag-mascobe","17":"product_tag-sport","19":"first","20":"outofstock","21":"taxable","22":"shipping-taxable","23":"purchasable","24":"product-type-simple"},"_links":{"self":[{"href":"https:\/\/fmed.eu\/hr\/wp-json\/wp\/v2\/product\/60966","targetHints":{"allow":["GET"]}}],"collection":[{"href":"https:\/\/fmed.eu\/hr\/wp-json\/wp\/v2\/product"}],"about":[{"href":"https:\/\/fmed.eu\/hr\/wp-json\/wp\/v2\/types\/product"}],"replies":[{"embeddable":true,"href":"https:\/\/fmed.eu\/hr\/wp-json\/wp\/v2\/comments?post=60966"}],"version-history":[{"count":1,"href":"https:\/\/fmed.eu\/hr\/wp-json\/wp\/v2\/product\/60966\/revisions"}],"predecessor-version":[{"id":69228,"href":"https:\/\/fmed.eu\/hr\/wp-json\/wp\/v2\/product\/60966\/revisions\/69228"}],"wp:featuredmedia":[{"embeddable":true,"href":"https:\/\/fmed.eu\/hr\/wp-json\/wp\/v2\/media\/60967"}],"wp:attachment":[{"href":"https:\/\/fmed.eu\/hr\/wp-json\/wp\/v2\/media?parent=60966"}],"wp:term":[{"taxonomy":"brand","embeddable":true,"href":"https:\/\/fmed.eu\/hr\/wp-json\/wp\/v2\/etheme_brands?post=60966"},{"taxonomy":"product_brand","embeddable":true,"href":"https:\/\/fmed.eu\/hr\/wp-json\/wp\/v2\/product_brand?post=60966"},{"taxonomy":"product_cat","embeddable":true,"href":"https:\/\/fmed.eu\/hr\/wp-json\/wp\/v2\/product_cat?post=60966"},{"taxonomy":"product_tag","embeddable":true,"href":"https:\/\/fmed.eu\/hr\/wp-json\/wp\/v2\/product_tag?post=60966"}],"curies":[{"name":"wp","href":"https:\/\/api.w.org\/{rel}","templated":true}]}}