{"id":60980,"date":"2023-08-31T07:01:48","date_gmt":"2023-08-31T07:01:48","guid":{"rendered":"https:\/\/fmed.eu\/product\/olje-crne-kumine-1000mg-60-softgelov-now-foods\/"},"modified":"2026-02-03T10:21:40","modified_gmt":"2026-02-03T08:21:40","slug":"olje-crne-kumine-1000mg-60-softgelov-now-foods","status":"publish","type":"product","link":"https:\/\/fmed.eu\/hr\/proizvod\/olje-crne-kumine-1000mg-60-softgelov-now-foods\/","title":{"rendered":"Olje \u010drne kumine 1000mg, 60 softgelov, Now Foods"},"content":{"rendered":"<p>Olje \u010drne kumine 1000mg, Now Foods<\/p>\n<p>Olje \u010drne kumine je znano po svojih potencialnih zdravstvenih koristih. Vsebuje razli\u010dne aktivne sestavine, kot so eteri\u010dna olja, fitosteroli, flavonoidi in druge spojine, ki imajo lahko pozitiven u\u010dinek na zdravje. Nekateri mo\u017eni koristni u\u010dinki olja \u010drne kumine vklju\u010dujejo:<\/p>\n<p>Podpora imunskemu sistemu: Olje \u010drne kumine naj bi imelo imunomodulatorne lastnosti, ki lahko podpirajo delovanje imunskega sistema.<\/p>\n<p>Protivnetno delovanje: Nekatere \u0161tudije so pokazale, da lahko olje \u010drne kumine pomaga zmanj\u0161evati vnetja v telesu.<\/p>\n<p>Antimikrobno delovanje: Olje \u010drne kumine lahko deluje proti razli\u010dnim mikroorganizmom, vklju\u010dno z bakterijami in glivicami.<\/p>\n<p>Podpora prebavnemu sistemu: Nekatere raziskave ka\u017eejo, da lahko olje \u010drne kumine pomaga izbolj\u0161ati prebavo in laj\u0161ati te\u017eave, kot so napenjanje in zaprtje.<\/p>\n<p>Podpora dihalnemu sistemu: Olje \u010drne kumine se lahko uporablja za laj\u0161anje te\u017eav z dihali, kot so alergije, astma in prehladi.<\/p>\n<p>Antioksidativno delovanje: Olje \u010drne kumine vsebuje antioksidante, ki lahko pomagajo za\u0161\u010dititi celice pred \u0161kodljivimi prostimi radikali.<\/p>\n","protected":false},"excerpt":{"rendered":"<p>Deluje protimikrobno, protibakterijsko in uravnava prebavo. Krepi imunski sistem in ima mo\u010dno proti alergijsko delovanje.<\/p>\n","protected":false},"featured_media":60981,"comment_status":"open","ping_status":"closed","template":"","meta":[],"etheme_brands":[{"term_id":4646,"name":"Now Foods","slug":"now-foods","term_group":0,"term_taxonomy_id":4646,"taxonomy":"brand","description":"Now Foods je dru\u017einsko podjetje, ki je nastalo leta 1968. V podjetju prisegajo na naravne in organske proizvode, kar je uslu\u017ebencem in znamki sami prineslo \u0161tevilne nagrade in priznanja. Osrednji moto podjetja je proizvajati visokokakovostne izdelke, ki so strankam cenovno dostopni.","parent":0,"count":33,"filter":"raw"}],"product_brand":[],"product_cat":[3722,3733,3875,5384,3716,3885,3740,3725,3755,3726],"product_tag":[5764,5500,5436,5765],"class_list":{"0":"post-60980","1":"product","2":"type-product","3":"status-publish","4":"has-post-thumbnail","6":"brand-now-foods","7":"product_cat-antioksidanti","8":"product_cat-imunski-sistem","9":"product_cat-novo-v-ponudbi","10":"product_cat-obvladovanje-stresa","11":"product_cat-prebava-zelodec-crevesje","12":"product_cat-stres","13":"product_cat-uravnavanje-krvnega-sladkorja","14":"product_cat-vitamini-in-minerali","15":"product_cat-vnetja-avtoimune-bolezni","16":"product_cat-vnetja-kosti-in-sklepi","17":"product_tag-antibakterijsko","18":"product_tag-imunski-sistem","19":"product_tag-prebava","20":"product_tag-protivnetno","22":"first","23":"instock","24":"taxable","25":"shipping-taxable","26":"purchasable","27":"product-type-simple"},"_links":{"self":[{"href":"https:\/\/fmed.eu\/hr\/wp-json\/wp\/v2\/product\/60980","targetHints":{"allow":["GET"]}}],"collection":[{"href":"https:\/\/fmed.eu\/hr\/wp-json\/wp\/v2\/product"}],"about":[{"href":"https:\/\/fmed.eu\/hr\/wp-json\/wp\/v2\/types\/product"}],"replies":[{"embeddable":true,"href":"https:\/\/fmed.eu\/hr\/wp-json\/wp\/v2\/comments?post=60980"}],"version-history":[{"count":1,"href":"https:\/\/fmed.eu\/hr\/wp-json\/wp\/v2\/product\/60980\/revisions"}],"predecessor-version":[{"id":69227,"href":"https:\/\/fmed.eu\/hr\/wp-json\/wp\/v2\/product\/60980\/revisions\/69227"}],"wp:featuredmedia":[{"embeddable":true,"href":"https:\/\/fmed.eu\/hr\/wp-json\/wp\/v2\/media\/60981"}],"wp:attachment":[{"href":"https:\/\/fmed.eu\/hr\/wp-json\/wp\/v2\/media?parent=60980"}],"wp:term":[{"taxonomy":"brand","embeddable":true,"href":"https:\/\/fmed.eu\/hr\/wp-json\/wp\/v2\/etheme_brands?post=60980"},{"taxonomy":"product_brand","embeddable":true,"href":"https:\/\/fmed.eu\/hr\/wp-json\/wp\/v2\/product_brand?post=60980"},{"taxonomy":"product_cat","embeddable":true,"href":"https:\/\/fmed.eu\/hr\/wp-json\/wp\/v2\/product_cat?post=60980"},{"taxonomy":"product_tag","embeddable":true,"href":"https:\/\/fmed.eu\/hr\/wp-json\/wp\/v2\/product_tag?post=60980"}],"curies":[{"name":"wp","href":"https:\/\/api.w.org\/{rel}","templated":true}]}}