{"id":60994,"date":"2023-09-07T06:38:41","date_gmt":"2023-09-07T06:38:41","guid":{"rendered":"https:\/\/fmed.eu\/product\/biotin-5-000-mcg-120tabl\/"},"modified":"2025-04-22T13:04:50","modified_gmt":"2025-04-22T11:04:50","slug":"biotin-5-000-mcg-120tabl","status":"publish","type":"product","link":"https:\/\/fmed.eu\/hr\/proizvod\/biotin-5-000-mcg-120tabl\/","title":{"rendered":"Biotin 5.000 mcg 120tabl"},"content":{"rendered":"<p>Source Naturals Biotin<\/p>\n<p>Biotin je prehransko dopolnilo, ki prispeva k ohranjanju zdravih, gostih las in ko\u017ee. Poskrbite za zdrave in lepe lase ter ko\u017eo tudi od znotraj navzven in jim dajte hrano, ki jo potrebujejo.<\/p>\n<p>Biotin je neko\u010d sodil med B vitamine (B7), poznamo ga tudi pod imenom vitamin H ali koencim R. Je vodotopen kar pomeni, da se v telesu ne nabira in ga je zelo te\u017eko predozirati.<\/p>\n<p>Njegova vpletenost kot koencim pri presnovi ogljikovih hidratov, beljakovin in ma\u0161\u010dob podpira tudi telesni metabolizem ter zdrav \u017eiv\u010dnemi sistem.<\/p>\n<p>BIOTIN prispeva:<\/p>\n<p>k spro\u0161\u010danju energije pri presnovi,<\/p>\n<p>k delovanju \u017eiv\u010dnega sistema,<\/p>\n<p>k presnovi makro hranil,<\/p>\n<p>k normalnemu psiholo\u0161kemu delovanju,<\/p>\n<p>k ohranjanju zdravih las,<\/p>\n<p>k ohranjanju zdravih sluznic,<\/p>\n<p>k ohranjanju zdrave ko\u017ee.<\/p>\n","protected":false},"excerpt":{"rendered":"<p>Biotin je vodotopen vitamin, ki prispeva k lep\u0161im, gostej\u0161im lasem, lepi ko\u017ei in zdravim nohtom. Sodeluje pri metabolizmu in pomaga ohranjati zdrav \u017eiv\u010dni sistem.<\/p>\n","protected":false},"featured_media":60995,"comment_status":"open","ping_status":"closed","template":"","meta":[],"etheme_brands":[{"term_id":4651,"name":"Source Naturals","slug":"source-naturals","term_group":0,"term_taxonomy_id":4651,"taxonomy":"brand","description":"Podjetje Source Naturals je na svetovnem trgu prisotno \u017ee vse od leta 1982. Vajeti ima v rokah direktor Ira Goldberg, ki se ves ta \u010das trudi zasledovati glavni cilj, ki je: podpirati potencial vsakega posameznika, da u\u017eiva v optimalnem zdravju. V tistih za\u010detnih \u010dasih je bila ideja zdru\u017eiti \u0161tevilne hranilne snovi, zeli\u0161\u010da in farmacevtske dodatke, prava redkost. Podjetje se danes lahko pohvali s \u0161tevilnimi nagrajenimi formulami, ki so priznane in poznane po svoji odli\u010dnosti. To podpirajo tudi neodvisne raziskave in prehranske analize.","parent":0,"count":21,"filter":"raw"}],"product_brand":[],"product_cat":[3732,3875,5384,3716,3736,3740,3725],"product_tag":[5449,5469,5501,5442,5444,5600,5526,5601,5458,5517],"class_list":{"0":"post-60994","1":"product","2":"type-product","3":"status-publish","4":"has-post-thumbnail","6":"brand-source-naturals","7":"product_cat-energija-in-motivacija","8":"product_cat-novo-v-ponudbi","9":"product_cat-obvladovanje-stresa","10":"product_cat-prebava-zelodec-crevesje","11":"product_cat-spomin-in-zdravje-mozganov","12":"product_cat-uravnavanje-krvnega-sladkorja","13":"product_cat-vitamini-in-minerali","14":"product_tag-depresija","15":"product_tag-energija","16":"product_tag-kandida","17":"product_tag-koza","18":"product_tag-lasje","19":"product_tag-metabolizem","20":"product_tag-nohti","21":"product_tag-psiha","22":"product_tag-sluznica","23":"product_tag-zivcevje","25":"first","26":"outofstock","27":"taxable","28":"shipping-taxable","29":"purchasable","30":"product-type-simple"},"_links":{"self":[{"href":"https:\/\/fmed.eu\/hr\/wp-json\/wp\/v2\/product\/60994","targetHints":{"allow":["GET"]}}],"collection":[{"href":"https:\/\/fmed.eu\/hr\/wp-json\/wp\/v2\/product"}],"about":[{"href":"https:\/\/fmed.eu\/hr\/wp-json\/wp\/v2\/types\/product"}],"replies":[{"embeddable":true,"href":"https:\/\/fmed.eu\/hr\/wp-json\/wp\/v2\/comments?post=60994"}],"version-history":[{"count":1,"href":"https:\/\/fmed.eu\/hr\/wp-json\/wp\/v2\/product\/60994\/revisions"}],"predecessor-version":[{"id":69226,"href":"https:\/\/fmed.eu\/hr\/wp-json\/wp\/v2\/product\/60994\/revisions\/69226"}],"wp:featuredmedia":[{"embeddable":true,"href":"https:\/\/fmed.eu\/hr\/wp-json\/wp\/v2\/media\/60995"}],"wp:attachment":[{"href":"https:\/\/fmed.eu\/hr\/wp-json\/wp\/v2\/media?parent=60994"}],"wp:term":[{"taxonomy":"brand","embeddable":true,"href":"https:\/\/fmed.eu\/hr\/wp-json\/wp\/v2\/etheme_brands?post=60994"},{"taxonomy":"product_brand","embeddable":true,"href":"https:\/\/fmed.eu\/hr\/wp-json\/wp\/v2\/product_brand?post=60994"},{"taxonomy":"product_cat","embeddable":true,"href":"https:\/\/fmed.eu\/hr\/wp-json\/wp\/v2\/product_cat?post=60994"},{"taxonomy":"product_tag","embeddable":true,"href":"https:\/\/fmed.eu\/hr\/wp-json\/wp\/v2\/product_tag?post=60994"}],"curies":[{"name":"wp","href":"https:\/\/api.w.org\/{rel}","templated":true}]}}