{"id":61012,"date":"2023-09-07T07:08:30","date_gmt":"2023-09-07T07:08:30","guid":{"rendered":"https:\/\/fmed.eu\/product\/bcaa-razvejane-aminokisline-now-sports-120-veg-kapsul\/"},"modified":"2025-04-22T13:04:49","modified_gmt":"2025-04-22T11:04:49","slug":"bcaa-razvejane-aminokisline-now-sports-120-veg-kapsul","status":"publish","type":"product","link":"https:\/\/fmed.eu\/hr\/proizvod\/bcaa-razvejane-aminokisline-now-sports-120-veg-kapsul\/","title":{"rendered":"BCAA- razvejane aminokisline, NOW sports, 120 veg.kapsul"},"content":{"rendered":"<p>BCAA aminokisline, Now Foods Sports, 120 kapsul<\/p>\n<p>BCAA so sestavljene iz treh klju\u010dnih aminokislin: levcin, izolevcin in valin. Te aminokisline so esencialne, kar pomeni, da jih telo ne more proizvajati samo in jih je treba dobiti s hrano ali prehranskimi dopolnili. Now Sports je ena izmed blagovnih znamk, ki ponuja BCAA dodatke.<\/p>\n<p>Tukaj je nekaj pomembnih zna\u010dilnosti Now Sports BCAA:<\/p>\n<p>Podpora mi\u0161i\u010dni rasti in okrevanju: BCAA so klju\u010dne aminokisline za mi\u0161i\u010dno rast in okrevanje po vadbi. Pomagajo zmanj\u0161ati mi\u0161i\u010dno razgradnjo med vadbo in spodbujajo sintezo beljakovin, kar lahko pripomore k pove\u010danju mi\u0161i\u010dne mase.<\/p>\n<p>Zmanj\u0161anje utrujenosti: BCAA lahko pomagajo zmanj\u0161ati ob\u010dutek utrujenosti med vadbo tako, da zavirajo nastajanje triptofana, ki se v mo\u017eganih pretvori v serotonin in povzro\u010di ob\u010dutek utrujenosti.<\/p>\n<p>Podpora vzdr\u017eevanju zdravih ravni du\u0161ikovega oksida: Du\u0161ikov oksid je pomemben za prekrvavitev in pove\u010danje dotoka kisika v mi\u0161ice med vadbo.<\/p>\n<p>Hitra absorpcija: Now Sports BCAA se pogosto ponuja v obliki pra\u0161ka, ki se hitro absorbira, kar omogo\u010da hitro delovanje aminokislin v telesu.<\/p>\n<p>Razvejana veriga aminokislin: Now Sports BCAA vsebuje ravno razvejane verige aminokislin, kar pomeni, da so vklju\u010deni levcin, izolevcin in valin v razmerju, ki je ugodno za spodbujanje mi\u0161i\u010dne rasti in vzdr\u017eevanje mi\u0161i\u010dne mase.<\/p>\n<p>Pri uporabi prehranskih dopolnil, vklju\u010dno z BCAA, je pomembno upo\u0161tevati priporo\u010dene odmerke, ki so navedeni na embala\u017ei ali priporo\u010deni s strani va\u0161ega zdravnika ali trenerja. BCAA se pogosto uporabljajo pred, med ali po vadbi, vendar se lahko uporabljajo tudi v druge namene, odvisno od va\u0161ih ciljev in potreb. Pred uporabo dodatkov se vedno posvetujte s strokovnjakom za prehrano ali zdravnikom, da ugotovite, ali so primerni za vas.<\/p>\n","protected":false},"excerpt":{"rendered":"<p>Now Sports BCAA (Branched-Chain Amino Acids) je prehransko dopolnilo, ki vsebuje esencialne aminokisline z razvejano verigo.<\/p>\n","protected":false},"featured_media":61013,"comment_status":"open","ping_status":"closed","template":"","meta":[],"etheme_brands":[{"term_id":4646,"name":"Now Foods","slug":"now-foods","term_group":0,"term_taxonomy_id":4646,"taxonomy":"brand","description":"Now Foods je dru\u017einsko podjetje, ki je nastalo leta 1968. V podjetju prisegajo na naravne in organske proizvode, kar je uslu\u017ebencem in znamki sami prineslo \u0161tevilne nagrade in priznanja. Osrednji moto podjetja je proizvajati visokokakovostne izdelke, ki so strankam cenovno dostopni.","parent":0,"count":33,"filter":"raw"}],"product_brand":[],"product_cat":[3722,3732,3733,3875,5384,3716,5385,3885,3740,3725,3755,3726],"product_tag":[5663,5595,5436,5710],"class_list":{"0":"post-61012","1":"product","2":"type-product","3":"status-publish","4":"has-post-thumbnail","6":"brand-now-foods","7":"product_cat-antioksidanti","8":"product_cat-energija-in-motivacija","9":"product_cat-imunski-sistem","10":"product_cat-novo-v-ponudbi","11":"product_cat-obvladovanje-stresa","12":"product_cat-prebava-zelodec-crevesje","13":"product_cat-sportna-prehrana-regeneracija","14":"product_cat-stres","15":"product_cat-uravnavanje-krvnega-sladkorja","16":"product_cat-vitamini-in-minerali","17":"product_cat-vnetja-avtoimune-bolezni","18":"product_cat-vnetja-kosti-in-sklepi","19":"product_tag-aminokisline","20":"product_tag-misice","21":"product_tag-prebava","22":"product_tag-sport","24":"first","25":"outofstock","26":"taxable","27":"shipping-taxable","28":"purchasable","29":"product-type-simple"},"_links":{"self":[{"href":"https:\/\/fmed.eu\/hr\/wp-json\/wp\/v2\/product\/61012","targetHints":{"allow":["GET"]}}],"collection":[{"href":"https:\/\/fmed.eu\/hr\/wp-json\/wp\/v2\/product"}],"about":[{"href":"https:\/\/fmed.eu\/hr\/wp-json\/wp\/v2\/types\/product"}],"replies":[{"embeddable":true,"href":"https:\/\/fmed.eu\/hr\/wp-json\/wp\/v2\/comments?post=61012"}],"version-history":[{"count":1,"href":"https:\/\/fmed.eu\/hr\/wp-json\/wp\/v2\/product\/61012\/revisions"}],"predecessor-version":[{"id":69225,"href":"https:\/\/fmed.eu\/hr\/wp-json\/wp\/v2\/product\/61012\/revisions\/69225"}],"wp:featuredmedia":[{"embeddable":true,"href":"https:\/\/fmed.eu\/hr\/wp-json\/wp\/v2\/media\/61013"}],"wp:attachment":[{"href":"https:\/\/fmed.eu\/hr\/wp-json\/wp\/v2\/media?parent=61012"}],"wp:term":[{"taxonomy":"brand","embeddable":true,"href":"https:\/\/fmed.eu\/hr\/wp-json\/wp\/v2\/etheme_brands?post=61012"},{"taxonomy":"product_brand","embeddable":true,"href":"https:\/\/fmed.eu\/hr\/wp-json\/wp\/v2\/product_brand?post=61012"},{"taxonomy":"product_cat","embeddable":true,"href":"https:\/\/fmed.eu\/hr\/wp-json\/wp\/v2\/product_cat?post=61012"},{"taxonomy":"product_tag","embeddable":true,"href":"https:\/\/fmed.eu\/hr\/wp-json\/wp\/v2\/product_tag?post=61012"}],"curies":[{"name":"wp","href":"https:\/\/api.w.org\/{rel}","templated":true}]}}