{"id":61022,"date":"2023-09-13T06:59:55","date_gmt":"2023-09-13T06:59:55","guid":{"rendered":"https:\/\/fmed.eu\/product\/testosteron-elite-life-extension-30-veg-kapsul\/"},"modified":"2025-04-22T13:04:49","modified_gmt":"2025-04-22T11:04:49","slug":"testosteron-elite-life-extension-30-veg-kapsul","status":"publish","type":"product","link":"https:\/\/fmed.eu\/hr\/proizvod\/testosteron-elite-life-extension-30-veg-kapsul\/","title":{"rendered":"Testosteron Elite, Life Extension, 30 veg.kapsul"},"content":{"rendered":"<p>Testosteron Elite, Life Extension, 30 veg. kapsul<\/p>\n<p>I\u0161\u010dete ohranjanje zdravih ravni testosterona? Testosterone Elite zdru\u017euje izvle\u010dke granatnega jabolka in kakava s luteolinom za podporo proizvodnji testosterona in spodbujanje mladostnih ravni prostega testosterona.<\/p>\n<p>Testosteron je bistveni hormon, ki ga telo uporablja za vzdr\u017eevanje spolne \u017eelje, kostne mase, mi\u0161i\u010dne mase in mo\u010di ter ve\u010d. Toda dejavniki, kot so slaba prehrana, starost in stres, povzro\u010dajo, da telo proizvaja vedno manj tega pomembnega hormona. Rezultat? Manj testosterona, kot ga va\u0161e telo potrebuje. Testosterone Elite zdru\u017euje hranila, ki skupaj podpirajo mladostno proizvodnjo testosterona in zdrave ravni hormonov.<\/p>\n<p>Mo\u0161ki potrebujejo testosteron za rast mi\u0161ic in ohranjanje spolnega zdravja, vendar se ravni s\u010dasoma zmanj\u0161ujejo. Testosterone Elite vsebuje lastno me\u0161anico izvle\u010dkov granatnega jabolka in kakava s luteolinom. Te hranilne snovi dopolnjujejo delovanje druga druge, podpirajo proizvodnjo testosterona in spodbujajo mladostne ravni prostega in skupnega testosterona.<\/p>\n<p>Testosterone Elite spodbuja proizvodnjo testosterona in mladostne ravni prostega testosterona.<\/p>\n<p>Vsi smo \u017ee sli\u0161ali za mo\u0161ki hormon testosteron, toda ali ste vedeli, da podpira mo\u0161ko razpolo\u017eenje, te\u017eo, mi\u0161ice in celo njegovo spolno zdravje? Na \u017ealost, ko nekateri od nas postajamo starej\u0161i, proizvajamo vedno manj testosterona. \u010ce \u017eelite prehiteti igro, je \u010das, da za\u010dnete podpirati svojo mladostno raven testosterona s Testosterone Elite iz Life Extension. Na\u0161i strokovnjaki so to formulo za zdravje mo\u0161kih zapakirali z mo\u010dnimi, klini\u010dno raziskanimi sestavinami, ki vam pomagajo vzdr\u017eevati optimalno raven testosterona. Je brez glutena, brez gensko spremenjenih organizmov in najbolj\u0161e od vsega je, da ga morate vzeti le enkrat na dan. Zakaj bi dovolili, da bi vam raven testosterona onemogo\u010dala, da bi se po\u010dutili najbolje? Namesto tega spodbudite svoje zdrave ravni s Testosterone Elite iz Life Extension.<\/p>\n","protected":false},"excerpt":{"rendered":"<p>Life Extension Testosterone Elite zdru\u017euje izvle\u010dke granatnega jabolka in kakava s luteolinom za podporo proizvodnji testosterona in spodbujanje mladostnih ravni prostega testosterona.<\/p>\n","protected":false},"featured_media":61023,"comment_status":"open","ping_status":"closed","template":"","meta":[],"etheme_brands":[{"term_id":4696,"name":"LifeExtension","slug":"lifeextension","term_group":0,"term_taxonomy_id":4696,"taxonomy":"brand","description":"LifeExtenstion je podjetje, ki polaga posebno pozornost na kvaliteto. Osredoto\u010deni so na dva posebna podro\u010dja:\r\n\r\nSurovine: Za razliko od drugih proizvajalcev, sestavine, ki gredo v njihove izdelke, niso izbrane na podlagi stro\u0161kov. Namesto tega so izbrane na podlagi \u010distosti, u\u010dinkovitosti in dokazov iz znanstvenih raziskav.\r\n\r\nPotrjevanje u\u010dinkovitosti u\u010dinkovin z znanstvenimi raziskavami: Uporabljajo sestavine in odmerke, ki natan\u010dno posnemajo najuspe\u0161nej\u0161e rezultate, pridobljene v znanstvenih \u0161tudijah, za najve\u010djo u\u010dinkovitost.","parent":0,"count":12,"filter":"raw"}],"product_brand":[],"product_cat":[3722,3732,3875,5384,5385,3739,3740,3725,3726],"product_tag":[5565,5595,5473],"class_list":{"0":"post-61022","1":"product","2":"type-product","3":"status-publish","4":"has-post-thumbnail","6":"brand-lifeextension","7":"product_cat-antioksidanti","8":"product_cat-energija-in-motivacija","9":"product_cat-novo-v-ponudbi","10":"product_cat-obvladovanje-stresa","11":"product_cat-sportna-prehrana-regeneracija","12":"product_cat-uravnavanje-hormonov","13":"product_cat-uravnavanje-krvnega-sladkorja","14":"product_cat-vitamini-in-minerali","15":"product_cat-vnetja-kosti-in-sklepi","16":"product_tag-hormoni","17":"product_tag-misice","18":"product_tag-spolnost","20":"first","21":"outofstock","22":"taxable","23":"shipping-taxable","24":"purchasable","25":"product-type-simple"},"_links":{"self":[{"href":"https:\/\/fmed.eu\/hr\/wp-json\/wp\/v2\/product\/61022","targetHints":{"allow":["GET"]}}],"collection":[{"href":"https:\/\/fmed.eu\/hr\/wp-json\/wp\/v2\/product"}],"about":[{"href":"https:\/\/fmed.eu\/hr\/wp-json\/wp\/v2\/types\/product"}],"replies":[{"embeddable":true,"href":"https:\/\/fmed.eu\/hr\/wp-json\/wp\/v2\/comments?post=61022"}],"version-history":[{"count":1,"href":"https:\/\/fmed.eu\/hr\/wp-json\/wp\/v2\/product\/61022\/revisions"}],"predecessor-version":[{"id":69224,"href":"https:\/\/fmed.eu\/hr\/wp-json\/wp\/v2\/product\/61022\/revisions\/69224"}],"wp:featuredmedia":[{"embeddable":true,"href":"https:\/\/fmed.eu\/hr\/wp-json\/wp\/v2\/media\/61023"}],"wp:attachment":[{"href":"https:\/\/fmed.eu\/hr\/wp-json\/wp\/v2\/media?parent=61022"}],"wp:term":[{"taxonomy":"brand","embeddable":true,"href":"https:\/\/fmed.eu\/hr\/wp-json\/wp\/v2\/etheme_brands?post=61022"},{"taxonomy":"product_brand","embeddable":true,"href":"https:\/\/fmed.eu\/hr\/wp-json\/wp\/v2\/product_brand?post=61022"},{"taxonomy":"product_cat","embeddable":true,"href":"https:\/\/fmed.eu\/hr\/wp-json\/wp\/v2\/product_cat?post=61022"},{"taxonomy":"product_tag","embeddable":true,"href":"https:\/\/fmed.eu\/hr\/wp-json\/wp\/v2\/product_tag?post=61022"}],"curies":[{"name":"wp","href":"https:\/\/api.w.org\/{rel}","templated":true}]}}